{"id":30924,"date":"2024-01-17T18:32:35","date_gmt":"2024-01-17T17:32:35","guid":{"rendered":"https:\/\/rechtsanwalt.fr\/?page_id=30924"},"modified":"2026-03-20T17:19:13","modified_gmt":"2026-03-20T16:19:13","slug":"joan-kinder","status":"publish","type":"page","link":"https:\/\/rechtsanwalt.fr\/en\/team\/joan-kinder\/","title":{"rendered":"Joan Kinder"},"content":{"rendered":"\n<style type=\"text\/css\" data-created_by=\"avia_inline_auto\" id=\"style-css-av-ml9h7-a459d636ed0638733f9fd9daf11c82f3\">\n.avia-section.av-ml9h7-a459d636ed0638733f9fd9daf11c82f3{\nbackground-color:#eef0f3;\nbackground-image:unset;\n}\n<\/style>\n<div id='personpage'  class='avia-section av-ml9h7-a459d636ed0638733f9fd9daf11c82f3 main_color avia-section-default avia-no-border-styling  avia-builder-el-0  el_before_av_section  avia-builder-el-first  avia-bg-style-scroll container_wrap sidebar_left'  ><div class='container av-section-cont-open' ><main  role=\"main\" itemprop=\"mainContentOfPage\"  class='template-page content  av-content-small units'><div class='post-entry post-entry-type-page post-entry-30924'><div class='entry-content-wrapper clearfix'>\n<div class='flex_column_table av-2jljf-7f98750b68705b1d15fd03cc3221a276 sc-av_one_full av-break-at-tablet-flextable av-equal-height-column-flextable'>\n<style type=\"text\/css\" data-created_by=\"avia_inline_auto\" id=\"style-css-av-2jljf-7f98750b68705b1d15fd03cc3221a276\">\n.flex_column.av-2jljf-7f98750b68705b1d15fd03cc3221a276{\nborder-radius:0px 0px 0px 0px;\npadding:0px 0px 0px 0px;\n}\n<\/style>\n<div  class='flex_column av-2jljf-7f98750b68705b1d15fd03cc3221a276 av_one_full  avia-builder-el-1  el_before_av_one_fourth  avia-builder-el-first  first av-break-at-tablet flex_column_table_cell av-equal-height-column av-align-top av-animated-generic fade-in av-zero-column-padding  '     ><p>\n<style type=\"text\/css\" data-created_by=\"avia_inline_auto\" id=\"style-css-av-k74yodf3-2e5fd6688a18964e0c9634e4ed7fd8aa\">\n#top .hr.hr-invisible.av-k74yodf3-2e5fd6688a18964e0c9634e4ed7fd8aa{\nheight:10px;\n}\n<\/style>\n<div  class='hr av-k74yodf3-2e5fd6688a18964e0c9634e4ed7fd8aa hr-invisible  avia-builder-el-2  el_before_av_image  avia-builder-el-first  av-desktop-hide'><span class='hr-inner '><span class=\"hr-inner-style\"><\/span><\/span><\/div><br \/>\n\n<style type=\"text\/css\" data-created_by=\"avia_inline_auto\" id=\"style-css-av-k7exqptx-6cb43fd97b1e35dc6ed41cfb9071ecca\">\n.avia-image-container.av-k7exqptx-6cb43fd97b1e35dc6ed41cfb9071ecca img.avia_image{\nbox-shadow:none;\n}\n.avia-image-container.av-k7exqptx-6cb43fd97b1e35dc6ed41cfb9071ecca .av-image-caption-overlay-center{\ncolor:#ffffff;\n}\n<\/style>\n<div  class='avia-image-container av-k7exqptx-6cb43fd97b1e35dc6ed41cfb9071ecca av-styling- avia-align-center  avia-builder-el-3  el_after_av_hr  avia-builder-el-last  av-desktop-hide'   itemprop=\"image\" itemscope=\"itemscope\" itemtype=\"https:\/\/schema.org\/ImageObject\" ><div class=\"avia-image-container-inner\"><div class=\"avia-image-overlay-wrap\"><img decoding=\"async\" fetchpriority=\"high\" class='wp-image-30927 avia-img-lazy-loading-not-30927 avia_image ' src=\"https:\/\/rechtsanwalt.fr\/wp-content\/uploads\/2024\/01\/joan_kinder_epp_mobile.jpg\" alt='Joan Kinder Jurist in France and Germany, EPP Rechtsanw\u00e4lte Avocats' title='Joan Kinder Jurist in France and Germany, EPP Rechtsanw\u00e4lte Avocats'  height=\"758\" width=\"1100\"  itemprop=\"thumbnailUrl\" srcset=\"https:\/\/rechtsanwalt.fr\/wp-content\/uploads\/2024\/01\/joan_kinder_epp_mobile.jpg 1100w, https:\/\/rechtsanwalt.fr\/wp-content\/uploads\/2024\/01\/joan_kinder_epp_mobile-300x207.jpg 300w, https:\/\/rechtsanwalt.fr\/wp-content\/uploads\/2024\/01\/joan_kinder_epp_mobile-1030x710.jpg 1030w, https:\/\/rechtsanwalt.fr\/wp-content\/uploads\/2024\/01\/joan_kinder_epp_mobile-768x529.jpg 768w, https:\/\/rechtsanwalt.fr\/wp-content\/uploads\/2024\/01\/joan_kinder_epp_mobile-705x486.jpg 705w\" sizes=\"(max-width: 1100px) 100vw, 1100px\" \/><\/div><\/div><\/div><\/p><\/div><\/div><!--close column table wrapper. Autoclose: 1 -->\n<style type=\"text\/css\" data-created_by=\"avia_inline_auto\" id=\"style-css-av-9wkhy-3965bbf8fa8cd0b1e9c54eff8bb3cfe6\">\n#top .flex_column.av-9wkhy-3965bbf8fa8cd0b1e9c54eff8bb3cfe6{\nmargin-top:0px;\nmargin-bottom:0px;\n}\n.flex_column.av-9wkhy-3965bbf8fa8cd0b1e9c54eff8bb3cfe6{\nborder-radius:8px 8px 8px 8px;\npadding:30px 0px 10px 0px;\n}\n.responsive #top #wrap_all .flex_column.av-9wkhy-3965bbf8fa8cd0b1e9c54eff8bb3cfe6{\nmargin-top:0px;\nmargin-bottom:0px;\n}\n<\/style>\n<div  class='flex_column av-9wkhy-3965bbf8fa8cd0b1e9c54eff8bb3cfe6 av_one_fourth  avia-builder-el-4  el_after_av_one_full  el_before_av_three_fourth  first no_margin flex_column_div  column-top-margin'     ><br \/>\n<section  class='av_textblock_section av-k74yk2wx-688855b2618b63185a9e48c92e5151da '   itemscope=\"itemscope\" itemtype=\"https:\/\/schema.org\/CreativeWork\" ><div class='avia_textblock'  itemprop=\"text\" ><div class=\"personpage_sub-text\" style=\"text-align: left;\">\n<p>Master 2 in European and International Business Law - University of Strasbourg<\/p>\n<p>Languages: French (native language),<br \/>\nGerman, English<\/p>\n<\/div>\n<\/div><\/section><br \/>\n<section  class='av_textblock_section av-k74yk2wx-18-e9ae98573ffad81204c3da2ac78df8a7 '   itemscope=\"itemscope\" itemtype=\"https:\/\/schema.org\/CreativeWork\" ><div class='avia_textblock'  itemprop=\"text\" ><p><a id=\"sidebarlink\" href=\"mailto:kinder@rechtsanwalt.fr\">kinder@rechtsanwalt.fr<\/a><\/p>\n<\/div><\/section><br \/>\n<section  class='av_textblock_section av-k74yk2wx-17-3dff819e84f07726c6cc2b42920dd37f '   itemscope=\"itemscope\" itemtype=\"https:\/\/schema.org\/CreativeWork\" ><div class='avia_textblock'  itemprop=\"text\" ><p><a id=\"sidebarlink\" href=\"tel:0033153938290\">+33 (0) 1 53 93 82 90<\/a><\/p>\n<\/div><\/section><br \/>\n\n<style type=\"text\/css\" data-created_by=\"avia_inline_auto\" id=\"style-css-av-k74yodf3-21-f03eb589db01ad350ff3b8ce07380fdc\">\n#top .hr.hr-invisible.av-k74yodf3-21-f03eb589db01ad350ff3b8ce07380fdc{\nheight:10px;\n}\n<\/style>\n<div  class='hr av-k74yodf3-21-f03eb589db01ad350ff3b8ce07380fdc hr-invisible  avia-builder-el-9  el_after_av_textblock  el_before_av_textblock '><span class='hr-inner '><span class=\"hr-inner-style\"><\/span><\/span><\/div><br \/>\n<section  class='av_textblock_section av-k74yk2wx-16-9709f3e3b5e0e8ee2edcc6dd1f992422 '   itemscope=\"itemscope\" itemtype=\"https:\/\/schema.org\/CreativeWork\" ><div class='avia_textblock'  itemprop=\"text\" ><div id=\"person_leistungen_sidebar-top-title\">Offices<\/div>\n<div id=\"person_leistungen_sidebar-top\">\n<div class=\"leistungen_sidebar_svg\"><a href=\"https:\/\/rechtsanwalt.fr\/en\/offices\/paris\/\"><img decoding=\"async\" src=\"https:\/\/rechtsanwalt.fr\/wp-content\/uploads\/2020\/06\/kachel_paris_epp.jpg\" alt=\"\" \/><\/a><\/div>\n<\/div>\n<\/div><\/section><\/p><\/div>\n<style type=\"text\/css\" data-created_by=\"avia_inline_auto\" id=\"style-css-av-2jljf-22-9459e96c0665d5499daf73da06269d55\">\n#top .flex_column.av-2jljf-22-9459e96c0665d5499daf73da06269d55{\nmargin-top:0px;\nmargin-bottom:0px;\n}\n.flex_column.av-2jljf-22-9459e96c0665d5499daf73da06269d55{\nborder-radius:0px 0px 0px 0px;\npadding:0px 0px 0px 0px;\n}\n.responsive #top #wrap_all .flex_column.av-2jljf-22-9459e96c0665d5499daf73da06269d55{\nmargin-top:0px;\nmargin-bottom:0px;\n}\n<\/style>\n<div  class='flex_column av-2jljf-22-9459e96c0665d5499daf73da06269d55 av_three_fourth  avia-builder-el-11  el_after_av_one_fourth  el_before_av_hr  no_margin flex_column_div av-animated-generic fade-in av-zero-column-padding  column-top-margin'     ><p>\n<style type=\"text\/css\" data-created_by=\"avia_inline_auto\" id=\"style-css-av-k74yodf3-15-64c216518ca295c0ef9dd4dc7387ccb0\">\n#top .hr.hr-invisible.av-k74yodf3-15-64c216518ca295c0ef9dd4dc7387ccb0{\nheight:25px;\n}\n<\/style>\n<div  class='hr av-k74yodf3-15-64c216518ca295c0ef9dd4dc7387ccb0 hr-invisible  avia-builder-el-12  el_before_av_image  avia-builder-el-first  av-medium-hide av-small-hide av-mini-hide'><span class='hr-inner '><span class=\"hr-inner-style\"><\/span><\/span><\/div><br \/>\n\n<style type=\"text\/css\" data-created_by=\"avia_inline_auto\" id=\"style-css-av-k7exqptx-20-eb4deefb1d66ab53e51a5fa08d8d141f\">\n.avia-image-container.av-k7exqptx-20-eb4deefb1d66ab53e51a5fa08d8d141f img.avia_image{\nbox-shadow:none;\n}\n.avia-image-container.av-k7exqptx-20-eb4deefb1d66ab53e51a5fa08d8d141f .av-image-caption-overlay-center{\ncolor:#ffffff;\n}\n<\/style>\n<div  class='avia-image-container av-k7exqptx-20-eb4deefb1d66ab53e51a5fa08d8d141f av-styling- avia-align-center  avia-builder-el-13  el_after_av_hr  avia-builder-el-last  av-medium-hide av-small-hide av-mini-hide'   itemprop=\"image\" itemscope=\"itemscope\" itemtype=\"https:\/\/schema.org\/ImageObject\" ><div class=\"avia-image-container-inner\"><div class=\"avia-image-overlay-wrap\"><img decoding=\"async\" fetchpriority=\"high\" class='wp-image-30930 avia-img-lazy-loading-not-30930 avia_image ' src=\"https:\/\/rechtsanwalt.fr\/wp-content\/uploads\/2024\/01\/joan_kinder_epp.jpg\" alt='Joan Kinder Jurist in France and Germany, EPP Rechtsanw\u00e4lte Avocats' title='Joan Kinder Jurist in France and Germany, EPP Rechtsanw\u00e4lte Avocats'  height=\"758\" width=\"1400\"  itemprop=\"thumbnailUrl\" srcset=\"https:\/\/rechtsanwalt.fr\/wp-content\/uploads\/2024\/01\/joan_kinder_epp.jpg 1400w, https:\/\/rechtsanwalt.fr\/wp-content\/uploads\/2024\/01\/joan_kinder_epp-300x162.jpg 300w, https:\/\/rechtsanwalt.fr\/wp-content\/uploads\/2024\/01\/joan_kinder_epp-1030x558.jpg 1030w, https:\/\/rechtsanwalt.fr\/wp-content\/uploads\/2024\/01\/joan_kinder_epp-768x416.jpg 768w, https:\/\/rechtsanwalt.fr\/wp-content\/uploads\/2024\/01\/joan_kinder_epp-705x382.jpg 705w\" sizes=\"(max-width: 1400px) 100vw, 1400px\" \/><\/div><\/div><\/div><\/p><\/div>\n<style type=\"text\/css\" data-created_by=\"avia_inline_auto\" id=\"style-css-av-k74yodf3-12-8ee9f0c3d1627d63a1ef6d12dc1d7311\">\n#top .hr.hr-invisible.av-k74yodf3-12-8ee9f0c3d1627d63a1ef6d12dc1d7311{\nheight:40px;\n}\n<\/style>\n<div  class='hr av-k74yodf3-12-8ee9f0c3d1627d63a1ef6d12dc1d7311 hr-invisible  avia-builder-el-14  el_after_av_three_fourth  el_before_av_hr  av-medium-hide av-small-hide av-mini-hide'><span class='hr-inner '><span class=\"hr-inner-style\"><\/span><\/span><\/div>\n\n<style type=\"text\/css\" data-created_by=\"avia_inline_auto\" id=\"style-css-av-k74yodf3-11-b3db601568ab3d37688fe0cacf4d78bc\">\n#top .hr.hr-invisible.av-k74yodf3-11-b3db601568ab3d37688fe0cacf4d78bc{\nheight:20px;\n}\n<\/style>\n<div  class='hr av-k74yodf3-11-b3db601568ab3d37688fe0cacf4d78bc hr-invisible  avia-builder-el-15  el_after_av_hr  avia-builder-el-last  av-desktop-hide'><span class='hr-inner '><span class=\"hr-inner-style\"><\/span><\/span><\/div>\n<\/div><\/div><\/main><!-- close content main element --><\/div><\/div><div id='av_section_2'  class='avia-section av-k7f0653e-f753c13c55d001ff6ae5572c98fae70d main_color avia-section-default avia-no-border-styling  avia-builder-el-16  el_after_av_section  el_before_av_codeblock  avia-bg-style-scroll container_wrap sidebar_left'  ><div class='container av-section-cont-open' ><div class='template-page content  av-content-small units'><div class='post-entry post-entry-type-page post-entry-30924'><div class='entry-content-wrapper clearfix'>\n\n<style type=\"text\/css\" data-created_by=\"avia_inline_auto\" id=\"style-css-av-9wkhy-19-24fbabb7f8d1865e0533e38b2619a386\">\n#top .flex_column.av-9wkhy-19-24fbabb7f8d1865e0533e38b2619a386{\nmargin-top:0px;\nmargin-bottom:0px;\n}\n.flex_column.av-9wkhy-19-24fbabb7f8d1865e0533e38b2619a386{\nborder-radius:8px 8px 8px 8px;\npadding:0px 0px 10px 0px;\n}\n.responsive #top #wrap_all .flex_column.av-9wkhy-19-24fbabb7f8d1865e0533e38b2619a386{\nmargin-top:0px;\nmargin-bottom:0px;\n}\n<\/style>\n<div  class='flex_column av-9wkhy-19-24fbabb7f8d1865e0533e38b2619a386 av_one_fourth  avia-builder-el-17  el_before_av_three_fourth  avia-builder-el-first  first no_margin flex_column_div  '     ><section  class='av_textblock_section av-k74yk2wx-14-57f907553578aaf97a18459c239d459c '   itemscope=\"itemscope\" itemtype=\"https:\/\/schema.org\/CreativeWork\" ><div class='avia_textblock'  itemprop=\"text\" ><div id=\"person_leistungen_sidebar-bottom-title\">Offices<\/div>\n<div id=\"person_leistungen_sidebar-bottom\">\n<div class=\"leistungen_sidebar_svg\"><a href=\"https:\/\/rechtsanwalt.fr\/en\/offices\/paris\/\"><img decoding=\"async\" src=\"https:\/\/rechtsanwalt.fr\/wp-content\/uploads\/2020\/06\/kachel_paris_epp.jpg\" alt=\"\" \/><\/a><\/div>\n<\/div>\n<\/div><\/section><br \/>\n\n<style type=\"text\/css\" data-created_by=\"avia_inline_auto\" id=\"style-css-av-k69kke7t-4cdd9ecfc49b68852dc1bfc73bdeebea\">\n#top .hr.hr-invisible.av-k69kke7t-4cdd9ecfc49b68852dc1bfc73bdeebea{\nheight:20px;\n}\n<\/style>\n<div  class='hr av-k69kke7t-4cdd9ecfc49b68852dc1bfc73bdeebea hr-invisible  avia-builder-el-19  el_after_av_textblock  el_before_av_heading '><span class='hr-inner '><span class=\"hr-inner-style\"><\/span><\/span><\/div><br \/>\n\n<style type=\"text\/css\" data-created_by=\"avia_inline_auto\" id=\"style-css-av-26vrg3g-83d58644fd26d2cc02ccff38dc9a083e\">\n#top .av-special-heading.av-26vrg3g-83d58644fd26d2cc02ccff38dc9a083e{\nmargin:0 0 0 0;\npadding-bottom:0;\ncolor:#79808b;\nfont-size:24px;\n}\nbody .av-special-heading.av-26vrg3g-83d58644fd26d2cc02ccff38dc9a083e .av-special-heading-tag .heading-char{\nfont-size:25px;\n}\n#top #wrap_all .av-special-heading.av-26vrg3g-83d58644fd26d2cc02ccff38dc9a083e .av-special-heading-tag{\nfont-size:24px;\n}\n.av-special-heading.av-26vrg3g-83d58644fd26d2cc02ccff38dc9a083e .special-heading-inner-border{\nborder-color:#79808b;\n}\n.av-special-heading.av-26vrg3g-83d58644fd26d2cc02ccff38dc9a083e .av-subheading{\nfont-size:30px;\n}\n\n@media only screen and (min-width: 480px) and (max-width: 767px){ \n#top #wrap_all .av-special-heading.av-26vrg3g-83d58644fd26d2cc02ccff38dc9a083e .av-special-heading-tag{\nfont-size:0.8em;\n}\n}\n\n@media only screen and (max-width: 479px){ \n#top #wrap_all .av-special-heading.av-26vrg3g-83d58644fd26d2cc02ccff38dc9a083e .av-special-heading-tag{\nfont-size:0.8em;\n}\n}\n<\/style>\n<div  class='av-special-heading av-26vrg3g-83d58644fd26d2cc02ccff38dc9a083e av-special-heading-h2 custom-color-heading blockquote modern-quote  avia-builder-el-20  el_after_av_hr  el_before_av_hr  av-inherit-size av-linked-heading'><h2 class='av-special-heading-tag '  itemprop=\"headline\"  >Expertise inFrench Law<\/h2><div class=\"special-heading-border\"><div class=\"special-heading-inner-border\"><\/div><\/div><\/div><br \/>\n\n<style type=\"text\/css\" data-created_by=\"avia_inline_auto\" id=\"style-css-av-k69kke7t-10-7d317513ee08ddf0a2fee72700db9c5e\">\n#top .hr.hr-invisible.av-k69kke7t-10-7d317513ee08ddf0a2fee72700db9c5e{\nheight:20px;\n}\n<\/style>\n<div  class='hr av-k69kke7t-10-7d317513ee08ddf0a2fee72700db9c5e hr-invisible  avia-builder-el-21  el_after_av_heading  el_before_av_textblock '><span class='hr-inner '><span class=\"hr-inner-style\"><\/span><\/span><\/div><br \/>\n\n<style type=\"text\/css\" data-created_by=\"avia_inline_auto\" id=\"style-css-av-jgfdunv8-f6341cec21f0d4b9a52f1d5bcacf7341\">\n#top .av_textblock_section.av-jgfdunv8-f6341cec21f0d4b9a52f1d5bcacf7341 .avia_textblock{\ncolor:#79808b;\n}\n<\/style>\n<section  class='av_textblock_section av-jgfdunv8-f6341cec21f0d4b9a52f1d5bcacf7341 '   itemscope=\"itemscope\" itemtype=\"https:\/\/schema.org\/CreativeWork\" ><div class='avia_textblock av_inherit_color'  itemprop=\"text\" ><div id=\"person_leistungen_sidebar\">\n<div class=\"leistungen_sidebar_svg\"><a href=\"https:\/\/rechtsanwalt.fr\/en\/expertise\/corporate-law-in-france\/\"><img decoding=\"async\" src=\"https:\/\/rechtsanwalt.fr\/wp-content\/uploads\/2020\/10\/kachel_rechtsgebiete_b01.svg\" alt=\"Icon Gesellschaftsrecht\" \/><\/a><\/div>\n<div class=\"leistungen_sidebar_svg\"><a href=\"https:\/\/rechtsanwalt.fr\/en\/expertise\/m-and-a-corporate-acquisitions-and-joint-ventures-in-france\/\"><img decoding=\"async\" src=\"https:\/\/rechtsanwalt.fr\/wp-content\/uploads\/2020\/10\/kachel_rechtsgebiete_b05.svg\" alt=\"Icon M&amp;A Unternehmenskauf Joint-Venture\" \/><\/a><\/div>\n<\/div>\n<\/div><\/section><br \/>\n\n<style type=\"text\/css\" data-created_by=\"avia_inline_auto\" id=\"style-css-av-k69kke7t-9-eeaa84e74b67f44ab36189f8c559c1fa\">\n#top .hr.hr-invisible.av-k69kke7t-9-eeaa84e74b67f44ab36189f8c559c1fa{\nheight:40px;\n}\n<\/style>\n<div  class='hr av-k69kke7t-9-eeaa84e74b67f44ab36189f8c559c1fa hr-invisible  avia-builder-el-23  el_after_av_textblock  avia-builder-el-last '><span class='hr-inner '><span class=\"hr-inner-style\"><\/span><\/span><\/div><\/p><\/div>\n<style type=\"text\/css\" data-created_by=\"avia_inline_auto\" id=\"style-css-av-2jljf-13-aab1d083ee4e56d29849bd653a34b6e3\">\n#top .flex_column.av-2jljf-13-aab1d083ee4e56d29849bd653a34b6e3{\nmargin-top:0px;\nmargin-bottom:0px;\n}\n.flex_column.av-2jljf-13-aab1d083ee4e56d29849bd653a34b6e3{\nborder-radius:0px 0px 0px 0px;\npadding:0px 0px 0px 0px;\n}\n.responsive #top #wrap_all .flex_column.av-2jljf-13-aab1d083ee4e56d29849bd653a34b6e3{\nmargin-top:0px;\nmargin-bottom:0px;\n}\n<\/style>\n<div  class='flex_column av-2jljf-13-aab1d083ee4e56d29849bd653a34b6e3 av_three_fourth  avia-builder-el-24  el_after_av_one_fourth  avia-builder-el-last  maintext_person no_margin flex_column_div av-animated-generic fade-in av-zero-column-padding  '     ><p>\n<style type=\"text\/css\" data-created_by=\"avia_inline_auto\" id=\"style-css-av-k69kke7t-7-322804b599d6942357368d4ac579bd69\">\n#top .hr.hr-invisible.av-k69kke7t-7-322804b599d6942357368d4ac579bd69{\nheight:20px;\n}\n<\/style>\n<div  class='hr av-k69kke7t-7-322804b599d6942357368d4ac579bd69 hr-invisible  avia-builder-el-25  el_before_av_heading  avia-builder-el-first '><span class='hr-inner '><span class=\"hr-inner-style\"><\/span><\/span><\/div><br \/>\n\n<style type=\"text\/css\" data-created_by=\"avia_inline_auto\" id=\"style-css-av-11qttz0-26e4e83b0e88d5aaf9aca52010b33610\">\n#top .av-special-heading.av-11qttz0-26e4e83b0e88d5aaf9aca52010b33610{\nmargin:0 0 0 0;\npadding-bottom:0;\ncolor:#79808b;\nfont-size:24px;\n}\nbody .av-special-heading.av-11qttz0-26e4e83b0e88d5aaf9aca52010b33610 .av-special-heading-tag .heading-char{\nfont-size:25px;\n}\n#top #wrap_all .av-special-heading.av-11qttz0-26e4e83b0e88d5aaf9aca52010b33610 .av-special-heading-tag{\nfont-size:24px;\n}\n.av-special-heading.av-11qttz0-26e4e83b0e88d5aaf9aca52010b33610 .special-heading-inner-border{\nborder-color:#79808b;\n}\n.av-special-heading.av-11qttz0-26e4e83b0e88d5aaf9aca52010b33610 .av-subheading{\nfont-size:30px;\n}\n\n@media only screen and (min-width: 480px) and (max-width: 767px){ \n#top #wrap_all .av-special-heading.av-11qttz0-26e4e83b0e88d5aaf9aca52010b33610 .av-special-heading-tag{\nfont-size:0.8em;\n}\n}\n\n@media only screen and (max-width: 479px){ \n#top #wrap_all .av-special-heading.av-11qttz0-26e4e83b0e88d5aaf9aca52010b33610 .av-special-heading-tag{\nfont-size:0.8em;\n}\n}\n<\/style>\n<div  class='av-special-heading av-11qttz0-26e4e83b0e88d5aaf9aca52010b33610 av-special-heading-h2 custom-color-heading blockquote modern-quote  avia-builder-el-26  el_after_av_hr  el_before_av_hr  av-inherit-size av-linked-heading'><h2 class='av-special-heading-tag '  itemprop=\"headline\"  >Career<\/h2><div class=\"special-heading-border\"><div class=\"special-heading-inner-border\"><\/div><\/div><\/div><br \/>\n\n<style type=\"text\/css\" data-created_by=\"avia_inline_auto\" id=\"style-css-av-k69kke7t-6-f9027304ef7277482f5af7952b383752\">\n#top .hr.hr-invisible.av-k69kke7t-6-f9027304ef7277482f5af7952b383752{\nheight:10px;\n}\n<\/style>\n<div  class='hr av-k69kke7t-6-f9027304ef7277482f5af7952b383752 hr-invisible  avia-builder-el-27  el_after_av_heading  el_before_av_textblock '><span class='hr-inner '><span class=\"hr-inner-style\"><\/span><\/span><\/div><br \/>\n\n<style type=\"text\/css\" data-created_by=\"avia_inline_auto\" id=\"style-css-av-jgfdunv8-8-d377b495a7f43246713c5dcd415e6464\">\n#top .av_textblock_section.av-jgfdunv8-8-d377b495a7f43246713c5dcd415e6464 .avia_textblock{\ncolor:#79808b;\n}\n<\/style>\n<section  class='av_textblock_section av-jgfdunv8-8-d377b495a7f43246713c5dcd415e6464 '   itemscope=\"itemscope\" itemtype=\"https:\/\/schema.org\/CreativeWork\" ><div class='avia_textblock personen_liste av_inherit_color'  itemprop=\"text\" ><p><strong>University courses<\/strong><\/p>\n<ul>\n<li>2020-2022 Master 2 European and International Business Law - University of Strasbourg<\/li>\n<li>2017 - 2020 : General law degree:<\/li>\n<li>2017-2019: Preparatory class for the grandes \u00e9coles at the Lyc\u00e9e Ren\u00e9 CASSIN in Strasbourg<\/li>\n<li>2019 - 2020: Academic year at the Freie Universit\u00e4t BERLIN<\/li>\n<\/ul>\n<p><strong>Professional experience<\/strong><\/p>\n<ul>\n<li>April to September 2022: Legal trainee in the Companies &amp; Taxation legal department of the group LES GRANDS CHAIS DE FRANCE (Petersbach - 67)<\/li>\n<li>May and June 2021: Trainee lawyer in the tax law and employment law departments of the Strasbourg office of the law firm FIDAL (67)<\/li>\n<li>July and August 2019: Trilingual Cultural Mediator (FR-ALL-ANG) at the European Parliament<\/li>\n<li>June 2019: Parliamentary assistant - trainee to Patrick HETZEL MP (in charge of political and legal files concerning French-German relations)<\/li>\n<\/ul>\n<\/div><\/section><br \/>\n\n<style type=\"text\/css\" data-created_by=\"avia_inline_auto\" id=\"style-css-av-k69kke7t-5-e0ab3a8296c5b1c06191254a65dde31f\">\n#top .hr.hr-invisible.av-k69kke7t-5-e0ab3a8296c5b1c06191254a65dde31f{\nheight:25px;\n}\n<\/style>\n<div  class='hr av-k69kke7t-5-e0ab3a8296c5b1c06191254a65dde31f hr-invisible  avia-builder-el-29  el_after_av_textblock  el_before_av_heading '><span class='hr-inner '><span class=\"hr-inner-style\"><\/span><\/span><\/div><br \/>\n\n<style type=\"text\/css\" data-created_by=\"avia_inline_auto\" id=\"style-css-av-1yodj0-bab4f043349fa1c3f5a82eaea586565b\">\n#top .av-special-heading.av-1yodj0-bab4f043349fa1c3f5a82eaea586565b{\nmargin:0 0 0 0;\npadding-bottom:0;\ncolor:#79808b;\nfont-size:24px;\n}\nbody .av-special-heading.av-1yodj0-bab4f043349fa1c3f5a82eaea586565b .av-special-heading-tag .heading-char{\nfont-size:25px;\n}\n#top #wrap_all .av-special-heading.av-1yodj0-bab4f043349fa1c3f5a82eaea586565b .av-special-heading-tag{\nfont-size:24px;\n}\n.av-special-heading.av-1yodj0-bab4f043349fa1c3f5a82eaea586565b .special-heading-inner-border{\nborder-color:#79808b;\n}\n.av-special-heading.av-1yodj0-bab4f043349fa1c3f5a82eaea586565b .av-subheading{\nfont-size:30px;\n}\n\n@media only screen and (min-width: 480px) and (max-width: 767px){ \n#top #wrap_all .av-special-heading.av-1yodj0-bab4f043349fa1c3f5a82eaea586565b .av-special-heading-tag{\nfont-size:0.8em;\n}\n}\n\n@media only screen and (max-width: 479px){ \n#top #wrap_all .av-special-heading.av-1yodj0-bab4f043349fa1c3f5a82eaea586565b .av-special-heading-tag{\nfont-size:0.8em;\n}\n}\n<\/style>\n<div  class='av-special-heading av-1yodj0-bab4f043349fa1c3f5a82eaea586565b av-special-heading-h2 custom-color-heading blockquote modern-quote  avia-builder-el-30  el_after_av_hr  el_before_av_hr  av-inherit-size av-linked-heading'><h2 class='av-special-heading-tag '  itemprop=\"headline\"  >Activities<\/h2><div class=\"special-heading-border\"><div class=\"special-heading-inner-border\"><\/div><\/div><\/div><br \/>\n\n<style type=\"text\/css\" data-created_by=\"avia_inline_auto\" id=\"style-css-av-k69kke7t-3-15944ae23f1a1cf11363e070a05207fd\">\n#top .hr.hr-invisible.av-k69kke7t-3-15944ae23f1a1cf11363e070a05207fd{\nheight:10px;\n}\n<\/style>\n<div  class='hr av-k69kke7t-3-15944ae23f1a1cf11363e070a05207fd hr-invisible  avia-builder-el-31  el_after_av_heading  el_before_av_textblock '><span class='hr-inner '><span class=\"hr-inner-style\"><\/span><\/span><\/div><br \/>\n\n<style type=\"text\/css\" data-created_by=\"avia_inline_auto\" id=\"style-css-av-jgfdunv8-4-0da35991f68dc708b467c9c32446d863\">\n#top .av_textblock_section.av-jgfdunv8-4-0da35991f68dc708b467c9c32446d863 .avia_textblock{\ncolor:#79808b;\n}\n<\/style>\n<section  class='av_textblock_section av-jgfdunv8-4-0da35991f68dc708b467c9c32446d863 '   itemscope=\"itemscope\" itemtype=\"https:\/\/schema.org\/CreativeWork\" ><div class='avia_textblock personen_liste av_inherit_color'  itemprop=\"text\" ><ul>\n<li>Advising and assisting French and German companies on all matters relating to French business law;<\/li>\n<li>Advising and assisting French and German companies in all matters regarding French corporate law: creation and closure of subsidiaries (SA, SAS, SARL), legal transformation of French companies, transfer of registered offices in France, appointment and\/or change of directors (mandate contracts, internal regulations, etc.), increase and\/or reduction in share capital;<\/li>\n<li>Approval of annual reports;<\/li>\n<li><em>Mergers &amp; Acquisitions<\/em> (<em>M&amp;A<\/em>): <em>due diligence<\/em>, <em>share deals<\/em>, <em>asset deals<\/em>, <em>mergers<\/em>, etc.<\/li>\n<\/ul>\n<\/div><\/section><br \/>\n\n<style type=\"text\/css\" data-created_by=\"avia_inline_auto\" id=\"style-css-av-k69kke7t-2-26a41facdb4d860269f902543f2e0151\">\n#top .hr.hr-invisible.av-k69kke7t-2-26a41facdb4d860269f902543f2e0151{\nheight:10px;\n}\n<\/style>\n<div  class='hr av-k69kke7t-2-26a41facdb4d860269f902543f2e0151 hr-invisible  avia-builder-el-33  el_after_av_textblock  avia-builder-el-last '><span class='hr-inner '><span class=\"hr-inner-style\"><\/span><\/span><\/div><\/p><\/div><\/div><\/div><\/div><!-- close content main div --><\/div><\/div><div id='after_section_2'  class='main_color av_default_container_wrap container_wrap sidebar_left'  ><div class='container av-section-cont-open' ><div class='template-page content  av-content-small units'><div class='post-entry post-entry-type-page post-entry-30924'><div class='entry-content-wrapper clearfix'><\/p>\n\n<style type=\"text\/css\" data-created_by=\"avia_inline_auto\" id=\"style-css-av-k69kke7t-1-027daa7dc4c2858af2620871188f2ec1\">\n#top .hr.hr-invisible.av-k69kke7t-1-027daa7dc4c2858af2620871188f2ec1{\nheight:40px;\n}\n<\/style>\n<div  class='hr av-k69kke7t-1-027daa7dc4c2858af2620871188f2ec1 hr-invisible  avia-builder-el-35  el_after_av_codeblock  avia-builder-el-last '><span class='hr-inner '><span class=\"hr-inner-style\"><\/span><\/span><\/div>\n","protected":false},"excerpt":{"rendered":"","protected":false},"author":16,"featured_media":0,"parent":10190,"menu_order":0,"comment_status":"closed","ping_status":"closed","template":"","meta":{"inline_featured_image":false,"footnotes":""},"class_list":["post-30924","page","type-page","status-publish","hentry"],"_links":{"self":[{"href":"https:\/\/rechtsanwalt.fr\/en\/wp-json\/wp\/v2\/pages\/30924","targetHints":{"allow":["GET"]}}],"collection":[{"href":"https:\/\/rechtsanwalt.fr\/en\/wp-json\/wp\/v2\/pages"}],"about":[{"href":"https:\/\/rechtsanwalt.fr\/en\/wp-json\/wp\/v2\/types\/page"}],"author":[{"embeddable":true,"href":"https:\/\/rechtsanwalt.fr\/en\/wp-json\/wp\/v2\/users\/16"}],"replies":[{"embeddable":true,"href":"https:\/\/rechtsanwalt.fr\/en\/wp-json\/wp\/v2\/comments?post=30924"}],"version-history":[{"count":2,"href":"https:\/\/rechtsanwalt.fr\/en\/wp-json\/wp\/v2\/pages\/30924\/revisions"}],"predecessor-version":[{"id":42816,"href":"https:\/\/rechtsanwalt.fr\/en\/wp-json\/wp\/v2\/pages\/30924\/revisions\/42816"}],"up":[{"embeddable":true,"href":"https:\/\/rechtsanwalt.fr\/en\/wp-json\/wp\/v2\/pages\/10190"}],"wp:attachment":[{"href":"https:\/\/rechtsanwalt.fr\/en\/wp-json\/wp\/v2\/media?parent=30924"}],"curies":[{"name":"wp","href":"https:\/\/api.w.org\/{rel}","templated":true}]}}