{"id":38817,"date":"2025-05-27T19:09:44","date_gmt":"2025-05-27T17:09:44","guid":{"rendered":"https:\/\/rechtsanwalt.fr\/?page_id=38817"},"modified":"2025-06-13T09:38:27","modified_gmt":"2025-06-13T07:38:27","slug":"pierre-otto","status":"publish","type":"page","link":"https:\/\/rechtsanwalt.fr\/fr\/equipe\/pierre-otto\/","title":{"rendered":"Pierre Otto"},"content":{"rendered":"<\/p>\n\n<style type=\"text\/css\" data-created_by=\"avia_inline_auto\" id=\"style-css-av-ml9h7-a459d636ed0638733f9fd9daf11c82f3\">\n.avia-section.av-ml9h7-a459d636ed0638733f9fd9daf11c82f3{\nbackground-color:#eef0f3;\nbackground-image:unset;\n}\n<\/style>\n<div id='personpage'  class='avia-section av-ml9h7-a459d636ed0638733f9fd9daf11c82f3 main_color avia-section-default avia-no-border-styling  avia-builder-el-0  el_before_av_section  avia-builder-el-first  avia-bg-style-scroll container_wrap sidebar_left'  ><div class='container av-section-cont-open' ><main  role=\"main\" itemprop=\"mainContentOfPage\"  class='template-page content  av-content-small units'><div class='post-entry post-entry-type-page post-entry-38817'><div class='entry-content-wrapper clearfix'>\n<div class='flex_column_table av-2jljf-7f98750b68705b1d15fd03cc3221a276 sc-av_one_full av-break-at-tablet-flextable av-equal-height-column-flextable'>\n<style type=\"text\/css\" data-created_by=\"avia_inline_auto\" id=\"style-css-av-2jljf-7f98750b68705b1d15fd03cc3221a276\">\n.flex_column.av-2jljf-7f98750b68705b1d15fd03cc3221a276{\nborder-radius:0px 0px 0px 0px;\npadding:0px 0px 0px 0px;\n}\n<\/style>\n<div  class='flex_column av-2jljf-7f98750b68705b1d15fd03cc3221a276 av_one_full  avia-builder-el-1  el_before_av_one_fourth  avia-builder-el-first  first av-break-at-tablet flex_column_table_cell av-equal-height-column av-align-top av-animated-generic fade-in av-zero-column-padding  '     ><p>\n<style type=\"text\/css\" data-created_by=\"avia_inline_auto\" id=\"style-css-av-k74yodf3-2e5fd6688a18964e0c9634e4ed7fd8aa\">\n#top .hr.hr-invisible.av-k74yodf3-2e5fd6688a18964e0c9634e4ed7fd8aa{\nheight:10px;\n}\n<\/style>\n<div  class='hr av-k74yodf3-2e5fd6688a18964e0c9634e4ed7fd8aa hr-invisible  avia-builder-el-2  el_before_av_image  avia-builder-el-first  av-desktop-hide'><span class='hr-inner '><span class=\"hr-inner-style\"><\/span><\/span><\/div><br \/>\n\n<style type=\"text\/css\" data-created_by=\"avia_inline_auto\" id=\"style-css-av-k7exqptx-b55a672b2b02eef1ba6d7d349725808e\">\n.avia-image-container.av-k7exqptx-b55a672b2b02eef1ba6d7d349725808e img.avia_image{\nbox-shadow:none;\n}\n.avia-image-container.av-k7exqptx-b55a672b2b02eef1ba6d7d349725808e .av-image-caption-overlay-center{\ncolor:#ffffff;\n}\n<\/style>\n<div  class='avia-image-container av-k7exqptx-b55a672b2b02eef1ba6d7d349725808e av-styling- avia-align-center  avia-builder-el-3  el_after_av_hr  avia-builder-el-last  av-desktop-hide'   itemprop=\"image\" itemscope=\"itemscope\" itemtype=\"https:\/\/schema.org\/ImageObject\" ><div class=\"avia-image-container-inner\"><div class=\"avia-image-overlay-wrap\"><img decoding=\"async\" fetchpriority=\"high\" class='wp-image-38694 avia-img-lazy-loading-not-38694 avia_image ' src=\"https:\/\/rechtsanwalt.fr\/wp-content\/uploads\/2025\/05\/profil_pierre_otto_epp_mobile.jpg\" alt='Pierre Otto LL.M. Avocat en Allemagne, EPP Rechtsanw\u00e4lte Avocats' title='Pierre Otto LL.M. Avocat en Allemagne, EPP Rechtsanw\u00e4lte Avocats'  height=\"758\" width=\"1100\"  itemprop=\"thumbnailUrl\" srcset=\"https:\/\/rechtsanwalt.fr\/wp-content\/uploads\/2025\/05\/profil_pierre_otto_epp_mobile.jpg 1100w, https:\/\/rechtsanwalt.fr\/wp-content\/uploads\/2025\/05\/profil_pierre_otto_epp_mobile-300x207.jpg 300w, https:\/\/rechtsanwalt.fr\/wp-content\/uploads\/2025\/05\/profil_pierre_otto_epp_mobile-1030x710.jpg 1030w, https:\/\/rechtsanwalt.fr\/wp-content\/uploads\/2025\/05\/profil_pierre_otto_epp_mobile-768x529.jpg 768w, https:\/\/rechtsanwalt.fr\/wp-content\/uploads\/2025\/05\/profil_pierre_otto_epp_mobile-705x486.jpg 705w\" sizes=\"(max-width: 1100px) 100vw, 1100px\" \/><\/div><\/div><\/div><\/p><\/div><\/div><!--close column table wrapper. Autoclose: 1 -->\n<style type=\"text\/css\" data-created_by=\"avia_inline_auto\" id=\"style-css-av-9wkhy-3965bbf8fa8cd0b1e9c54eff8bb3cfe6\">\n#top .flex_column.av-9wkhy-3965bbf8fa8cd0b1e9c54eff8bb3cfe6{\nmargin-top:0px;\nmargin-bottom:0px;\n}\n.flex_column.av-9wkhy-3965bbf8fa8cd0b1e9c54eff8bb3cfe6{\nborder-radius:8px 8px 8px 8px;\npadding:30px 0px 10px 0px;\n}\n.responsive #top #wrap_all .flex_column.av-9wkhy-3965bbf8fa8cd0b1e9c54eff8bb3cfe6{\nmargin-top:0px;\nmargin-bottom:0px;\n}\n<\/style>\n<div  class='flex_column av-9wkhy-3965bbf8fa8cd0b1e9c54eff8bb3cfe6 av_one_fourth  avia-builder-el-4  el_after_av_one_full  el_before_av_three_fourth  first no_margin flex_column_div  column-top-margin'     ><br \/>\n<section  class='av_textblock_section av-k74yk2wx-688855b2618b63185a9e48c92e5151da '   itemscope=\"itemscope\" itemtype=\"https:\/\/schema.org\/CreativeWork\" ><div class='avia_textblock'  itemprop=\"text\" ><div class=\"personpage_sub-text\" style=\"text-align: left;\">\n<p>Langues : fran\u00e7ais (langue maternelle),<br \/>\nallemand, anglais<\/p>\n<\/div>\n<\/div><\/section><br \/>\n<section  class='av_textblock_section av-k74yk2wx-18-e9ae98573ffad81204c3da2ac78df8a7 '   itemscope=\"itemscope\" itemtype=\"https:\/\/schema.org\/CreativeWork\" ><div class='avia_textblock'  itemprop=\"text\" ><p>Contactez-moi par email<br \/>\n<a id=\"sidebarlink\" href=\"mailto:otto@rechtsanwalt.fr\">otto@rechtsanwalt.fr<\/a><\/p>\n<\/div><\/section><br \/>\n<section  class='av_textblock_section av-k74yk2wx-17-67ec95f53a987f848212ba8aacdf5d06 '   itemscope=\"itemscope\" itemtype=\"https:\/\/schema.org\/CreativeWork\" ><div class='avia_textblock'  itemprop=\"text\" ><p>Contactez-moi par t\u00e9l\u00e9phone<br \/>\n<a id=\"sidebarlink\" href=\"tel:0041434562586\">CH +41 (0) 43 456 25 86<\/a><br \/>\n<a id=\"sidebarlink\" href=\"tel:0033153938290\">FR +33 (0) 1 53 93 82 90<\/a><\/p>\n<\/div><\/section><br \/>\n\n<style type=\"text\/css\" data-created_by=\"avia_inline_auto\" id=\"style-css-av-k74yodf3-21-f03eb589db01ad350ff3b8ce07380fdc\">\n#top .hr.hr-invisible.av-k74yodf3-21-f03eb589db01ad350ff3b8ce07380fdc{\nheight:10px;\n}\n<\/style>\n<div  class='hr av-k74yodf3-21-f03eb589db01ad350ff3b8ce07380fdc hr-invisible  avia-builder-el-9  el_after_av_textblock  el_before_av_textblock '><span class='hr-inner '><span class=\"hr-inner-style\"><\/span><\/span><\/div><br \/>\n<section  class='av_textblock_section av-k74yk2wx-16-5108eba5b2bbb4710dc73f934537bfb8 '   itemscope=\"itemscope\" itemtype=\"https:\/\/schema.org\/CreativeWork\" ><div class='avia_textblock'  itemprop=\"text\" ><div id=\"person_leistungen_sidebar-top-title\">Bureaux<\/div>\n<div id=\"person_leistungen_sidebar-top\">\n<div class=\"leistungen_sidebar_svg\"><a href=\"https:\/\/rechtsanwalt.fr\/fr\/bureaux\/zurich\/\"><img decoding=\"async\" src=\"https:\/\/rechtsanwalt.fr\/wp-content\/uploads\/2023\/07\/kachel_zuerich_epp.jpg\" alt=\"\" \/><\/a><\/div>\n<div class=\"leistungen_sidebar_svg\"><a href=\"https:\/\/rechtsanwalt.fr\/fr\/bureaux\/paris\/\"><img decoding=\"async\" src=\"https:\/\/rechtsanwalt.fr\/wp-content\/uploads\/2020\/06\/kachel_paris_epp.jpg\" alt=\"\" \/><\/a><\/div>\n<\/div>\n<\/div><\/section><\/p><\/div>\n<style type=\"text\/css\" data-created_by=\"avia_inline_auto\" id=\"style-css-av-2jljf-22-9459e96c0665d5499daf73da06269d55\">\n#top .flex_column.av-2jljf-22-9459e96c0665d5499daf73da06269d55{\nmargin-top:0px;\nmargin-bottom:0px;\n}\n.flex_column.av-2jljf-22-9459e96c0665d5499daf73da06269d55{\nborder-radius:0px 0px 0px 0px;\npadding:0px 0px 0px 0px;\n}\n.responsive #top #wrap_all .flex_column.av-2jljf-22-9459e96c0665d5499daf73da06269d55{\nmargin-top:0px;\nmargin-bottom:0px;\n}\n<\/style>\n<div  class='flex_column av-2jljf-22-9459e96c0665d5499daf73da06269d55 av_three_fourth  avia-builder-el-11  el_after_av_one_fourth  el_before_av_hr  no_margin flex_column_div av-animated-generic fade-in av-zero-column-padding  column-top-margin'     ><p>\n<style type=\"text\/css\" data-created_by=\"avia_inline_auto\" id=\"style-css-av-k74yodf3-15-64c216518ca295c0ef9dd4dc7387ccb0\">\n#top .hr.hr-invisible.av-k74yodf3-15-64c216518ca295c0ef9dd4dc7387ccb0{\nheight:25px;\n}\n<\/style>\n<div  class='hr av-k74yodf3-15-64c216518ca295c0ef9dd4dc7387ccb0 hr-invisible  avia-builder-el-12  el_before_av_image  avia-builder-el-first  av-medium-hide av-small-hide av-mini-hide'><span class='hr-inner '><span class=\"hr-inner-style\"><\/span><\/span><\/div><br \/>\n\n<style type=\"text\/css\" data-created_by=\"avia_inline_auto\" id=\"style-css-av-k7exqptx-20-16855ea72539832b062195352da504b3\">\n.avia-image-container.av-k7exqptx-20-16855ea72539832b062195352da504b3 img.avia_image{\nbox-shadow:none;\n}\n.avia-image-container.av-k7exqptx-20-16855ea72539832b062195352da504b3 .av-image-caption-overlay-center{\ncolor:#ffffff;\n}\n<\/style>\n<div  class='avia-image-container av-k7exqptx-20-16855ea72539832b062195352da504b3 av-styling- avia-align-center  avia-builder-el-13  el_after_av_hr  avia-builder-el-last  av-medium-hide av-small-hide av-mini-hide'   itemprop=\"image\" itemscope=\"itemscope\" itemtype=\"https:\/\/schema.org\/ImageObject\" ><div class=\"avia-image-container-inner\"><div class=\"avia-image-overlay-wrap\"><img decoding=\"async\" fetchpriority=\"high\" class='wp-image-38697 avia-img-lazy-loading-not-38697 avia_image ' src=\"https:\/\/rechtsanwalt.fr\/wp-content\/uploads\/2025\/05\/profil_pierre_otto_epp.jpg\" alt='Pierre Otto LL.M. Avocat en Allemagne, EPP Rechtsanw\u00e4lte Avocats' title='Pierre Otto LL.M. Avocat en Allemagne, EPP Rechtsanw\u00e4lte Avocats'  height=\"758\" width=\"1400\"  itemprop=\"thumbnailUrl\" srcset=\"https:\/\/rechtsanwalt.fr\/wp-content\/uploads\/2025\/05\/profil_pierre_otto_epp.jpg 1400w, https:\/\/rechtsanwalt.fr\/wp-content\/uploads\/2025\/05\/profil_pierre_otto_epp-300x162.jpg 300w, https:\/\/rechtsanwalt.fr\/wp-content\/uploads\/2025\/05\/profil_pierre_otto_epp-1030x558.jpg 1030w, https:\/\/rechtsanwalt.fr\/wp-content\/uploads\/2025\/05\/profil_pierre_otto_epp-768x416.jpg 768w, https:\/\/rechtsanwalt.fr\/wp-content\/uploads\/2025\/05\/profil_pierre_otto_epp-705x382.jpg 705w\" sizes=\"(max-width: 1400px) 100vw, 1400px\" \/><\/div><\/div><\/div><\/p><\/div>\n<style type=\"text\/css\" data-created_by=\"avia_inline_auto\" id=\"style-css-av-k74yodf3-12-8ee9f0c3d1627d63a1ef6d12dc1d7311\">\n#top .hr.hr-invisible.av-k74yodf3-12-8ee9f0c3d1627d63a1ef6d12dc1d7311{\nheight:40px;\n}\n<\/style>\n<div  class='hr av-k74yodf3-12-8ee9f0c3d1627d63a1ef6d12dc1d7311 hr-invisible  avia-builder-el-14  el_after_av_three_fourth  el_before_av_hr  av-medium-hide av-small-hide av-mini-hide'><span class='hr-inner '><span class=\"hr-inner-style\"><\/span><\/span><\/div>\n\n<style type=\"text\/css\" data-created_by=\"avia_inline_auto\" id=\"style-css-av-k74yodf3-11-b3db601568ab3d37688fe0cacf4d78bc\">\n#top .hr.hr-invisible.av-k74yodf3-11-b3db601568ab3d37688fe0cacf4d78bc{\nheight:20px;\n}\n<\/style>\n<div  class='hr av-k74yodf3-11-b3db601568ab3d37688fe0cacf4d78bc hr-invisible  avia-builder-el-15  el_after_av_hr  avia-builder-el-last  av-desktop-hide'><span class='hr-inner '><span class=\"hr-inner-style\"><\/span><\/span><\/div>\n\n<\/div><\/div><\/main><!-- close content main element --><\/div><\/div><div id='av_section_2'  class='avia-section av-k7f0653e-f753c13c55d001ff6ae5572c98fae70d main_color avia-section-default avia-no-border-styling  avia-builder-el-16  el_after_av_section  el_before_av_codeblock  avia-bg-style-scroll container_wrap sidebar_left'  ><div class='container av-section-cont-open' ><div class='template-page content  av-content-small units'><div class='post-entry post-entry-type-page post-entry-38817'><div class='entry-content-wrapper clearfix'>\n\n<style type=\"text\/css\" data-created_by=\"avia_inline_auto\" id=\"style-css-av-9wkhy-19-24fbabb7f8d1865e0533e38b2619a386\">\n#top .flex_column.av-9wkhy-19-24fbabb7f8d1865e0533e38b2619a386{\nmargin-top:0px;\nmargin-bottom:0px;\n}\n.flex_column.av-9wkhy-19-24fbabb7f8d1865e0533e38b2619a386{\nborder-radius:8px 8px 8px 8px;\npadding:0px 0px 10px 0px;\n}\n.responsive #top #wrap_all .flex_column.av-9wkhy-19-24fbabb7f8d1865e0533e38b2619a386{\nmargin-top:0px;\nmargin-bottom:0px;\n}\n<\/style>\n<div  class='flex_column av-9wkhy-19-24fbabb7f8d1865e0533e38b2619a386 av_one_fourth  avia-builder-el-17  el_before_av_three_fourth  avia-builder-el-first  first no_margin flex_column_div  '     ><section  class='av_textblock_section av-k74yk2wx-14-411c649c8f3abddfea00af928bd77c22 '   itemscope=\"itemscope\" itemtype=\"https:\/\/schema.org\/CreativeWork\" ><div class='avia_textblock'  itemprop=\"text\" ><div id=\"person_leistungen_sidebar-bottom-title\">Bureaux<\/div>\n<div id=\"person_leistungen_sidebar-bottom\">\n<div class=\"leistungen_sidebar_svg\"><a href=\"https:\/\/rechtsanwalt.fr\/fr\/bureaux\/zurich\/\"><img decoding=\"async\" src=\"https:\/\/rechtsanwalt.fr\/wp-content\/uploads\/2023\/07\/kachel_zuerich_epp.jpg\" alt=\"\" \/><\/a><\/div>\n<div class=\"leistungen_sidebar_svg\"><a href=\"https:\/\/rechtsanwalt.fr\/fr\/bureaux\/paris\/\"><img decoding=\"async\" src=\"https:\/\/rechtsanwalt.fr\/wp-content\/uploads\/2020\/06\/kachel_paris_epp.jpg\" alt=\"\" \/><\/a><\/div>\n<\/div>\n<\/div><\/section><br \/>\n\n<style type=\"text\/css\" data-created_by=\"avia_inline_auto\" id=\"style-css-av-k69kke7t-4cdd9ecfc49b68852dc1bfc73bdeebea\">\n#top .hr.hr-invisible.av-k69kke7t-4cdd9ecfc49b68852dc1bfc73bdeebea{\nheight:20px;\n}\n<\/style>\n<div  class='hr av-k69kke7t-4cdd9ecfc49b68852dc1bfc73bdeebea hr-invisible  avia-builder-el-19  el_after_av_textblock  el_before_av_heading '><span class='hr-inner '><span class=\"hr-inner-style\"><\/span><\/span><\/div><br \/>\n\n<style type=\"text\/css\" data-created_by=\"avia_inline_auto\" id=\"style-css-av-9omimh-a7d4c566138ed76dc8dd1d4382737814\">\n#top .av-special-heading.av-9omimh-a7d4c566138ed76dc8dd1d4382737814{\nmargin:0 0 0 0;\npadding-bottom:0;\ncolor:#79808b;\nfont-size:24px;\n}\nbody .av-special-heading.av-9omimh-a7d4c566138ed76dc8dd1d4382737814 .av-special-heading-tag .heading-char{\nfont-size:25px;\n}\n#top #wrap_all .av-special-heading.av-9omimh-a7d4c566138ed76dc8dd1d4382737814 .av-special-heading-tag{\nfont-size:24px;\n}\n.av-special-heading.av-9omimh-a7d4c566138ed76dc8dd1d4382737814 .special-heading-inner-border{\nborder-color:#79808b;\n}\n.av-special-heading.av-9omimh-a7d4c566138ed76dc8dd1d4382737814 .av-subheading{\nfont-size:30px;\n}\n\n@media only screen and (min-width: 480px) and (max-width: 767px){ \n#top #wrap_all .av-special-heading.av-9omimh-a7d4c566138ed76dc8dd1d4382737814 .av-special-heading-tag{\nfont-size:0.8em;\n}\n}\n\n@media only screen and (max-width: 479px){ \n#top #wrap_all .av-special-heading.av-9omimh-a7d4c566138ed76dc8dd1d4382737814 .av-special-heading-tag{\nfont-size:0.8em;\n}\n}\n<\/style>\n<div  class='av-special-heading av-9omimh-a7d4c566138ed76dc8dd1d4382737814 av-special-heading-h2 custom-color-heading blockquote modern-quote  avia-builder-el-20  el_after_av_hr  el_before_av_hr  av-inherit-size av-linked-heading'><h2 class='av-special-heading-tag '  itemprop=\"headline\"  >Comp\u00e9tences en <\/br>droit fran\u00e7ais<\/h2><div class=\"special-heading-border\"><div class=\"special-heading-inner-border\"><\/div><\/div><\/div><br \/>\n\n<style type=\"text\/css\" data-created_by=\"avia_inline_auto\" id=\"style-css-av-k69kke7t-10-7d317513ee08ddf0a2fee72700db9c5e\">\n#top .hr.hr-invisible.av-k69kke7t-10-7d317513ee08ddf0a2fee72700db9c5e{\nheight:20px;\n}\n<\/style>\n<div  class='hr av-k69kke7t-10-7d317513ee08ddf0a2fee72700db9c5e hr-invisible  avia-builder-el-21  el_after_av_heading  el_before_av_textblock '><span class='hr-inner '><span class=\"hr-inner-style\"><\/span><\/span><\/div><br \/>\n\n<style type=\"text\/css\" data-created_by=\"avia_inline_auto\" id=\"style-css-av-jgfdunv8-f6341cec21f0d4b9a52f1d5bcacf7341\">\n#top .av_textblock_section.av-jgfdunv8-f6341cec21f0d4b9a52f1d5bcacf7341 .avia_textblock{\ncolor:#79808b;\n}\n<\/style>\n<section  class='av_textblock_section av-jgfdunv8-f6341cec21f0d4b9a52f1d5bcacf7341 '   itemscope=\"itemscope\" itemtype=\"https:\/\/schema.org\/CreativeWork\" ><div class='avia_textblock av_inherit_color'  itemprop=\"text\" ><div id=\"person_leistungen_sidebar\">\n<div class=\"leistungen_sidebar_svg\"><a href=\"https:\/\/rechtsanwalt.fr\/fr\/competences\/droit-des-societes-en-france\/\"><img decoding=\"async\" src=\"https:\/\/rechtsanwalt.fr\/wp-content\/uploads\/2020\/06\/01_fr_de_gesellschaftsrecht_epp.svg\" alt=\"Icon Gesellschaftsrecht\" \/><\/a><\/div>\n<div class=\"leistungen_sidebar_svg\"><a href=\"https:\/\/rechtsanwalt.fr\/fr\/competences\/fusions-acquisitions-joint-venture-en-france\/\"><img decoding=\"async\" src=\"https:\/\/rechtsanwalt.fr\/wp-content\/uploads\/2020\/06\/05_fr_de_ma_epp.svg\" alt=\"Icon M&A Unternehmenskauf Joint-Venture\" \/><\/a><\/div>\n<\/div>\n<\/div><\/section><br \/>\n\n<style type=\"text\/css\" data-created_by=\"avia_inline_auto\" id=\"style-css-av-qt6gml-58f85cf7ac358ad09835283029ffae89\">\n#top .hr.hr-invisible.av-qt6gml-58f85cf7ac358ad09835283029ffae89{\nheight:20px;\n}\n<\/style>\n<div  class='hr av-qt6gml-58f85cf7ac358ad09835283029ffae89 hr-invisible  avia-builder-el-23  el_after_av_textblock  avia-builder-el-last '><span class='hr-inner '><span class=\"hr-inner-style\"><\/span><\/span><\/div><\/p><\/div>\n<style type=\"text\/css\" data-created_by=\"avia_inline_auto\" id=\"style-css-av-2jljf-13-aab1d083ee4e56d29849bd653a34b6e3\">\n#top .flex_column.av-2jljf-13-aab1d083ee4e56d29849bd653a34b6e3{\nmargin-top:0px;\nmargin-bottom:0px;\n}\n.flex_column.av-2jljf-13-aab1d083ee4e56d29849bd653a34b6e3{\nborder-radius:0px 0px 0px 0px;\npadding:0px 0px 0px 0px;\n}\n.responsive #top #wrap_all .flex_column.av-2jljf-13-aab1d083ee4e56d29849bd653a34b6e3{\nmargin-top:0px;\nmargin-bottom:0px;\n}\n<\/style>\n<div  class='flex_column av-2jljf-13-aab1d083ee4e56d29849bd653a34b6e3 av_three_fourth  avia-builder-el-24  el_after_av_one_fourth  avia-builder-el-last  maintext_person no_margin flex_column_div av-animated-generic fade-in av-zero-column-padding  '     ><p>\n<style type=\"text\/css\" data-created_by=\"avia_inline_auto\" id=\"style-css-av-k69kke7t-9-08ab63494a99c6028b7d6fc80048b7ee\">\n#top .hr.hr-invisible.av-k69kke7t-9-08ab63494a99c6028b7d6fc80048b7ee{\nheight:20px;\n}\n<\/style>\n<div  class='hr av-k69kke7t-9-08ab63494a99c6028b7d6fc80048b7ee hr-invisible  avia-builder-el-25  el_before_av_heading  avia-builder-el-first '><span class='hr-inner '><span class=\"hr-inner-style\"><\/span><\/span><\/div><br \/>\n\n<style type=\"text\/css\" data-created_by=\"avia_inline_auto\" id=\"style-css-av-7z4849-891abfabed9e6c44d68ba98e56d96cda\">\n#top .av-special-heading.av-7z4849-891abfabed9e6c44d68ba98e56d96cda{\nmargin:0 0 0 0;\npadding-bottom:0;\ncolor:#79808b;\nfont-size:24px;\n}\nbody .av-special-heading.av-7z4849-891abfabed9e6c44d68ba98e56d96cda .av-special-heading-tag .heading-char{\nfont-size:25px;\n}\n#top #wrap_all .av-special-heading.av-7z4849-891abfabed9e6c44d68ba98e56d96cda .av-special-heading-tag{\nfont-size:24px;\n}\n.av-special-heading.av-7z4849-891abfabed9e6c44d68ba98e56d96cda .special-heading-inner-border{\nborder-color:#79808b;\n}\n.av-special-heading.av-7z4849-891abfabed9e6c44d68ba98e56d96cda .av-subheading{\nfont-size:30px;\n}\n\n@media only screen and (min-width: 480px) and (max-width: 767px){ \n#top #wrap_all .av-special-heading.av-7z4849-891abfabed9e6c44d68ba98e56d96cda .av-special-heading-tag{\nfont-size:0.8em;\n}\n}\n\n@media only screen and (max-width: 479px){ \n#top #wrap_all .av-special-heading.av-7z4849-891abfabed9e6c44d68ba98e56d96cda .av-special-heading-tag{\nfont-size:0.8em;\n}\n}\n<\/style>\n<div  class='av-special-heading av-7z4849-891abfabed9e6c44d68ba98e56d96cda av-special-heading-h2 custom-color-heading blockquote modern-quote  avia-builder-el-26  el_after_av_hr  el_before_av_hr  av-inherit-size av-linked-heading'><h2 class='av-special-heading-tag '  itemprop=\"headline\"  >Parcours<\/h2><div class=\"special-heading-border\"><div class=\"special-heading-inner-border\"><\/div><\/div><\/div><br \/>\n\n<style type=\"text\/css\" data-created_by=\"avia_inline_auto\" id=\"style-css-av-k69kke7t-7-e48e8082f5e57c09995b9023214d7849\">\n#top .hr.hr-invisible.av-k69kke7t-7-e48e8082f5e57c09995b9023214d7849{\nheight:10px;\n}\n<\/style>\n<div  class='hr av-k69kke7t-7-e48e8082f5e57c09995b9023214d7849 hr-invisible  avia-builder-el-27  el_after_av_heading  el_before_av_textblock '><span class='hr-inner '><span class=\"hr-inner-style\"><\/span><\/span><\/div><br \/>\n\n<style type=\"text\/css\" data-created_by=\"avia_inline_auto\" id=\"style-css-av-jgfdunv8-8-d377b495a7f43246713c5dcd415e6464\">\n#top .av_textblock_section.av-jgfdunv8-8-d377b495a7f43246713c5dcd415e6464 .avia_textblock{\ncolor:#79808b;\n}\n<\/style>\n<section  class='av_textblock_section av-jgfdunv8-8-d377b495a7f43246713c5dcd415e6464 '   itemscope=\"itemscope\" itemtype=\"https:\/\/schema.org\/CreativeWork\" ><div class='avia_textblock personen_liste av_inherit_color'  itemprop=\"text\" ><ul>\n<li>2014 \u2013 2019:\n<ul>\n<li>Master 2 Droit europ\u00e9en des affaires, Universit\u00e9 Paris II Panth\u00e9on-Assas, Paris<\/li>\n<li>LL.M. Europ\u00e4isches und internationales Wirtschaftsrecht, Ludwig-Maximilians-Universit\u00e4t, Munich<\/li>\n<\/ul>\n<\/li>\n<li>2020: Admission au Barreau de Paris<\/li>\n<li>2023 \u2013 2025: Avocat au sein de l\u2019\u00e9quipe Corporate M&A du cabinet Jeantet \u00e0 Paris<\/li>\n<li>2025: Entr\u00e9e au cabinet EPP Rechtsanw\u00e4lte Avocats<\/li>\n<\/ul>\n<\/div><\/section><br \/>\n\n<style type=\"text\/css\" data-created_by=\"avia_inline_auto\" id=\"style-css-av-k69kke7t-6-899fd08310f1f8cb6566e56917926a93\">\n#top .hr.hr-invisible.av-k69kke7t-6-899fd08310f1f8cb6566e56917926a93{\nheight:25px;\n}\n<\/style>\n<div  class='hr av-k69kke7t-6-899fd08310f1f8cb6566e56917926a93 hr-invisible  avia-builder-el-29  el_after_av_textblock  el_before_av_heading '><span class='hr-inner '><span class=\"hr-inner-style\"><\/span><\/span><\/div><br \/>\n\n<style type=\"text\/css\" data-created_by=\"avia_inline_auto\" id=\"style-css-av-55jw15-77dbfab833ef522e27332446bce7b095\">\n#top .av-special-heading.av-55jw15-77dbfab833ef522e27332446bce7b095{\nmargin:0 0 0 0;\npadding-bottom:0;\ncolor:#79808b;\nfont-size:24px;\n}\nbody .av-special-heading.av-55jw15-77dbfab833ef522e27332446bce7b095 .av-special-heading-tag .heading-char{\nfont-size:25px;\n}\n#top #wrap_all .av-special-heading.av-55jw15-77dbfab833ef522e27332446bce7b095 .av-special-heading-tag{\nfont-size:24px;\n}\n.av-special-heading.av-55jw15-77dbfab833ef522e27332446bce7b095 .special-heading-inner-border{\nborder-color:#79808b;\n}\n.av-special-heading.av-55jw15-77dbfab833ef522e27332446bce7b095 .av-subheading{\nfont-size:30px;\n}\n\n@media only screen and (min-width: 480px) and (max-width: 767px){ \n#top #wrap_all .av-special-heading.av-55jw15-77dbfab833ef522e27332446bce7b095 .av-special-heading-tag{\nfont-size:0.8em;\n}\n}\n\n@media only screen and (max-width: 479px){ \n#top #wrap_all .av-special-heading.av-55jw15-77dbfab833ef522e27332446bce7b095 .av-special-heading-tag{\nfont-size:0.8em;\n}\n}\n<\/style>\n<div  class='av-special-heading av-55jw15-77dbfab833ef522e27332446bce7b095 av-special-heading-h2 custom-color-heading blockquote modern-quote  avia-builder-el-30  el_after_av_hr  el_before_av_hr  av-inherit-size av-linked-heading'><h2 class='av-special-heading-tag '  itemprop=\"headline\"  >Domaines d\u2019activit\u00e9<\/h2><div class=\"special-heading-border\"><div class=\"special-heading-inner-border\"><\/div><\/div><\/div><br \/>\n\n<style type=\"text\/css\" data-created_by=\"avia_inline_auto\" id=\"style-css-av-k69kke7t-4-1ec6b4f2b41822da1460f971d7f125c4\">\n#top .hr.hr-invisible.av-k69kke7t-4-1ec6b4f2b41822da1460f971d7f125c4{\nheight:10px;\n}\n<\/style>\n<div  class='hr av-k69kke7t-4-1ec6b4f2b41822da1460f971d7f125c4 hr-invisible  avia-builder-el-31  el_after_av_heading  el_before_av_textblock '><span class='hr-inner '><span class=\"hr-inner-style\"><\/span><\/span><\/div><br \/>\n\n<style type=\"text\/css\" data-created_by=\"avia_inline_auto\" id=\"style-css-av-jgfdunv8-5-0bc32703c573047c304a49fd678bb391\">\n#top .av_textblock_section.av-jgfdunv8-5-0bc32703c573047c304a49fd678bb391 .avia_textblock{\ncolor:#79808b;\n}\n<\/style>\n<section  class='av_textblock_section av-jgfdunv8-5-0bc32703c573047c304a49fd678bb391 '   itemscope=\"itemscope\" itemtype=\"https:\/\/schema.org\/CreativeWork\" ><div class='avia_textblock personen_liste av_inherit_color'  itemprop=\"text\" ><ul>\n<li>Droit des soci\u00e9t\u00e9s : Conseil et assistance dans le cadre de probl\u00e9matiques de gouvernance, d\u2019op\u00e9rations de haut de bilan et d\u2019activit\u00e9 courante.<\/li>\n<li>M&A : Conseil et assistance dans le cadre de projets de croissance (filialisation, cr\u00e9ation d\u2019\u00e9tablissement secondaire et\/ou succursale\u2026) et de restructurations intragroupes ; Accompagnement dans le cadre d\u2019op\u00e9rations M&A nationales et cross-border (Due Diligences, n\u00e9gociations, r\u00e9daction d\u2019actes).<\/li>\n<li>Conseil et repr\u00e9sentation en droit commercial et droit des contrats.<\/li>\n<\/ul>\n<\/div><\/section><br \/>\n\n<style type=\"text\/css\" data-created_by=\"avia_inline_auto\" id=\"style-css-av-k69kke7t-3-d73bf1e0dcf345f50f8777b356335071\">\n#top .hr.hr-invisible.av-k69kke7t-3-d73bf1e0dcf345f50f8777b356335071{\nheight:100px;\n}\n<\/style>\n<div  class='hr av-k69kke7t-3-d73bf1e0dcf345f50f8777b356335071 hr-invisible  avia-builder-el-33  el_after_av_textblock  avia-builder-el-last '><span class='hr-inner '><span class=\"hr-inner-style\"><\/span><\/span><\/div><\/p><\/div><\/div><\/div><\/div><!-- close content main div --><\/div><\/div><div id='after_section_2'  class='main_color av_default_container_wrap container_wrap sidebar_left'  ><div class='container av-section-cont-open' ><div class='template-page content  av-content-small units'><div class='post-entry post-entry-type-page post-entry-38817'><div class='entry-content-wrapper clearfix'><\/p>\n\n<style type=\"text\/css\" data-created_by=\"avia_inline_auto\" id=\"style-css-av-k69kke7t-2-4da845b7741b4d8fd7eaf22b5b9160fc\">\n#top .hr.hr-invisible.av-k69kke7t-2-4da845b7741b4d8fd7eaf22b5b9160fc{\nheight:40px;\n}\n<\/style>\n<div  class='hr av-k69kke7t-2-4da845b7741b4d8fd7eaf22b5b9160fc hr-invisible  avia-builder-el-35  el_after_av_codeblock  avia-builder-el-last '><span class='hr-inner '><span class=\"hr-inner-style\"><\/span><\/span><\/div>\n","protected":false},"excerpt":{"rendered":"","protected":false},"author":16,"featured_media":0,"parent":6662,"menu_order":0,"comment_status":"closed","ping_status":"closed","template":"","meta":{"inline_featured_image":false,"footnotes":""},"class_list":["post-38817","page","type-page","status-publish","hentry"],"_links":{"self":[{"href":"https:\/\/rechtsanwalt.fr\/fr\/wp-json\/wp\/v2\/pages\/38817","targetHints":{"allow":["GET"]}}],"collection":[{"href":"https:\/\/rechtsanwalt.fr\/fr\/wp-json\/wp\/v2\/pages"}],"about":[{"href":"https:\/\/rechtsanwalt.fr\/fr\/wp-json\/wp\/v2\/types\/page"}],"author":[{"embeddable":true,"href":"https:\/\/rechtsanwalt.fr\/fr\/wp-json\/wp\/v2\/users\/16"}],"replies":[{"embeddable":true,"href":"https:\/\/rechtsanwalt.fr\/fr\/wp-json\/wp\/v2\/comments?post=38817"}],"version-history":[{"count":0,"href":"https:\/\/rechtsanwalt.fr\/fr\/wp-json\/wp\/v2\/pages\/38817\/revisions"}],"up":[{"embeddable":true,"href":"https:\/\/rechtsanwalt.fr\/fr\/wp-json\/wp\/v2\/pages\/6662"}],"wp:attachment":[{"href":"https:\/\/rechtsanwalt.fr\/fr\/wp-json\/wp\/v2\/media?parent=38817"}],"curies":[{"name":"wp","href":"https:\/\/api.w.org\/{rel}","templated":true}]}}