{"id":40323,"date":"2025-07-24T18:12:46","date_gmt":"2025-07-24T16:12:46","guid":{"rendered":"https:\/\/rechtsanwalt.fr\/?page_id=40323"},"modified":"2025-08-11T12:51:10","modified_gmt":"2025-08-11T10:51:10","slug":"anne-sophie-koch","status":"publish","type":"page","link":"https:\/\/rechtsanwalt.fr\/fr\/equipe\/anne-sophie-koch\/","title":{"rendered":"Anne-Sophie Koch"},"content":{"rendered":"<\/p>\n\n<style type=\"text\/css\" data-created_by=\"avia_inline_auto\" id=\"style-css-av-ml9h7-a459d636ed0638733f9fd9daf11c82f3\">\n.avia-section.av-ml9h7-a459d636ed0638733f9fd9daf11c82f3{\nbackground-color:#eef0f3;\nbackground-image:unset;\n}\n<\/style>\n<div id='personpage'  class='avia-section av-ml9h7-a459d636ed0638733f9fd9daf11c82f3 main_color avia-section-default avia-no-border-styling  avia-builder-el-0  el_before_av_section  avia-builder-el-first  avia-bg-style-scroll container_wrap sidebar_left'  ><div class='container av-section-cont-open' ><main  role=\"main\" itemprop=\"mainContentOfPage\"  class='template-page content  av-content-small units'><div class='post-entry post-entry-type-page post-entry-40323'><div class='entry-content-wrapper clearfix'>\n<div class='flex_column_table av-2jljf-7f98750b68705b1d15fd03cc3221a276 sc-av_one_full av-break-at-tablet-flextable av-equal-height-column-flextable'>\n<style type=\"text\/css\" data-created_by=\"avia_inline_auto\" id=\"style-css-av-2jljf-7f98750b68705b1d15fd03cc3221a276\">\n.flex_column.av-2jljf-7f98750b68705b1d15fd03cc3221a276{\nborder-radius:0px 0px 0px 0px;\npadding:0px 0px 0px 0px;\n}\n<\/style>\n<div  class='flex_column av-2jljf-7f98750b68705b1d15fd03cc3221a276 av_one_full  avia-builder-el-1  el_before_av_one_fourth  avia-builder-el-first  first av-break-at-tablet flex_column_table_cell av-equal-height-column av-align-top av-animated-generic fade-in av-zero-column-padding  '     ><p>\n<style type=\"text\/css\" data-created_by=\"avia_inline_auto\" id=\"style-css-av-k74yodf3-2e5fd6688a18964e0c9634e4ed7fd8aa\">\n#top .hr.hr-invisible.av-k74yodf3-2e5fd6688a18964e0c9634e4ed7fd8aa{\nheight:10px;\n}\n<\/style>\n<div  class='hr av-k74yodf3-2e5fd6688a18964e0c9634e4ed7fd8aa hr-invisible  avia-builder-el-2  el_before_av_image  avia-builder-el-first  av-desktop-hide'><span class='hr-inner '><span class=\"hr-inner-style\"><\/span><\/span><\/div><br \/>\n\n<style type=\"text\/css\" data-created_by=\"avia_inline_auto\" id=\"style-css-av-k7exqptx-f29113a91db9d6efc105a01ff06f8e26\">\n.avia-image-container.av-k7exqptx-f29113a91db9d6efc105a01ff06f8e26 img.avia_image{\nbox-shadow:none;\n}\n.avia-image-container.av-k7exqptx-f29113a91db9d6efc105a01ff06f8e26 .av-image-caption-overlay-center{\ncolor:#ffffff;\n}\n<\/style>\n<div  class='avia-image-container av-k7exqptx-f29113a91db9d6efc105a01ff06f8e26 av-styling- avia-align-center  avia-builder-el-3  el_after_av_hr  avia-builder-el-last  av-desktop-hide'   itemprop=\"image\" itemscope=\"itemscope\" itemtype=\"https:\/\/schema.org\/ImageObject\" ><div class=\"avia-image-container-inner\"><div class=\"avia-image-overlay-wrap\"><img decoding=\"async\" fetchpriority=\"high\" class='wp-image-40317 avia-img-lazy-loading-not-40317 avia_image ' src=\"https:\/\/rechtsanwalt.fr\/wp-content\/uploads\/2025\/07\/profil_anne_sophie_koch_epp_mobile.jpg\" alt='Anne-Sophie Koch en Allemagne, EPP Rechtsanw\u00e4lte Avocats' title='Anne-Sophie Koch en Allemagne, EPP Rechtsanw\u00e4lte Avocats'  height=\"758\" width=\"1100\"  itemprop=\"thumbnailUrl\" srcset=\"https:\/\/rechtsanwalt.fr\/wp-content\/uploads\/2025\/07\/profil_anne_sophie_koch_epp_mobile.jpg 1100w, https:\/\/rechtsanwalt.fr\/wp-content\/uploads\/2025\/07\/profil_anne_sophie_koch_epp_mobile-300x207.jpg 300w, https:\/\/rechtsanwalt.fr\/wp-content\/uploads\/2025\/07\/profil_anne_sophie_koch_epp_mobile-1030x710.jpg 1030w, https:\/\/rechtsanwalt.fr\/wp-content\/uploads\/2025\/07\/profil_anne_sophie_koch_epp_mobile-768x529.jpg 768w, https:\/\/rechtsanwalt.fr\/wp-content\/uploads\/2025\/07\/profil_anne_sophie_koch_epp_mobile-705x486.jpg 705w\" sizes=\"(max-width: 1100px) 100vw, 1100px\" \/><\/div><\/div><\/div><\/p><\/div><\/div><!--close column table wrapper. Autoclose: 1 -->\n<style type=\"text\/css\" data-created_by=\"avia_inline_auto\" id=\"style-css-av-9wkhy-3965bbf8fa8cd0b1e9c54eff8bb3cfe6\">\n#top .flex_column.av-9wkhy-3965bbf8fa8cd0b1e9c54eff8bb3cfe6{\nmargin-top:0px;\nmargin-bottom:0px;\n}\n.flex_column.av-9wkhy-3965bbf8fa8cd0b1e9c54eff8bb3cfe6{\nborder-radius:8px 8px 8px 8px;\npadding:30px 0px 10px 0px;\n}\n.responsive #top #wrap_all .flex_column.av-9wkhy-3965bbf8fa8cd0b1e9c54eff8bb3cfe6{\nmargin-top:0px;\nmargin-bottom:0px;\n}\n<\/style>\n<div  class='flex_column av-9wkhy-3965bbf8fa8cd0b1e9c54eff8bb3cfe6 av_one_fourth  avia-builder-el-4  el_after_av_one_full  el_before_av_three_fourth  first no_margin flex_column_div  column-top-margin'     ><br \/>\n<section  class='av_textblock_section av-k74yk2wx-688855b2618b63185a9e48c92e5151da '   itemscope=\"itemscope\" itemtype=\"https:\/\/schema.org\/CreativeWork\" ><div class='avia_textblock'  itemprop=\"text\" ><div class=\"personpage_sub-text\" style=\"text-align: left;\">\n<p>B.A. Media and Communication Management<br \/>\n(Online Management et psychologie du personnel)<\/p>\n<p>Langues : allemand (langue maternelle),<br \/>\nfran\u00e7ais, anglais, espagnol<\/p>\n<\/div>\n<\/div><\/section><br \/>\n<section  class='av_textblock_section av-k74yk2wx-15-0a6cdf5507b14019cd84c15c25472b3e '   itemscope=\"itemscope\" itemtype=\"https:\/\/schema.org\/CreativeWork\" ><div class='avia_textblock'  itemprop=\"text\" ><p>Contactez-moi par email<br \/>\n<a id=\"sidebarlink\" href=\"mailto:koch@rechtsanwalt.fr\">koch@rechtsanwalt.fr<\/a><\/p>\n<\/div><\/section><br \/>\n<section  class='av_textblock_section av-k74yk2wx-14-411c649c8f3abddfea00af928bd77c22 '   itemscope=\"itemscope\" itemtype=\"https:\/\/schema.org\/CreativeWork\" ><div class='avia_textblock'  itemprop=\"text\" ><p>Contactez-moi par t\u00e9l\u00e9phone<br \/>\n<a id=\"sidebarlink\" href=\"tel:00497221302370\">+49 (0) 7221 30 23 70<\/a><\/p>\n<\/div><\/section><br \/>\n\n<style type=\"text\/css\" data-created_by=\"avia_inline_auto\" id=\"style-css-av-k74yodf3-18-9aff2343ec0dfd455de33db1eb072536\">\n#top .hr.hr-invisible.av-k74yodf3-18-9aff2343ec0dfd455de33db1eb072536{\nheight:10px;\n}\n<\/style>\n<div  class='hr av-k74yodf3-18-9aff2343ec0dfd455de33db1eb072536 hr-invisible  avia-builder-el-9  el_after_av_textblock  el_before_av_textblock  av-small-hide av-mini-hide'><span class='hr-inner '><span class=\"hr-inner-style\"><\/span><\/span><\/div><br \/>\n<section  class='av_textblock_section av-k74yk2wx-13-ef092b3714f5e7eacf1cece79757cd74 '   itemscope=\"itemscope\" itemtype=\"https:\/\/schema.org\/CreativeWork\" ><div class='avia_textblock'  itemprop=\"text\" ><div id=\"person_leistungen_sidebar-top-title\">Bureaux<\/div>\n<div id=\"person_leistungen_sidebar-top\">\n<div class=\"leistungen_sidebar_svg\"><a href=\"https:\/\/rechtsanwalt.fr\/fr\/bureaux\/baden-baden\/\"><img decoding=\"async\" src=\"https:\/\/rechtsanwalt.fr\/wp-content\/uploads\/2020\/06\/kachel_baden_epp.jpg\" alt=\"\" \/><\/a><\/div>\n<div class=\"leistungen_sidebar_svg\"><a href=\"https:\/\/rechtsanwalt.fr\/fr\/bureaux\/strasbourg\/\"><img decoding=\"async\" src=\"https:\/\/rechtsanwalt.fr\/wp-content\/uploads\/2020\/07\/kachel_strasbourg_epp.jpg\" alt=\"\" \/><\/a><\/div>\n<div><\/div>\n<div><\/div>\n<\/div>\n<\/div><\/section><\/p><\/div>\n<style type=\"text\/css\" data-created_by=\"avia_inline_auto\" id=\"style-css-av-2jljf-19-18a6dcde552b2109bc7e9c89068b7411\">\n#top .flex_column.av-2jljf-19-18a6dcde552b2109bc7e9c89068b7411{\nmargin-top:0px;\nmargin-bottom:0px;\n}\n.flex_column.av-2jljf-19-18a6dcde552b2109bc7e9c89068b7411{\nborder-radius:0px 0px 0px 0px;\npadding:0px 0px 0px 0px;\n}\n.responsive #top #wrap_all .flex_column.av-2jljf-19-18a6dcde552b2109bc7e9c89068b7411{\nmargin-top:0px;\nmargin-bottom:0px;\n}\n<\/style>\n<div  class='flex_column av-2jljf-19-18a6dcde552b2109bc7e9c89068b7411 av_three_fourth  avia-builder-el-11  el_after_av_one_fourth  el_before_av_hr  no_margin flex_column_div av-animated-generic fade-in av-zero-column-padding  column-top-margin'     ><p>\n<style type=\"text\/css\" data-created_by=\"avia_inline_auto\" id=\"style-css-av-k74yodf3-12-e95ec0b738820ea979bd5618c312ad06\">\n#top .hr.hr-invisible.av-k74yodf3-12-e95ec0b738820ea979bd5618c312ad06{\nheight:25px;\n}\n<\/style>\n<div  class='hr av-k74yodf3-12-e95ec0b738820ea979bd5618c312ad06 hr-invisible  avia-builder-el-12  el_before_av_image  avia-builder-el-first  av-medium-hide av-small-hide av-mini-hide'><span class='hr-inner '><span class=\"hr-inner-style\"><\/span><\/span><\/div><br \/>\n\n<style type=\"text\/css\" data-created_by=\"avia_inline_auto\" id=\"style-css-av-k7exqptx-17-6988d9162ef31fc6e35109da0392f5f0\">\n.avia-image-container.av-k7exqptx-17-6988d9162ef31fc6e35109da0392f5f0 img.avia_image{\nbox-shadow:none;\n}\n.avia-image-container.av-k7exqptx-17-6988d9162ef31fc6e35109da0392f5f0 .av-image-caption-overlay-center{\ncolor:#ffffff;\n}\n<\/style>\n<div  class='avia-image-container av-k7exqptx-17-6988d9162ef31fc6e35109da0392f5f0 av-styling- avia-align-center  avia-builder-el-13  el_after_av_hr  avia-builder-el-last  av-medium-hide av-small-hide av-mini-hide'   itemprop=\"image\" itemscope=\"itemscope\" itemtype=\"https:\/\/schema.org\/ImageObject\" ><div class=\"avia-image-container-inner\"><div class=\"avia-image-overlay-wrap\"><img decoding=\"async\" fetchpriority=\"high\" class='wp-image-40320 avia-img-lazy-loading-not-40320 avia_image ' src=\"https:\/\/rechtsanwalt.fr\/wp-content\/uploads\/2025\/07\/profil_anne_sophie_koch_epp.jpg\" alt='Anne-Sophie Koch en Allemagne, EPP Rechtsanw\u00e4lte Avocats' title='Anne-Sophie Koch en Allemagne, EPP Rechtsanw\u00e4lte Avocats'  height=\"758\" width=\"1400\"  itemprop=\"thumbnailUrl\" srcset=\"https:\/\/rechtsanwalt.fr\/wp-content\/uploads\/2025\/07\/profil_anne_sophie_koch_epp.jpg 1400w, https:\/\/rechtsanwalt.fr\/wp-content\/uploads\/2025\/07\/profil_anne_sophie_koch_epp-300x162.jpg 300w, https:\/\/rechtsanwalt.fr\/wp-content\/uploads\/2025\/07\/profil_anne_sophie_koch_epp-1030x558.jpg 1030w, https:\/\/rechtsanwalt.fr\/wp-content\/uploads\/2025\/07\/profil_anne_sophie_koch_epp-768x416.jpg 768w, https:\/\/rechtsanwalt.fr\/wp-content\/uploads\/2025\/07\/profil_anne_sophie_koch_epp-705x382.jpg 705w\" sizes=\"(max-width: 1400px) 100vw, 1400px\" \/><\/div><\/div><\/div><\/p><\/div>\n<style type=\"text\/css\" data-created_by=\"avia_inline_auto\" id=\"style-css-av-k74yodf3-9-f55579ded3da0fcfe6d63b5ff0bfc8a1\">\n#top .hr.hr-invisible.av-k74yodf3-9-f55579ded3da0fcfe6d63b5ff0bfc8a1{\nheight:40px;\n}\n<\/style>\n<div  class='hr av-k74yodf3-9-f55579ded3da0fcfe6d63b5ff0bfc8a1 hr-invisible  avia-builder-el-14  el_after_av_three_fourth  el_before_av_hr  av-medium-hide av-small-hide av-mini-hide'><span class='hr-inner '><span class=\"hr-inner-style\"><\/span><\/span><\/div>\n\n<style type=\"text\/css\" data-created_by=\"avia_inline_auto\" id=\"style-css-av-k74yodf3-8-0075d150cd249dc87fdda7187455e775\">\n#top .hr.hr-invisible.av-k74yodf3-8-0075d150cd249dc87fdda7187455e775{\nheight:20px;\n}\n<\/style>\n<div  class='hr av-k74yodf3-8-0075d150cd249dc87fdda7187455e775 hr-invisible  avia-builder-el-15  el_after_av_hr  avia-builder-el-last  av-desktop-hide'><span class='hr-inner '><span class=\"hr-inner-style\"><\/span><\/span><\/div>\n<\/div><\/div><\/main><!-- close content main element --><\/div><\/div><div id='av_section_2'  class='avia-section av-k7f0653e-f753c13c55d001ff6ae5572c98fae70d main_color avia-section-default avia-no-border-styling  avia-builder-el-16  el_after_av_section  el_before_av_codeblock  avia-bg-style-scroll container_wrap sidebar_left'  ><div class='container av-section-cont-open' ><div class='template-page content  av-content-small units'><div class='post-entry post-entry-type-page post-entry-40323'><div class='entry-content-wrapper clearfix'>\n\n<style type=\"text\/css\" data-created_by=\"avia_inline_auto\" id=\"style-css-av-9wkhy-16-c9ed6126bba576aa7016f0e7160fdc41\">\n#top .flex_column.av-9wkhy-16-c9ed6126bba576aa7016f0e7160fdc41{\nmargin-top:0px;\nmargin-bottom:0px;\n}\n.flex_column.av-9wkhy-16-c9ed6126bba576aa7016f0e7160fdc41{\nborder-radius:8px 8px 8px 8px;\npadding:0px 0px 10px 0px;\n}\n.responsive #top #wrap_all .flex_column.av-9wkhy-16-c9ed6126bba576aa7016f0e7160fdc41{\nmargin-top:0px;\nmargin-bottom:0px;\n}\n<\/style>\n<div  class='flex_column av-9wkhy-16-c9ed6126bba576aa7016f0e7160fdc41 av_one_fourth  avia-builder-el-17  el_before_av_three_fourth  avia-builder-el-first  first no_margin flex_column_div  '     ><section  class='av_textblock_section av-k74yk2wx-11-d373f0800fc957374bef8600aeab67a9 '   itemscope=\"itemscope\" itemtype=\"https:\/\/schema.org\/CreativeWork\" ><div class='avia_textblock'  itemprop=\"text\" ><div id=\"person_leistungen_sidebar-bottom-title\">Bureaux<\/div>\n<div id=\"person_leistungen_sidebar-bottom\">\n<div class=\"leistungen_sidebar_svg\"><a href=\"https:\/\/rechtsanwalt.fr\/fr\/bureaux\/\/baden-baden\/\"><img decoding=\"async\" src=\"https:\/\/rechtsanwalt.fr\/wp-content\/uploads\/2020\/07\/kachel_baden_epp.jpg\" alt=\"\" \/><\/a><\/div>\n<div class=\"leistungen_sidebar_svg\"><a href=\"https:\/\/rechtsanwalt.fr\/fr\/bureaux\/strasbourg\/\"><img decoding=\"async\" src=\"https:\/\/rechtsanwalt.fr\/wp-content\/uploads\/2020\/07\/kachel_strasbourg_epp.jpg\" alt=\"\" \/><\/a><\/div>\n<\/div>\n<\/div><\/section><br \/>\n\n<style type=\"text\/css\" data-created_by=\"avia_inline_auto\" id=\"style-css-av-k69kke7t-4cdd9ecfc49b68852dc1bfc73bdeebea\">\n#top .hr.hr-invisible.av-k69kke7t-4cdd9ecfc49b68852dc1bfc73bdeebea{\nheight:20px;\n}\n<\/style>\n<div  class='hr av-k69kke7t-4cdd9ecfc49b68852dc1bfc73bdeebea hr-invisible  avia-builder-el-19  el_after_av_textblock  avia-builder-el-last '><span class='hr-inner '><span class=\"hr-inner-style\"><\/span><\/span><\/div><\/p><\/div>\n<style type=\"text\/css\" data-created_by=\"avia_inline_auto\" id=\"style-css-av-2jljf-10-3146090821efc0ed114c3db28a453601\">\n#top .flex_column.av-2jljf-10-3146090821efc0ed114c3db28a453601{\nmargin-top:0px;\nmargin-bottom:0px;\n}\n.flex_column.av-2jljf-10-3146090821efc0ed114c3db28a453601{\nborder-radius:0px 0px 0px 0px;\npadding:0px 0px 0px 0px;\n}\n.responsive #top #wrap_all .flex_column.av-2jljf-10-3146090821efc0ed114c3db28a453601{\nmargin-top:0px;\nmargin-bottom:0px;\n}\n<\/style>\n<div  class='flex_column av-2jljf-10-3146090821efc0ed114c3db28a453601 av_three_fourth  avia-builder-el-20  el_after_av_one_fourth  avia-builder-el-last  maintext_person no_margin flex_column_div av-animated-generic fade-in av-zero-column-padding  '     ><p>\n<style type=\"text\/css\" data-created_by=\"avia_inline_auto\" id=\"style-css-av-k69kke7t-7-322804b599d6942357368d4ac579bd69\">\n#top .hr.hr-invisible.av-k69kke7t-7-322804b599d6942357368d4ac579bd69{\nheight:20px;\n}\n<\/style>\n<div  class='hr av-k69kke7t-7-322804b599d6942357368d4ac579bd69 hr-invisible  avia-builder-el-21  el_before_av_heading  avia-builder-el-first '><span class='hr-inner '><span class=\"hr-inner-style\"><\/span><\/span><\/div><br \/>\n\n<style type=\"text\/css\" data-created_by=\"avia_inline_auto\" id=\"style-css-av-720qjk-30e9842d9a81187a09cd48acf2866b07\">\n#top .av-special-heading.av-720qjk-30e9842d9a81187a09cd48acf2866b07{\nmargin:0 0 0 0;\npadding-bottom:0;\ncolor:#79808b;\nfont-size:24px;\n}\nbody .av-special-heading.av-720qjk-30e9842d9a81187a09cd48acf2866b07 .av-special-heading-tag .heading-char{\nfont-size:25px;\n}\n#top #wrap_all .av-special-heading.av-720qjk-30e9842d9a81187a09cd48acf2866b07 .av-special-heading-tag{\nfont-size:24px;\n}\n.av-special-heading.av-720qjk-30e9842d9a81187a09cd48acf2866b07 .special-heading-inner-border{\nborder-color:#79808b;\n}\n.av-special-heading.av-720qjk-30e9842d9a81187a09cd48acf2866b07 .av-subheading{\nfont-size:30px;\n}\n\n@media only screen and (min-width: 480px) and (max-width: 767px){ \n#top #wrap_all .av-special-heading.av-720qjk-30e9842d9a81187a09cd48acf2866b07 .av-special-heading-tag{\nfont-size:0.8em;\n}\n}\n\n@media only screen and (max-width: 479px){ \n#top #wrap_all .av-special-heading.av-720qjk-30e9842d9a81187a09cd48acf2866b07 .av-special-heading-tag{\nfont-size:0.8em;\n}\n}\n<\/style>\n<div  class='av-special-heading av-720qjk-30e9842d9a81187a09cd48acf2866b07 av-special-heading-h2 custom-color-heading blockquote modern-quote  avia-builder-el-22  el_after_av_hr  el_before_av_hr  av-inherit-size av-linked-heading'><h2 class='av-special-heading-tag '  itemprop=\"headline\"  >Parcours<\/h2><div class=\"special-heading-border\"><div class=\"special-heading-inner-border\"><\/div><\/div><\/div><br \/>\n\n<style type=\"text\/css\" data-created_by=\"avia_inline_auto\" id=\"style-css-av-k69kke7t-6-f9027304ef7277482f5af7952b383752\">\n#top .hr.hr-invisible.av-k69kke7t-6-f9027304ef7277482f5af7952b383752{\nheight:10px;\n}\n<\/style>\n<div  class='hr av-k69kke7t-6-f9027304ef7277482f5af7952b383752 hr-invisible  avia-builder-el-23  el_after_av_heading  el_before_av_textblock '><span class='hr-inner '><span class=\"hr-inner-style\"><\/span><\/span><\/div><br \/>\n\n<style type=\"text\/css\" data-created_by=\"avia_inline_auto\" id=\"style-css-av-jgfdunv8-f787c5fba207edb630e27a036cbfa99e\">\n#top .av_textblock_section.av-jgfdunv8-f787c5fba207edb630e27a036cbfa99e .avia_textblock{\ncolor:#79808b;\n}\n<\/style>\n<section  class='av_textblock_section av-jgfdunv8-f787c5fba207edb630e27a036cbfa99e '   itemscope=\"itemscope\" itemtype=\"https:\/\/schema.org\/CreativeWork\" ><div class='avia_textblock personen_liste av_inherit_color'  itemprop=\"text\" ><ul>\n<li>Dipl\u00f4me en gestion des m\u00e9dias et de la communication \u00e0 la HS Fresenius de Munich, sp\u00e9cialisation en Online Management et psychologie du personnel<\/li>\n<li>2017-2023 Activit\u00e9 ind\u00e9pendante dans le domaine du marketing digital, ax\u00e9e sur les strat\u00e9gies r\u00e9dactionnelles de communication<\/li>\n<li>2022-2024 Conseil en recrutement et d\u00e9veloppement du personnel, puis charg\u00e9e Marketing chez CBC<\/li>\n<li>2024 Entr\u00e9e au cabinet EPP<\/li>\n<\/ul>\n<\/div><\/section><br \/>\n\n<style type=\"text\/css\" data-created_by=\"avia_inline_auto\" id=\"style-css-av-k69kke7t-5-e0ab3a8296c5b1c06191254a65dde31f\">\n#top .hr.hr-invisible.av-k69kke7t-5-e0ab3a8296c5b1c06191254a65dde31f{\nheight:25px;\n}\n<\/style>\n<div  class='hr av-k69kke7t-5-e0ab3a8296c5b1c06191254a65dde31f hr-invisible  avia-builder-el-25  el_after_av_textblock  el_before_av_heading '><span class='hr-inner '><span class=\"hr-inner-style\"><\/span><\/span><\/div><br \/>\n\n<style type=\"text\/css\" data-created_by=\"avia_inline_auto\" id=\"style-css-av-5ju2s0-b8bbda14cc71e978c47ad04ed18c52b8\">\n#top .av-special-heading.av-5ju2s0-b8bbda14cc71e978c47ad04ed18c52b8{\nmargin:0 0 0 0;\npadding-bottom:0;\ncolor:#79808b;\nfont-size:24px;\n}\nbody .av-special-heading.av-5ju2s0-b8bbda14cc71e978c47ad04ed18c52b8 .av-special-heading-tag .heading-char{\nfont-size:25px;\n}\n#top #wrap_all .av-special-heading.av-5ju2s0-b8bbda14cc71e978c47ad04ed18c52b8 .av-special-heading-tag{\nfont-size:24px;\n}\n.av-special-heading.av-5ju2s0-b8bbda14cc71e978c47ad04ed18c52b8 .special-heading-inner-border{\nborder-color:#79808b;\n}\n.av-special-heading.av-5ju2s0-b8bbda14cc71e978c47ad04ed18c52b8 .av-subheading{\nfont-size:30px;\n}\n\n@media only screen and (min-width: 480px) and (max-width: 767px){ \n#top #wrap_all .av-special-heading.av-5ju2s0-b8bbda14cc71e978c47ad04ed18c52b8 .av-special-heading-tag{\nfont-size:0.8em;\n}\n}\n\n@media only screen and (max-width: 479px){ \n#top #wrap_all .av-special-heading.av-5ju2s0-b8bbda14cc71e978c47ad04ed18c52b8 .av-special-heading-tag{\nfont-size:0.8em;\n}\n}\n<\/style>\n<div  class='av-special-heading av-5ju2s0-b8bbda14cc71e978c47ad04ed18c52b8 av-special-heading-h2 custom-color-heading blockquote modern-quote  avia-builder-el-26  el_after_av_hr  el_before_av_hr  av-inherit-size av-linked-heading'><h2 class='av-special-heading-tag '  itemprop=\"headline\"  >Domaines d\u2019activit\u00e9<\/h2><div class=\"special-heading-border\"><div class=\"special-heading-inner-border\"><\/div><\/div><\/div><br \/>\n\n<style type=\"text\/css\" data-created_by=\"avia_inline_auto\" id=\"style-css-av-k69kke7t-3-15944ae23f1a1cf11363e070a05207fd\">\n#top .hr.hr-invisible.av-k69kke7t-3-15944ae23f1a1cf11363e070a05207fd{\nheight:10px;\n}\n<\/style>\n<div  class='hr av-k69kke7t-3-15944ae23f1a1cf11363e070a05207fd hr-invisible  avia-builder-el-27  el_after_av_heading  el_before_av_textblock '><span class='hr-inner '><span class=\"hr-inner-style\"><\/span><\/span><\/div><br \/>\n\n<style type=\"text\/css\" data-created_by=\"avia_inline_auto\" id=\"style-css-av-jgfdunv8-4-0da35991f68dc708b467c9c32446d863\">\n#top .av_textblock_section.av-jgfdunv8-4-0da35991f68dc708b467c9c32446d863 .avia_textblock{\ncolor:#79808b;\n}\n<\/style>\n<section  class='av_textblock_section av-jgfdunv8-4-0da35991f68dc708b467c9c32446d863 '   itemscope=\"itemscope\" itemtype=\"https:\/\/schema.org\/CreativeWork\" ><div class='avia_textblock personen_liste av_inherit_color'  itemprop=\"text\" ><ul>\n<li>Mise en \u0153uvre et d\u00e9veloppement continu de la strat\u00e9gie marketing du cabinet<\/li>\n<li>Conception et r\u00e9alisation de campagnes marketing<\/li>\n<li>Publication de contenus juridiques optimis\u00e9s pour les moteurs de recherche (SEO)<\/li>\n<li>Gestion des r\u00e9seaux sociaux<\/li>\n<li>Soutien \u00e0 l'organisation et \u00e0 la mise en \u0153uvre d'\u00e9v\u00e9nements organis\u00e9s par le cabinet<\/li>\n<li>Gestion du syst\u00e8me CRM<\/li>\n<\/ul>\n<\/div><\/section><br \/>\n\n<style type=\"text\/css\" data-created_by=\"avia_inline_auto\" id=\"style-css-av-k69kke7t-2-b1874af19a9a1a9b5fd206a68436b480\">\n#top .hr.hr-invisible.av-k69kke7t-2-b1874af19a9a1a9b5fd206a68436b480{\nheight:100px;\n}\n<\/style>\n<div  class='hr av-k69kke7t-2-b1874af19a9a1a9b5fd206a68436b480 hr-invisible  avia-builder-el-29  el_after_av_textblock  avia-builder-el-last '><span class='hr-inner '><span class=\"hr-inner-style\"><\/span><\/span><\/div><\/p><\/div><\/div><\/div><\/div><!-- close content main div --><\/div><\/div><div id='after_section_2'  class='main_color av_default_container_wrap container_wrap sidebar_left'  ><div class='container av-section-cont-open' ><div class='template-page content  av-content-small units'><div class='post-entry post-entry-type-page post-entry-40323'><div class='entry-content-wrapper clearfix'><\/p>\n\n<style type=\"text\/css\" data-created_by=\"avia_inline_auto\" id=\"style-css-av-k69kke7t-1-027daa7dc4c2858af2620871188f2ec1\">\n#top .hr.hr-invisible.av-k69kke7t-1-027daa7dc4c2858af2620871188f2ec1{\nheight:40px;\n}\n<\/style>\n<div  class='hr av-k69kke7t-1-027daa7dc4c2858af2620871188f2ec1 hr-invisible  avia-builder-el-31  el_after_av_codeblock  avia-builder-el-last '><span class='hr-inner '><span class=\"hr-inner-style\"><\/span><\/span><\/div>\n","protected":false},"excerpt":{"rendered":"","protected":false},"author":16,"featured_media":0,"parent":6662,"menu_order":0,"comment_status":"open","ping_status":"closed","template":"","meta":{"inline_featured_image":false,"footnotes":""},"class_list":["post-40323","page","type-page","status-publish","hentry"],"_links":{"self":[{"href":"https:\/\/rechtsanwalt.fr\/fr\/wp-json\/wp\/v2\/pages\/40323","targetHints":{"allow":["GET"]}}],"collection":[{"href":"https:\/\/rechtsanwalt.fr\/fr\/wp-json\/wp\/v2\/pages"}],"about":[{"href":"https:\/\/rechtsanwalt.fr\/fr\/wp-json\/wp\/v2\/types\/page"}],"author":[{"embeddable":true,"href":"https:\/\/rechtsanwalt.fr\/fr\/wp-json\/wp\/v2\/users\/16"}],"replies":[{"embeddable":true,"href":"https:\/\/rechtsanwalt.fr\/fr\/wp-json\/wp\/v2\/comments?post=40323"}],"version-history":[{"count":0,"href":"https:\/\/rechtsanwalt.fr\/fr\/wp-json\/wp\/v2\/pages\/40323\/revisions"}],"up":[{"embeddable":true,"href":"https:\/\/rechtsanwalt.fr\/fr\/wp-json\/wp\/v2\/pages\/6662"}],"wp:attachment":[{"href":"https:\/\/rechtsanwalt.fr\/fr\/wp-json\/wp\/v2\/media?parent=40323"}],"curies":[{"name":"wp","href":"https:\/\/api.w.org\/{rel}","templated":true}]}}