{"id":6704,"date":"2020-02-26T10:22:27","date_gmt":"2020-02-26T09:22:27","guid":{"rendered":"https:\/\/rechtsanwalt.fr\/competences\/erneuerbare-energien-fr\/"},"modified":"2026-03-16T13:14:46","modified_gmt":"2026-03-16T12:14:46","slug":"energies-renouvelables-en-france","status":"publish","type":"page","link":"https:\/\/rechtsanwalt.fr\/fr\/competences\/energies-renouvelables-en-france\/","title":{"rendered":"\u00c9nergies renouvelables en France"},"content":{"rendered":"\n<style type=\"text\/css\" data-created_by=\"avia_inline_auto\" id=\"style-css-av-145nae-aae134a2550e2e1837428214c0d308ba\">\n.avia-section.av-145nae-aae134a2550e2e1837428214c0d308ba{\nbackground-repeat:no-repeat;\nbackground-image:url(https:\/\/rechtsanwalt.fr\/wp-content\/uploads\/2020\/04\/erneuerbare_energien_fr_epp.jpg);\nbackground-position:50% 0%;\nbackground-attachment:scroll;\n}\n<\/style>\n<div id='locations_sub_background_img'  class='avia-section av-145nae-aae134a2550e2e1837428214c0d308ba main_color avia-section-no-padding avia-no-border-styling  avia-builder-el-0  el_before_av_section  avia-builder-el-first  avia-full-contain avia-bg-style-scroll container_wrap sidebar_left'  data-section-bg-repeat='contain'><div class='container av-section-cont-open' ><main  role=\"main\" itemprop=\"mainContentOfPage\"  class='template-page content  av-content-small units'><div class='post-entry post-entry-type-page post-entry-6704'><div class='entry-content-wrapper clearfix'>\n\n<style type=\"text\/css\" data-created_by=\"avia_inline_auto\" id=\"style-css-av-jgf3pjem-09b62468f0730bf36cdc85fb534de77f\">\n#top .flex_column.av-jgf3pjem-09b62468f0730bf36cdc85fb534de77f{\nmargin-top:0px;\nmargin-bottom:0px;\n}\n.flex_column.av-jgf3pjem-09b62468f0730bf36cdc85fb534de77f{\nborder-radius:0px 0px 0px 0px;\n}\n.responsive #top #wrap_all .flex_column.av-jgf3pjem-09b62468f0730bf36cdc85fb534de77f{\nmargin-top:0px;\nmargin-bottom:0px;\n}\n<\/style>\n<div  class='flex_column av-jgf3pjem-09b62468f0730bf36cdc85fb534de77f av_one_full  avia-builder-el-1  avia-builder-el-no-sibling  first flex_column_div av-animated-generic left-to-right  '     ><\/div>\n\n<\/div><\/div><\/main><!-- close content main element --><\/div><\/div><div id='rechtsgebiete_sub_sidebar'  class='avia-section av-ml9h7-9ab7c404bc5ece68c595fd4482ea7835 main_color avia-section-default avia-no-border-styling  avia-builder-el-2  el_after_av_section  el_before_av_section  avia-bg-style-scroll container_wrap sidebar_left'  ><div class='container av-section-cont-open' ><div class='template-page content  av-content-small units'><div class='post-entry post-entry-type-page post-entry-6704'><div class='entry-content-wrapper clearfix'>\n<div class='flex_column_table av-2jljf-e413c6095cbc846eebea02e1be0e4866 sc-av_three_fifth av-break-at-tablet-flextable av-equal-height-column-flextable'>\n<style type=\"text\/css\" data-created_by=\"avia_inline_auto\" id=\"style-css-av-2jljf-e413c6095cbc846eebea02e1be0e4866\">\n.flex_column.av-2jljf-e413c6095cbc846eebea02e1be0e4866{\nborder-radius:0px 0px 0px 0px;\npadding:0px 0px 0px 0px;\n}\n<\/style>\n<div  class='flex_column av-2jljf-e413c6095cbc846eebea02e1be0e4866 av_three_fifth  avia-builder-el-3  el_before_av_two_fifth  avia-builder-el-first  first av-break-at-tablet flex_column_table_cell av-equal-height-column av-align-top av-zero-column-padding  '     ><p>\n<style type=\"text\/css\" data-created_by=\"avia_inline_auto\" id=\"style-css-av-5qgewg-297909c052a5df3cae5dc4cccdcc4bee\">\n#top .av-special-heading.av-5qgewg-297909c052a5df3cae5dc4cccdcc4bee{\nmargin:0 0 0 0;\npadding-bottom:0;\ncolor:#79808b;\nfont-size:24px;\n}\nbody .av-special-heading.av-5qgewg-297909c052a5df3cae5dc4cccdcc4bee .av-special-heading-tag .heading-char{\nfont-size:25px;\n}\n#top #wrap_all .av-special-heading.av-5qgewg-297909c052a5df3cae5dc4cccdcc4bee .av-special-heading-tag{\nfont-size:24px;\n}\n.av-special-heading.av-5qgewg-297909c052a5df3cae5dc4cccdcc4bee .special-heading-inner-border{\nborder-color:#79808b;\n}\n.av-special-heading.av-5qgewg-297909c052a5df3cae5dc4cccdcc4bee .av-subheading{\nfont-size:30px;\n}\n\n@media only screen and (min-width: 480px) and (max-width: 767px){ \n#top #wrap_all .av-special-heading.av-5qgewg-297909c052a5df3cae5dc4cccdcc4bee .av-special-heading-tag{\nfont-size:0.8em;\n}\n}\n\n@media only screen and (max-width: 479px){ \n#top #wrap_all .av-special-heading.av-5qgewg-297909c052a5df3cae5dc4cccdcc4bee .av-special-heading-tag{\nfont-size:0.8em;\n}\n}\n<\/style>\n<div  class='av-special-heading av-5qgewg-297909c052a5df3cae5dc4cccdcc4bee av-special-heading-h1 custom-color-heading blockquote modern-quote  avia-builder-el-4  el_before_av_textblock  avia-builder-el-first  av-inherit-size av-linked-heading'><h1 class='av-special-heading-tag '  itemprop=\"headline\"  >\u00c9nergies renouvelables en France<\/h1><div class=\"special-heading-border\"><div class=\"special-heading-inner-border\"><\/div><\/div><\/div><br \/>\n\n<style type=\"text\/css\" data-created_by=\"avia_inline_auto\" id=\"style-css-av-jgfdunv8-77a2ca991b6a687511edd9f6f291247d\">\n#top .av_textblock_section.av-jgfdunv8-77a2ca991b6a687511edd9f6f291247d .avia_textblock{\ncolor:#79808b;\n}\n<\/style>\n<section  class='av_textblock_section av-jgfdunv8-77a2ca991b6a687511edd9f6f291247d '   itemscope=\"itemscope\" itemtype=\"https:\/\/schema.org\/CreativeWork\" ><div class='avia_textblock av_inherit_color'  itemprop=\"text\" ><p>Notre Cabinet d\u2019Avocats accompagne et conseille les entreprises allemandes, suisses et autrichiennes ainsi que leurs filiales fran\u00e7aises dans le cadre de leur activit\u00e9 commerciale dans le domaine des \u00e9nergies renouvelables.<\/p>\n<p>Forte de son exp\u00e9rience, notre \u00e9quipe multidisciplinaire et bilingue (franco-allemand) vous accompagne dans l\u2019\u00e9tude et la r\u00e9alisation de vos projets relevant des \u00e9nergies renouvelables en France. Notre expertise juridique recouvre de nombreux domaines parmi lesquels\u00a0: la construction et l\u2019am\u00e9nagement du territoire, les proc\u00e9dures d\u2019autorisation administratives fran\u00e7aises, le droit fran\u00e7ais de l\u2019\u00e9nergie, les contrats d'utilisation, les s\u00fbret\u00e9s r\u00e9elles de droit fran\u00e7ais, les contrats de projet de construction, les transactions et structuration d\u2019entreprise en France.<\/p>\n<p>Nous vous accompagnons pour toutes probl\u00e9matiques juridiques relevant du droit fran\u00e7ais et ayant trait \u00e0 vos projets dans le domaine des \u00e9nergies renouvelables, de la conception \u00e0 l\u2019exploitation en passant par l\u2019acquisition ou la cession d\u2019installations et la constitution d\u2019une soci\u00e9t\u00e9 de projet d\u00e9di\u00e9e (SPV).<\/p>\n<p>Parmi nos clients, nous comptons aussi bien des concepteurs que des investisseurs priv\u00e9s et institutionnels.<\/p>\n<\/div><\/section><br \/>\n\n<style type=\"text\/css\" data-created_by=\"avia_inline_auto\" id=\"style-css-av-k69kke7t-3f3c4e147eca293cff81ec2bede0f1d7\">\n#top .hr.hr-invisible.av-k69kke7t-3f3c4e147eca293cff81ec2bede0f1d7{\nheight:25px;\n}\n<\/style>\n<div  class='hr av-k69kke7t-3f3c4e147eca293cff81ec2bede0f1d7 hr-invisible  avia-builder-el-6  el_after_av_textblock  el_before_av_heading '><span class='hr-inner '><span class=\"hr-inner-style\"><\/span><\/span><\/div><br \/>\n\n<style type=\"text\/css\" data-created_by=\"avia_inline_auto\" id=\"style-css-av-4ksxf4-42968c111628a6f79b5c9c4edc92afcd\">\n#top .av-special-heading.av-4ksxf4-42968c111628a6f79b5c9c4edc92afcd{\nmargin:0 0 0 0;\npadding-bottom:0;\ncolor:#79808b;\nfont-size:24px;\n}\nbody .av-special-heading.av-4ksxf4-42968c111628a6f79b5c9c4edc92afcd .av-special-heading-tag .heading-char{\nfont-size:25px;\n}\n#top #wrap_all .av-special-heading.av-4ksxf4-42968c111628a6f79b5c9c4edc92afcd .av-special-heading-tag{\nfont-size:24px;\n}\n.av-special-heading.av-4ksxf4-42968c111628a6f79b5c9c4edc92afcd .special-heading-inner-border{\nborder-color:#79808b;\n}\n.av-special-heading.av-4ksxf4-42968c111628a6f79b5c9c4edc92afcd .av-subheading{\nfont-size:30px;\n}\n\n@media only screen and (min-width: 480px) and (max-width: 767px){ \n#top #wrap_all .av-special-heading.av-4ksxf4-42968c111628a6f79b5c9c4edc92afcd .av-special-heading-tag{\nfont-size:0.8em;\n}\n}\n\n@media only screen and (max-width: 479px){ \n#top #wrap_all .av-special-heading.av-4ksxf4-42968c111628a6f79b5c9c4edc92afcd .av-special-heading-tag{\nfont-size:0.8em;\n}\n}\n<\/style>\n<div  class='av-special-heading av-4ksxf4-42968c111628a6f79b5c9c4edc92afcd av-special-heading-h2 custom-color-heading blockquote modern-quote  avia-builder-el-7  el_after_av_hr  el_before_av_hr  av-inherit-size av-linked-heading'><h2 class='av-special-heading-tag '  itemprop=\"headline\"  >Nos prestations en mati\u00e8re d\u2019\u00e9nergies renouvelables en France<\/h2><div class=\"special-heading-border\"><div class=\"special-heading-inner-border\"><\/div><\/div><\/div><br \/>\n\n<style type=\"text\/css\" data-created_by=\"avia_inline_auto\" id=\"style-css-av-k69kke7t-17-30bb8ff98b3cd22648d8c0e86b53f2f5\">\n#top .hr.hr-invisible.av-k69kke7t-17-30bb8ff98b3cd22648d8c0e86b53f2f5{\nheight:10px;\n}\n<\/style>\n<div  class='hr av-k69kke7t-17-30bb8ff98b3cd22648d8c0e86b53f2f5 hr-invisible  avia-builder-el-8  el_after_av_heading  el_before_av_textblock '><span class='hr-inner '><span class=\"hr-inner-style\"><\/span><\/span><\/div><br \/>\n\n<style type=\"text\/css\" data-created_by=\"avia_inline_auto\" id=\"style-css-av-jgfdunv8-18-87b1d5ed4f208849600c32c3b665fa57\">\n#top .av_textblock_section.av-jgfdunv8-18-87b1d5ed4f208849600c32c3b665fa57 .avia_textblock{\ncolor:#79808b;\n}\n<\/style>\n<section  class='av_textblock_section av-jgfdunv8-18-87b1d5ed4f208849600c32c3b665fa57 '   itemscope=\"itemscope\" itemtype=\"https:\/\/schema.org\/CreativeWork\" ><div class='avia_textblock kompetenz_leistungen av_inherit_color'  itemprop=\"text\" ><ul>\n<li>Accompagnement pour les investissements transfrontaliers (vers la France) dans le domaine des \u00e9nergies renouvelables (photovolta\u00efque, \u00e9olien, hydraulique et biogaz)<\/li>\n<li>R\u00e9alisation d\u2019audit de projets en France<\/li>\n<li>R\u00e9daction de contrats bilingues (franco-allemands) pour la construction d\u2019installations de production d\u2019\u00e9nergies renouvelables en France<\/li>\n<li>Constitution, accompagnement en cours de vie sociale, cession et liquidation d\u2019une soci\u00e9t\u00e9 de projet d\u00e9di\u00e9e (SPV) ou d\u2019installations conform\u00e9ment aux r\u00e8gles applicables en France<\/li>\n<\/ul>\n<\/div><\/section><br \/>\n\n<style type=\"text\/css\" data-created_by=\"avia_inline_auto\" id=\"style-css-av-k69kke7t-16-6fc59fffeab8e91fbf90c9ef7679fabe\">\n#top .hr.hr-invisible.av-k69kke7t-16-6fc59fffeab8e91fbf90c9ef7679fabe{\nheight:5px;\n}\n<\/style>\n<div  class='hr av-k69kke7t-16-6fc59fffeab8e91fbf90c9ef7679fabe hr-invisible  avia-builder-el-10  el_after_av_textblock  el_before_av_hr '><span class='hr-inner '><span class=\"hr-inner-style\"><\/span><\/span><\/div><br \/>\n\n<style type=\"text\/css\" data-created_by=\"avia_inline_auto\" id=\"style-css-av-k69kke7t-14-a9937873a186c38421d88f7c08f51b75\">\n#top .hr.hr-invisible.av-k69kke7t-14-a9937873a186c38421d88f7c08f51b75{\nheight:10px;\n}\n<\/style>\n<div  class='hr av-k69kke7t-14-a9937873a186c38421d88f7c08f51b75 hr-invisible  avia-builder-el-11  el_after_av_hr  el_before_av_textblock  av-desktop-hide av-medium-hide'><span class='hr-inner '><span class=\"hr-inner-style\"><\/span><\/span><\/div><br \/>\n<section  class='av_textblock_section av-jgfdunv8-15-c31cf3184216ef7ccc1242c59a94005c '   itemscope=\"itemscope\" itemtype=\"https:\/\/schema.org\/CreativeWork\" ><div class='av-small-hide av-mini-hide avia_textblock av_inherit_color'  itemprop=\"text\" ><div id=\"icon_back\">\n<p><a href=\"https:\/\/rechtsanwalt.fr\/fr\/competences\/\"><img decoding=\"async\" class=\"alignleft\" src=\"https:\/\/rechtsanwalt.fr\/wp-content\/uploads\/2020\/06\/menu_icon_fr_desktop_fr\" alt=\"\" width=\"250\" height=\"48\" \/><\/a><\/p>\n<\/div>\n<\/div><\/section><br \/>\n<section  class='av_textblock_section av-jgfdunv8-12-4361cdcf8e09e7c169b7ceb7855cf70a '   itemscope=\"itemscope\" itemtype=\"https:\/\/schema.org\/CreativeWork\" ><div class='av-desktop-hide av-medium-hide avia_textblock av_inherit_color'  itemprop=\"text\" ><div id=\"icon_back\"><a href=\"https:\/\/rechtsanwalt.fr\/fr\/competences\/\"><img decoding=\"async\" src=\"https:\/\/rechtsanwalt.fr\/wp-content\/uploads\/2020\/06\/menu_icon_fr_mobile_fr.svg\" alt=\"\" width=\"216\" height=\"48\" \/><br \/>\n<\/a><\/div>\n<\/div><\/section><br \/>\n\n<style type=\"text\/css\" data-created_by=\"avia_inline_auto\" id=\"style-css-av-k69kke7t-13-980422fc73c56fc357759f9275ce5c72\">\n#top .hr.hr-invisible.av-k69kke7t-13-980422fc73c56fc357759f9275ce5c72{\nheight:40px;\n}\n<\/style>\n<div  class='hr av-k69kke7t-13-980422fc73c56fc357759f9275ce5c72 hr-invisible  avia-builder-el-14  el_after_av_textblock  el_before_av_heading '><span class='hr-inner '><span class=\"hr-inner-style\"><\/span><\/span><\/div><br \/>\n\n<style type=\"text\/css\" data-created_by=\"avia_inline_auto\" id=\"style-css-av-kmc95um0-4044c7020f7b66d26830e16061a38adf\">\n#top .av-special-heading.av-kmc95um0-4044c7020f7b66d26830e16061a38adf{\nmargin:0 0 0 0;\npadding-bottom:0;\ncolor:#79808b;\nfont-size:24px;\n}\nbody .av-special-heading.av-kmc95um0-4044c7020f7b66d26830e16061a38adf .av-special-heading-tag .heading-char{\nfont-size:25px;\n}\n#top #wrap_all .av-special-heading.av-kmc95um0-4044c7020f7b66d26830e16061a38adf .av-special-heading-tag{\nfont-size:24px;\n}\n.av-special-heading.av-kmc95um0-4044c7020f7b66d26830e16061a38adf .special-heading-inner-border{\nborder-color:#79808b;\n}\n.av-special-heading.av-kmc95um0-4044c7020f7b66d26830e16061a38adf .av-subheading{\nfont-size:30px;\n}\n\n@media only screen and (min-width: 480px) and (max-width: 767px){ \n#top #wrap_all .av-special-heading.av-kmc95um0-4044c7020f7b66d26830e16061a38adf .av-special-heading-tag{\nfont-size:0.8em;\n}\n}\n\n@media only screen and (max-width: 479px){ \n#top #wrap_all .av-special-heading.av-kmc95um0-4044c7020f7b66d26830e16061a38adf .av-special-heading-tag{\nfont-size:0.8em;\n}\n}\n<\/style>\n<div  class='av-special-heading av-kmc95um0-4044c7020f7b66d26830e16061a38adf av-special-heading-h2 custom-color-heading blockquote modern-quote  avia-builder-el-15  el_after_av_hr  el_before_av_hr  av-inherit-size av-linked-heading'><h2 class='av-special-heading-tag '  itemprop=\"headline\"  >Membre adh\u00e9rent:<\/h2><div class=\"special-heading-border\"><div class=\"special-heading-inner-border\"><\/div><\/div><\/div><br \/>\n\n<style type=\"text\/css\" data-created_by=\"avia_inline_auto\" id=\"style-css-av-k69kke7t-10-de8885a74cb7882adcd7a8ed4d26a4e1\">\n#top .hr.hr-invisible.av-k69kke7t-10-de8885a74cb7882adcd7a8ed4d26a4e1{\nheight:10px;\n}\n<\/style>\n<div  class='hr av-k69kke7t-10-de8885a74cb7882adcd7a8ed4d26a4e1 hr-invisible  avia-builder-el-16  el_after_av_heading  el_before_av_textblock '><span class='hr-inner '><span class=\"hr-inner-style\"><\/span><\/span><\/div><br \/>\n\n<style type=\"text\/css\" data-created_by=\"avia_inline_auto\" id=\"style-css-av-jgfdunv8-11-46c18350792b7767d951cf4959cd0679\">\n#top .av_textblock_section.av-jgfdunv8-11-46c18350792b7767d951cf4959cd0679 .avia_textblock{\ncolor:#79808b;\n}\n<\/style>\n<section  class='av_textblock_section av-jgfdunv8-11-46c18350792b7767d951cf4959cd0679 '   itemscope=\"itemscope\" itemtype=\"https:\/\/schema.org\/CreativeWork\" ><div class='avia_textblock kompetenz_leistungen av_inherit_color'  itemprop=\"text\" ><p><a href=\"https:\/\/energie-fr-de.eu\/fr\/qui-sommes-nous.html\" target=\"_blank\" rel=\"noopener noreferrer nofollow\"><img decoding=\"async\" class=\"alignnone wp-image-14077\" src=\"https:\/\/rechtsanwalt.fr\/wp-content\/uploads\/2021\/03\/dfbew_ofate_logo.jpg\" alt=\"\" width=\"250\" height=\"107\" srcset=\"https:\/\/rechtsanwalt.fr\/wp-content\/uploads\/2021\/03\/dfbew_ofate_logo.jpg 800w, https:\/\/rechtsanwalt.fr\/wp-content\/uploads\/2021\/03\/dfbew_ofate_logo-300x129.jpg 300w, https:\/\/rechtsanwalt.fr\/wp-content\/uploads\/2021\/03\/dfbew_ofate_logo-768x329.jpg 768w, https:\/\/rechtsanwalt.fr\/wp-content\/uploads\/2021\/03\/dfbew_ofate_logo-705x302.jpg 705w\" sizes=\"(max-width: 250px) 100vw, 250px\" \/><\/a><\/p>\n<\/div><\/section><br \/>\n\n<style type=\"text\/css\" data-created_by=\"avia_inline_auto\" id=\"style-css-av-k69kke7t-9-a33ea0fb48882c8f964ab7f64fecba33\">\n#top .hr.hr-invisible.av-k69kke7t-9-a33ea0fb48882c8f964ab7f64fecba33{\nheight:50px;\n}\n<\/style>\n<div  class='hr av-k69kke7t-9-a33ea0fb48882c8f964ab7f64fecba33 hr-invisible  avia-builder-el-18  el_after_av_textblock  avia-builder-el-last '><span class='hr-inner '><span class=\"hr-inner-style\"><\/span><\/span><\/div><\/p><\/div><div class='av-flex-placeholder'><\/div>\n<style type=\"text\/css\" data-created_by=\"avia_inline_auto\" id=\"style-css-av-9wkhy-9c2792bee3c71607c9babe1574d575b9\">\n.flex_column.av-9wkhy-9c2792bee3c71607c9babe1574d575b9{\nborder-radius:0px 0px 0px 0px;\npadding:0px 0px 10px 0px;\n}\n<\/style>\n<div  class='flex_column av-9wkhy-9c2792bee3c71607c9babe1574d575b9 av_two_fifth  avia-builder-el-19  el_after_av_three_fifth  avia-builder-el-last  av-break-at-tablet flex_column_table_cell av-equal-height-column av-align-top  '     ><p>\n<style type=\"text\/css\" data-created_by=\"avia_inline_auto\" id=\"style-css-av-392e4w-64900ef47989acfa9c11e9009bc7aa45\">\n#top .av-special-heading.av-392e4w-64900ef47989acfa9c11e9009bc7aa45{\nmargin:0 0 0 0;\npadding-bottom:0;\ncolor:#79808b;\nfont-size:24px;\n}\nbody .av-special-heading.av-392e4w-64900ef47989acfa9c11e9009bc7aa45 .av-special-heading-tag .heading-char{\nfont-size:25px;\n}\n#top #wrap_all .av-special-heading.av-392e4w-64900ef47989acfa9c11e9009bc7aa45 .av-special-heading-tag{\nfont-size:24px;\n}\n.av-special-heading.av-392e4w-64900ef47989acfa9c11e9009bc7aa45 .special-heading-inner-border{\nborder-color:#79808b;\n}\n.av-special-heading.av-392e4w-64900ef47989acfa9c11e9009bc7aa45 .av-subheading{\nfont-size:30px;\n}\n\n@media only screen and (min-width: 480px) and (max-width: 767px){ \n#top #wrap_all .av-special-heading.av-392e4w-64900ef47989acfa9c11e9009bc7aa45 .av-special-heading-tag{\nfont-size:0.8em;\n}\n}\n\n@media only screen and (max-width: 479px){ \n#top #wrap_all .av-special-heading.av-392e4w-64900ef47989acfa9c11e9009bc7aa45 .av-special-heading-tag{\nfont-size:0.8em;\n}\n}\n<\/style>\n<div  class='av-special-heading av-392e4w-64900ef47989acfa9c11e9009bc7aa45 av-special-heading-h2 custom-color-heading blockquote modern-quote  avia-builder-el-20  el_before_av_hr  avia-builder-el-first  av-inherit-size av-linked-heading'><h2 class='av-special-heading-tag '  itemprop=\"headline\"  >Vos interlocuteurs en mati\u00e8re d\u2019\u00e9nergies renouvelables pour la France<\/h2><div class=\"special-heading-border\"><div class=\"special-heading-inner-border\"><\/div><\/div><\/div><br \/>\n\n<style type=\"text\/css\" data-created_by=\"avia_inline_auto\" id=\"style-css-av-k69kke7t-7-ba01bef81dc858b946273a5b42bae1fd\">\n#top .hr.hr-invisible.av-k69kke7t-7-ba01bef81dc858b946273a5b42bae1fd{\nheight:25px;\n}\n<\/style>\n<div  class='hr av-k69kke7t-7-ba01bef81dc858b946273a5b42bae1fd hr-invisible  avia-builder-el-21  el_after_av_heading  el_before_av_codeblock '><span class='hr-inner '><span class=\"hr-inner-style\"><\/span><\/span><\/div><br \/>\n<\/p><\/div><\/div><!--close column table wrapper. Autoclose: 1 --><\/div><\/div><\/div><!-- close content main div --><\/div><\/div><div id='section_team_personen'  class='avia-section av-k70a4jhm-e13cf249c1c5c0c282d562b75b2a1e39 main_color avia-section-default avia-no-border-styling  avia-builder-el-23  el_after_av_section  el_before_av_codeblock  avia-bg-style-scroll container_wrap sidebar_left'  ><div class='container av-section-cont-open' ><div class='template-page content  av-content-small units'><div class='post-entry post-entry-type-page post-entry-6704'><div class='entry-content-wrapper clearfix'>\n\n<style type=\"text\/css\" data-created_by=\"avia_inline_auto\" id=\"style-css-av-k69kke7t-6-899fd08310f1f8cb6566e56917926a93\">\n#top .hr.hr-invisible.av-k69kke7t-6-899fd08310f1f8cb6566e56917926a93{\nheight:25px;\n}\n<\/style>\n<div  class='hr av-k69kke7t-6-899fd08310f1f8cb6566e56917926a93 hr-invisible  avia-builder-el-24  el_before_av_heading  avia-builder-el-first '><span class='hr-inner '><span class=\"hr-inner-style\"><\/span><\/span><\/div>\n\n<style type=\"text\/css\" data-created_by=\"avia_inline_auto\" id=\"style-css-av-khuwue7y-c3aecc6dacfc37ce41dea77677e139f2\">\n#top .av-special-heading.av-khuwue7y-c3aecc6dacfc37ce41dea77677e139f2{\nmargin:0 0 0 0;\npadding-bottom:0;\ncolor:#79808b;\nfont-size:24px;\n}\nbody .av-special-heading.av-khuwue7y-c3aecc6dacfc37ce41dea77677e139f2 .av-special-heading-tag .heading-char{\nfont-size:25px;\n}\n#top #wrap_all .av-special-heading.av-khuwue7y-c3aecc6dacfc37ce41dea77677e139f2 .av-special-heading-tag{\nfont-size:24px;\n}\n.av-special-heading.av-khuwue7y-c3aecc6dacfc37ce41dea77677e139f2 .special-heading-inner-border{\nborder-color:#79808b;\n}\n.av-special-heading.av-khuwue7y-c3aecc6dacfc37ce41dea77677e139f2 .av-subheading{\nfont-size:30px;\n}\n\n@media only screen and (min-width: 480px) and (max-width: 767px){ \n#top #wrap_all .av-special-heading.av-khuwue7y-c3aecc6dacfc37ce41dea77677e139f2 .av-special-heading-tag{\nfont-size:0.8em;\n}\n}\n\n@media only screen and (max-width: 479px){ \n#top #wrap_all .av-special-heading.av-khuwue7y-c3aecc6dacfc37ce41dea77677e139f2 .av-special-heading-tag{\nfont-size:0.8em;\n}\n}\n<\/style>\n<div  class='av-special-heading av-khuwue7y-c3aecc6dacfc37ce41dea77677e139f2 av-special-heading-h2 custom-color-heading blockquote modern-quote  avia-builder-el-25  el_after_av_hr  el_before_av_hr  av-inherit-size av-linked-heading'><h2 class='av-special-heading-tag '  itemprop=\"headline\"  >Notre \u00e9quipe franco-allemande dans le domaine des \u00e9nergies renouvelables en France<\/h2><div class=\"special-heading-border\"><div class=\"special-heading-inner-border\"><\/div><\/div><\/div>\n\n<style type=\"text\/css\" data-created_by=\"avia_inline_auto\" id=\"style-css-av-k69kke7t-4-1a9fc43066f348e1441c78e70e5b1ccb\">\n#top .hr.hr-invisible.av-k69kke7t-4-1a9fc43066f348e1441c78e70e5b1ccb{\nheight:25px;\n}\n<\/style>\n<div  class='hr av-k69kke7t-4-1a9fc43066f348e1441c78e70e5b1ccb hr-invisible  avia-builder-el-26  el_after_av_heading  el_before_av_codeblock '><span class='hr-inner '><span class=\"hr-inner-style\"><\/span><\/span><\/div>\n\n<\/div><\/div><\/div><!-- close content main div --><\/div><\/div><div id='after_section_3'  class='main_color av_default_container_wrap container_wrap sidebar_left'  ><div class='container av-section-cont-open' ><div class='template-page content  av-content-small units'><div class='post-entry post-entry-type-page post-entry-6704'><div class='entry-content-wrapper clearfix'><\/p>\n<section  class='av_textblock_section av-jgfdunv8-8-62b3cb55cc5393c75e01f40207d38f83 '   itemscope=\"itemscope\" itemtype=\"https:\/\/schema.org\/CreativeWork\" ><div class='av-small-hide av-mini-hide avia_textblock av_inherit_color'  itemprop=\"text\" ><div id=\"icon_back_2\"><a href=\"https:\/\/rechtsanwalt.fr\/fr\/competences\/\"><br \/>\n<img decoding=\"async\" src=\"https:\/\/rechtsanwalt.fr\/wp-content\/uploads\/2020\/06\/menu_icon_fr_desktop_fr.svg\" alt=\"\" width=\"250\" height=\"48\" \/><\/a><\/div>\n<\/div><\/section>\n<section  class='av_textblock_section av-jgfdunv8-1-2bdffc474b70539f0856279a89fcdbbe '   itemscope=\"itemscope\" itemtype=\"https:\/\/schema.org\/CreativeWork\" ><div class='av-desktop-hide av-medium-hide avia_textblock av_inherit_color'  itemprop=\"text\" ><div id=\"icon_back_2\"><a href=\"https:\/\/rechtsanwalt.fr\/fr\/competences\/\"><br \/>\n<img decoding=\"async\" src=\"https:\/\/rechtsanwalt.fr\/wp-content\/uploads\/2020\/06\/menu_icon_fr_mobile_fr.svg\" alt=\"\" width=\"216\" height=\"48\" \/><\/a><\/div>\n<\/div><\/section>\n\n<style type=\"text\/css\" data-created_by=\"avia_inline_auto\" id=\"style-css-av-k69kke7t-3-15c1a6544d2f452e94a753c57f927359\">\n#top .hr.hr-invisible.av-k69kke7t-3-15c1a6544d2f452e94a753c57f927359{\nheight:40px;\n}\n<\/style>\n<div  class='hr av-k69kke7t-3-15c1a6544d2f452e94a753c57f927359 hr-invisible  avia-builder-el-31  el_after_av_textblock  avia-builder-el-last '><span class='hr-inner '><span class=\"hr-inner-style\"><\/span><\/span><\/div>\n","protected":false},"excerpt":{"rendered":"","protected":false},"author":1,"featured_media":0,"parent":6656,"menu_order":0,"comment_status":"closed","ping_status":"closed","template":"","meta":{"inline_featured_image":false,"footnotes":""},"class_list":["post-6704","page","type-page","status-publish","hentry"],"_links":{"self":[{"href":"https:\/\/rechtsanwalt.fr\/fr\/wp-json\/wp\/v2\/pages\/6704","targetHints":{"allow":["GET"]}}],"collection":[{"href":"https:\/\/rechtsanwalt.fr\/fr\/wp-json\/wp\/v2\/pages"}],"about":[{"href":"https:\/\/rechtsanwalt.fr\/fr\/wp-json\/wp\/v2\/types\/page"}],"author":[{"embeddable":true,"href":"https:\/\/rechtsanwalt.fr\/fr\/wp-json\/wp\/v2\/users\/1"}],"replies":[{"embeddable":true,"href":"https:\/\/rechtsanwalt.fr\/fr\/wp-json\/wp\/v2\/comments?post=6704"}],"version-history":[{"count":1,"href":"https:\/\/rechtsanwalt.fr\/fr\/wp-json\/wp\/v2\/pages\/6704\/revisions"}],"predecessor-version":[{"id":42638,"href":"https:\/\/rechtsanwalt.fr\/fr\/wp-json\/wp\/v2\/pages\/6704\/revisions\/42638"}],"up":[{"embeddable":true,"href":"https:\/\/rechtsanwalt.fr\/fr\/wp-json\/wp\/v2\/pages\/6656"}],"wp:attachment":[{"href":"https:\/\/rechtsanwalt.fr\/fr\/wp-json\/wp\/v2\/media?parent=6704"}],"curies":[{"name":"wp","href":"https:\/\/api.w.org\/{rel}","templated":true}]}}