{"id":6708,"date":"2020-04-07T12:10:14","date_gmt":"2020-04-07T10:10:14","guid":{"rendered":"https:\/\/rechtsanwalt.fr\/competences\/finanzierung-bankwesen-sicherheiten-de\/"},"modified":"2026-03-16T14:20:14","modified_gmt":"2026-03-16T13:20:14","slug":"financement-garanties-et-operations-bancaires-en-allemagne","status":"publish","type":"page","link":"https:\/\/rechtsanwalt.fr\/fr\/competences\/financement-garanties-et-operations-bancaires-en-allemagne\/","title":{"rendered":"Financement, garanties et op\u00e9rations bancaires en Allemagne"},"content":{"rendered":"\n<style type=\"text\/css\" data-created_by=\"avia_inline_auto\" id=\"style-css-av-145nae-0c1b776409875bbf17e20c8a55f284b9\">\n.avia-section.av-145nae-0c1b776409875bbf17e20c8a55f284b9{\nbackground-repeat:no-repeat;\nbackground-image:url(https:\/\/rechtsanwalt.fr\/wp-content\/uploads\/2020\/04\/finanzierungen_de_epp.jpg);\nbackground-position:50% 0%;\nbackground-attachment:scroll;\n}\n<\/style>\n<div id='locations_sub_background_img'  class='avia-section av-145nae-0c1b776409875bbf17e20c8a55f284b9 main_color avia-section-no-padding avia-no-border-styling  avia-builder-el-0  el_before_av_section  avia-builder-el-first  avia-full-contain avia-bg-style-scroll container_wrap sidebar_left'  data-section-bg-repeat='contain'><div class='container av-section-cont-open' ><main  role=\"main\" itemprop=\"mainContentOfPage\"  class='template-page content  av-content-small units'><div class='post-entry post-entry-type-page post-entry-6708'><div class='entry-content-wrapper clearfix'>\n\n<style type=\"text\/css\" data-created_by=\"avia_inline_auto\" id=\"style-css-av-jgf3pjem-09b62468f0730bf36cdc85fb534de77f\">\n#top .flex_column.av-jgf3pjem-09b62468f0730bf36cdc85fb534de77f{\nmargin-top:0px;\nmargin-bottom:0px;\n}\n.flex_column.av-jgf3pjem-09b62468f0730bf36cdc85fb534de77f{\nborder-radius:0px 0px 0px 0px;\n}\n.responsive #top #wrap_all .flex_column.av-jgf3pjem-09b62468f0730bf36cdc85fb534de77f{\nmargin-top:0px;\nmargin-bottom:0px;\n}\n<\/style>\n<div  class='flex_column av-jgf3pjem-09b62468f0730bf36cdc85fb534de77f av_one_full  avia-builder-el-1  avia-builder-el-no-sibling  first flex_column_div av-animated-generic left-to-right  '     ><\/div>\n\n<\/div><\/div><\/main><!-- close content main element --><\/div><\/div><div id='rechtsgebiete_sub_sidebar'  class='avia-section av-ml9h7-9ab7c404bc5ece68c595fd4482ea7835 main_color avia-section-default avia-no-border-styling  avia-builder-el-2  el_after_av_section  el_before_av_section  avia-bg-style-scroll container_wrap sidebar_left'  ><div class='container av-section-cont-open' ><div class='template-page content  av-content-small units'><div class='post-entry post-entry-type-page post-entry-6708'><div class='entry-content-wrapper clearfix'>\n<div class='flex_column_table av-2jljf-e413c6095cbc846eebea02e1be0e4866 sc-av_three_fifth av-break-at-tablet-flextable av-equal-height-column-flextable'>\n<style type=\"text\/css\" data-created_by=\"avia_inline_auto\" id=\"style-css-av-2jljf-e413c6095cbc846eebea02e1be0e4866\">\n.flex_column.av-2jljf-e413c6095cbc846eebea02e1be0e4866{\nborder-radius:0px 0px 0px 0px;\npadding:0px 0px 0px 0px;\n}\n<\/style>\n<div  class='flex_column av-2jljf-e413c6095cbc846eebea02e1be0e4866 av_three_fifth  avia-builder-el-3  el_before_av_two_fifth  avia-builder-el-first  first av-break-at-tablet flex_column_table_cell av-equal-height-column av-align-top av-zero-column-padding  '     ><p>\n<style type=\"text\/css\" data-created_by=\"avia_inline_auto\" id=\"style-css-av-670wo4-1af96009c754b5c9d68af4a2efe6e5a1\">\n#top .av-special-heading.av-670wo4-1af96009c754b5c9d68af4a2efe6e5a1{\nmargin:0 0 0 0;\npadding-bottom:0;\ncolor:#79808b;\nfont-size:24px;\n}\nbody .av-special-heading.av-670wo4-1af96009c754b5c9d68af4a2efe6e5a1 .av-special-heading-tag .heading-char{\nfont-size:25px;\n}\n#top #wrap_all .av-special-heading.av-670wo4-1af96009c754b5c9d68af4a2efe6e5a1 .av-special-heading-tag{\nfont-size:24px;\n}\n.av-special-heading.av-670wo4-1af96009c754b5c9d68af4a2efe6e5a1 .special-heading-inner-border{\nborder-color:#79808b;\n}\n.av-special-heading.av-670wo4-1af96009c754b5c9d68af4a2efe6e5a1 .av-subheading{\nfont-size:30px;\n}\n\n@media only screen and (min-width: 480px) and (max-width: 767px){ \n#top #wrap_all .av-special-heading.av-670wo4-1af96009c754b5c9d68af4a2efe6e5a1 .av-special-heading-tag{\nfont-size:0.8em;\n}\n}\n\n@media only screen and (max-width: 479px){ \n#top #wrap_all .av-special-heading.av-670wo4-1af96009c754b5c9d68af4a2efe6e5a1 .av-special-heading-tag{\nfont-size:0.8em;\n}\n}\n<\/style>\n<div  class='av-special-heading av-670wo4-1af96009c754b5c9d68af4a2efe6e5a1 av-special-heading-h1 custom-color-heading blockquote modern-quote  avia-builder-el-4  el_before_av_textblock  avia-builder-el-first  location_slogan av-inherit-size av-linked-heading'><h1 class='av-special-heading-tag '  itemprop=\"headline\"  >Financement, garanties et op\u00e9rations bancaires en Allemagne<\/h1><div class=\"special-heading-border\"><div class=\"special-heading-inner-border\"><\/div><\/div><\/div><br \/>\n\n<style type=\"text\/css\" data-created_by=\"avia_inline_auto\" id=\"style-css-av-jgfdunv8-77a2ca991b6a687511edd9f6f291247d\">\n#top .av_textblock_section.av-jgfdunv8-77a2ca991b6a687511edd9f6f291247d .avia_textblock{\ncolor:#79808b;\n}\n<\/style>\n<section  class='av_textblock_section av-jgfdunv8-77a2ca991b6a687511edd9f6f291247d '   itemscope=\"itemscope\" itemtype=\"https:\/\/schema.org\/CreativeWork\" ><div class='avia_textblock av_inherit_color'  itemprop=\"text\" ><p>Notre Cabinet d\u2019Avocats conseille et accompagne en langue fran\u00e7aise ou allemande les entreprises fran\u00e7aises, belges et suisses ainsi que leurs filiales allemandes en mati\u00e8re de financement, de garanties et d\u2019op\u00e9rations bancaires en Allemagne.<\/p>\n<p>Il existe entre le droit allemand, d'une part, et le droit fran\u00e7ais, belge ou suisse, d'autre part, des diff\u00e9rences substantielles pouvant avoir des r\u00e9percussions pratiques importantes sur les op\u00e9rations transfrontali\u00e8res. Il est donc essentiel de se faire accompagner et conseiller par un professionnel d\u00e8s les premi\u00e8res \u00e9tapes d'un projet afin de clarifier toutes les questions juridiques importantes en Allemagne.<\/p>\n<p>Notre \u00e9quipe franco-allemande sp\u00e9cialis\u00e9e en mati\u00e8re de financement, de garanties et d\u2019op\u00e9rations bancaires met \u00e0 votre disposition ses comp\u00e9tences interculturelles et vous apporte un soutien pratique dans les domaines suivants en Allemagne.<\/p>\n<\/div><\/section><br \/>\n\n<style type=\"text\/css\" data-created_by=\"avia_inline_auto\" id=\"style-css-av-k69kke7t-3f3c4e147eca293cff81ec2bede0f1d7\">\n#top .hr.hr-invisible.av-k69kke7t-3f3c4e147eca293cff81ec2bede0f1d7{\nheight:25px;\n}\n<\/style>\n<div  class='hr av-k69kke7t-3f3c4e147eca293cff81ec2bede0f1d7 hr-invisible  avia-builder-el-6  el_after_av_textblock  el_before_av_heading '><span class='hr-inner '><span class=\"hr-inner-style\"><\/span><\/span><\/div><br \/>\n\n<style type=\"text\/css\" data-created_by=\"avia_inline_auto\" id=\"style-css-av-4ntt6c-150d1bfb0407985e41971d05cddcb03e\">\n#top .av-special-heading.av-4ntt6c-150d1bfb0407985e41971d05cddcb03e{\nmargin:0 0 0 0;\npadding-bottom:0;\ncolor:#79808b;\nfont-size:24px;\n}\nbody .av-special-heading.av-4ntt6c-150d1bfb0407985e41971d05cddcb03e .av-special-heading-tag .heading-char{\nfont-size:25px;\n}\n#top #wrap_all .av-special-heading.av-4ntt6c-150d1bfb0407985e41971d05cddcb03e .av-special-heading-tag{\nfont-size:24px;\n}\n.av-special-heading.av-4ntt6c-150d1bfb0407985e41971d05cddcb03e .special-heading-inner-border{\nborder-color:#79808b;\n}\n.av-special-heading.av-4ntt6c-150d1bfb0407985e41971d05cddcb03e .av-subheading{\nfont-size:30px;\n}\n\n@media only screen and (min-width: 480px) and (max-width: 767px){ \n#top #wrap_all .av-special-heading.av-4ntt6c-150d1bfb0407985e41971d05cddcb03e .av-special-heading-tag{\nfont-size:0.8em;\n}\n}\n\n@media only screen and (max-width: 479px){ \n#top #wrap_all .av-special-heading.av-4ntt6c-150d1bfb0407985e41971d05cddcb03e .av-special-heading-tag{\nfont-size:0.8em;\n}\n}\n<\/style>\n<div  class='av-special-heading av-4ntt6c-150d1bfb0407985e41971d05cddcb03e av-special-heading-h2 custom-color-heading blockquote modern-quote  avia-builder-el-7  el_after_av_hr  el_before_av_hr  location_slogan av-inherit-size av-linked-heading'><h2 class='av-special-heading-tag '  itemprop=\"headline\"  >Nos prestations en mati\u00e8re de financement, garanties et op\u00e9rations bancaires en Allemagne<\/h2><div class=\"special-heading-border\"><div class=\"special-heading-inner-border\"><\/div><\/div><\/div><br \/>\n\n<style type=\"text\/css\" data-created_by=\"avia_inline_auto\" id=\"style-css-av-k69kke7t-14-870ae3b783995d54efbbf8b9eb883a7a\">\n#top .hr.hr-invisible.av-k69kke7t-14-870ae3b783995d54efbbf8b9eb883a7a{\nheight:10px;\n}\n<\/style>\n<div  class='hr av-k69kke7t-14-870ae3b783995d54efbbf8b9eb883a7a hr-invisible  avia-builder-el-8  el_after_av_heading  el_before_av_textblock '><span class='hr-inner '><span class=\"hr-inner-style\"><\/span><\/span><\/div><br \/>\n\n<style type=\"text\/css\" data-created_by=\"avia_inline_auto\" id=\"style-css-av-jgfdunv8-15-3cdb85a3d03b818d872e257d9a7e0fdc\">\n#top .av_textblock_section.av-jgfdunv8-15-3cdb85a3d03b818d872e257d9a7e0fdc .avia_textblock{\ncolor:#79808b;\n}\n<\/style>\n<section  class='av_textblock_section av-jgfdunv8-15-3cdb85a3d03b818d872e257d9a7e0fdc '   itemscope=\"itemscope\" itemtype=\"https:\/\/schema.org\/CreativeWork\" ><div class='avia_textblock kompetenz_leistungen av_inherit_color'  itemprop=\"text\" ><ul>\n<li>V\u00e9rification de vos contrats de cr\u00e9dit au regard du droit allemand<\/li>\n<li>Garantie de cr\u00e9dits en Allemagne<\/li>\n<li>Pr\u00e9paration et v\u00e9rification des garanties au regard du droit allemand<\/li>\n<li>Inscription et lev\u00e9e de garanties au livre foncier allemand<\/li>\n<li>Mesures d\u2019ex\u00e9cution forc\u00e9e en Allemagne<\/li>\n<li>Conseil en mati\u00e8re de droit bancaire allemand<\/li>\n<li>Conseil en mati\u00e8re de contrats d\u2019affacturage (factoring) soumis au droit allemand<\/li>\n<li>Repr\u00e9sentation aupr\u00e8s d\u2019un notaire en Allemagne pour l\u2019authentification d\u2019actes<\/li>\n<\/ul>\n<\/div><\/section><br \/>\n\n<style type=\"text\/css\" data-created_by=\"avia_inline_auto\" id=\"style-css-av-k69kke7t-13-0f29cfda113fb0c32e31353bd1691b95\">\n#top .hr.hr-invisible.av-k69kke7t-13-0f29cfda113fb0c32e31353bd1691b95{\nheight:5px;\n}\n<\/style>\n<div  class='hr av-k69kke7t-13-0f29cfda113fb0c32e31353bd1691b95 hr-invisible  avia-builder-el-10  el_after_av_textblock  el_before_av_hr '><span class='hr-inner '><span class=\"hr-inner-style\"><\/span><\/span><\/div><br \/>\n\n<style type=\"text\/css\" data-created_by=\"avia_inline_auto\" id=\"style-css-av-k69kke7t-11-2f229fa456c9550448d8a733f2639d6c\">\n#top .hr.hr-invisible.av-k69kke7t-11-2f229fa456c9550448d8a733f2639d6c{\nheight:10px;\n}\n<\/style>\n<div  class='hr av-k69kke7t-11-2f229fa456c9550448d8a733f2639d6c hr-invisible  avia-builder-el-11  el_after_av_hr  el_before_av_textblock  av-desktop-hide av-medium-hide'><span class='hr-inner '><span class=\"hr-inner-style\"><\/span><\/span><\/div><br \/>\n<section  class='av_textblock_section av-jgfdunv8-12-4ab179e3901401b7e6a7ae9414ed1246 '   itemscope=\"itemscope\" itemtype=\"https:\/\/schema.org\/CreativeWork\" ><div class='av-small-hide av-mini-hide avia_textblock av_inherit_color'  itemprop=\"text\" ><div id=\"icon_back\">\n<p><a href=\"https:\/\/rechtsanwalt.fr\/fr\/competences\/\"><img decoding=\"async\" class=\"alignleft\" src=\"https:\/\/rechtsanwalt.fr\/wp-content\/uploads\/2020\/06\/menu_icon_fr_desktop_de.svg\" alt=\"\" width=\"250\" height=\"48\" \/><\/a><\/p>\n<\/div>\n<\/div><\/section><br \/>\n<section  class='av_textblock_section av-jgfdunv8-9-2c5859b8667edcebc0105ff1ac61bcf9 '   itemscope=\"itemscope\" itemtype=\"https:\/\/schema.org\/CreativeWork\" ><div class='av-desktop-hide av-medium-hide avia_textblock av_inherit_color'  itemprop=\"text\" ><div id=\"icon_back\"><a href=\"https:\/\/rechtsanwalt.fr\/fr\/competences\/\"><img decoding=\"async\" src=\"https:\/\/rechtsanwalt.fr\/wp-content\/uploads\/2020\/06\/menu_icon_fr_mobile_de.svg\" alt=\"\" width=\"216\" height=\"48\" \/><br \/>\n<\/a><\/div>\n<\/div><\/section><br \/>\n\n<style type=\"text\/css\" data-created_by=\"avia_inline_auto\" id=\"style-css-av-k69kke7t-10-f48899f4ab1cf3449bcc3bd4834dc313\">\n#top .hr.hr-invisible.av-k69kke7t-10-f48899f4ab1cf3449bcc3bd4834dc313{\nheight:50px;\n}\n<\/style>\n<div  class='hr av-k69kke7t-10-f48899f4ab1cf3449bcc3bd4834dc313 hr-invisible  avia-builder-el-14  el_after_av_textblock  avia-builder-el-last '><span class='hr-inner '><span class=\"hr-inner-style\"><\/span><\/span><\/div><\/p><\/div><div class='av-flex-placeholder'><\/div>\n<style type=\"text\/css\" data-created_by=\"avia_inline_auto\" id=\"style-css-av-9wkhy-9c2792bee3c71607c9babe1574d575b9\">\n.flex_column.av-9wkhy-9c2792bee3c71607c9babe1574d575b9{\nborder-radius:0px 0px 0px 0px;\npadding:0px 0px 10px 0px;\n}\n<\/style>\n<div  class='flex_column av-9wkhy-9c2792bee3c71607c9babe1574d575b9 av_two_fifth  avia-builder-el-15  el_after_av_three_fifth  avia-builder-el-last  av-break-at-tablet flex_column_table_cell av-equal-height-column av-align-top  '     ><p>\n<style type=\"text\/css\" data-created_by=\"avia_inline_auto\" id=\"style-css-av-2kc9dw-b8775bbb99677efcc3538ef826678642\">\n#top .av-special-heading.av-2kc9dw-b8775bbb99677efcc3538ef826678642{\nmargin:0 0 0 0;\npadding-bottom:0;\ncolor:#79808b;\nfont-size:24px;\n}\nbody .av-special-heading.av-2kc9dw-b8775bbb99677efcc3538ef826678642 .av-special-heading-tag .heading-char{\nfont-size:25px;\n}\n#top #wrap_all .av-special-heading.av-2kc9dw-b8775bbb99677efcc3538ef826678642 .av-special-heading-tag{\nfont-size:24px;\n}\n.av-special-heading.av-2kc9dw-b8775bbb99677efcc3538ef826678642 .special-heading-inner-border{\nborder-color:#79808b;\n}\n.av-special-heading.av-2kc9dw-b8775bbb99677efcc3538ef826678642 .av-subheading{\nfont-size:30px;\n}\n\n@media only screen and (min-width: 480px) and (max-width: 767px){ \n#top #wrap_all .av-special-heading.av-2kc9dw-b8775bbb99677efcc3538ef826678642 .av-special-heading-tag{\nfont-size:0.8em;\n}\n}\n\n@media only screen and (max-width: 479px){ \n#top #wrap_all .av-special-heading.av-2kc9dw-b8775bbb99677efcc3538ef826678642 .av-special-heading-tag{\nfont-size:0.8em;\n}\n}\n<\/style>\n<div  class='av-special-heading av-2kc9dw-b8775bbb99677efcc3538ef826678642 av-special-heading-h2 custom-color-heading blockquote modern-quote  avia-builder-el-16  el_before_av_hr  avia-builder-el-first  location_slogan av-inherit-size av-linked-heading'><h2 class='av-special-heading-tag '  itemprop=\"headline\"  >Vos interlocuteurs en mati\u00e8re de financement, garanties et op\u00e9rations bancaires en Allemagne<\/h2><div class=\"special-heading-border\"><div class=\"special-heading-inner-border\"><\/div><\/div><\/div><br \/>\n\n<style type=\"text\/css\" data-created_by=\"avia_inline_auto\" id=\"style-css-av-k69kke7t-7-ba01bef81dc858b946273a5b42bae1fd\">\n#top .hr.hr-invisible.av-k69kke7t-7-ba01bef81dc858b946273a5b42bae1fd{\nheight:25px;\n}\n<\/style>\n<div  class='hr av-k69kke7t-7-ba01bef81dc858b946273a5b42bae1fd hr-invisible  avia-builder-el-17  el_after_av_heading  el_before_av_codeblock '><span class='hr-inner '><span class=\"hr-inner-style\"><\/span><\/span><\/div><br \/>\n<\/p><\/div><\/div><!--close column table wrapper. Autoclose: 1 --><\/div><\/div><\/div><!-- close content main div --><\/div><\/div><div id='section_team_personen'  class='avia-section av-k70a4jhm-e13cf249c1c5c0c282d562b75b2a1e39 main_color avia-section-default avia-no-border-styling  avia-builder-el-19  el_after_av_section  el_before_av_codeblock  avia-bg-style-scroll container_wrap sidebar_left'  ><div class='container av-section-cont-open' ><div class='template-page content  av-content-small units'><div class='post-entry post-entry-type-page post-entry-6708'><div class='entry-content-wrapper clearfix'>\n\n<style type=\"text\/css\" data-created_by=\"avia_inline_auto\" id=\"style-css-av-k69kke7t-6-899fd08310f1f8cb6566e56917926a93\">\n#top .hr.hr-invisible.av-k69kke7t-6-899fd08310f1f8cb6566e56917926a93{\nheight:25px;\n}\n<\/style>\n<div  class='hr av-k69kke7t-6-899fd08310f1f8cb6566e56917926a93 hr-invisible  avia-builder-el-20  el_before_av_heading  avia-builder-el-first '><span class='hr-inner '><span class=\"hr-inner-style\"><\/span><\/span><\/div>\n\n<style type=\"text\/css\" data-created_by=\"avia_inline_auto\" id=\"style-css-av-khuwmdno-beb87674f5f31f7ccaff852303350e14\">\n#top .av-special-heading.av-khuwmdno-beb87674f5f31f7ccaff852303350e14{\nmargin:0 0 0 0;\npadding-bottom:0;\ncolor:#79808b;\nfont-size:24px;\n}\nbody .av-special-heading.av-khuwmdno-beb87674f5f31f7ccaff852303350e14 .av-special-heading-tag .heading-char{\nfont-size:25px;\n}\n#top #wrap_all .av-special-heading.av-khuwmdno-beb87674f5f31f7ccaff852303350e14 .av-special-heading-tag{\nfont-size:24px;\n}\n.av-special-heading.av-khuwmdno-beb87674f5f31f7ccaff852303350e14 .special-heading-inner-border{\nborder-color:#79808b;\n}\n.av-special-heading.av-khuwmdno-beb87674f5f31f7ccaff852303350e14 .av-subheading{\nfont-size:30px;\n}\n\n@media only screen and (min-width: 480px) and (max-width: 767px){ \n#top #wrap_all .av-special-heading.av-khuwmdno-beb87674f5f31f7ccaff852303350e14 .av-special-heading-tag{\nfont-size:0.8em;\n}\n}\n\n@media only screen and (max-width: 479px){ \n#top #wrap_all .av-special-heading.av-khuwmdno-beb87674f5f31f7ccaff852303350e14 .av-special-heading-tag{\nfont-size:0.8em;\n}\n}\n<\/style>\n<div  class='av-special-heading av-khuwmdno-beb87674f5f31f7ccaff852303350e14 av-special-heading-h2 custom-color-heading blockquote modern-quote  avia-builder-el-21  el_after_av_hr  el_before_av_hr  av-inherit-size av-linked-heading'><h2 class='av-special-heading-tag '  itemprop=\"headline\"  >Notre \u00e9quipe franco-allemande en mati\u00e8re de financement, garanties et op\u00e9rations bancaires<\/h2><div class=\"special-heading-border\"><div class=\"special-heading-inner-border\"><\/div><\/div><\/div>\n\n<style type=\"text\/css\" data-created_by=\"avia_inline_auto\" id=\"style-css-av-k69kke7t-4-1a9fc43066f348e1441c78e70e5b1ccb\">\n#top .hr.hr-invisible.av-k69kke7t-4-1a9fc43066f348e1441c78e70e5b1ccb{\nheight:25px;\n}\n<\/style>\n<div  class='hr av-k69kke7t-4-1a9fc43066f348e1441c78e70e5b1ccb hr-invisible  avia-builder-el-22  el_after_av_heading  el_before_av_codeblock '><span class='hr-inner '><span class=\"hr-inner-style\"><\/span><\/span><\/div>\n\n<\/div><\/div><\/div><!-- close content main div --><\/div><\/div><div id='after_section_3'  class='main_color av_default_container_wrap container_wrap sidebar_left'  ><div class='container av-section-cont-open' ><div class='template-page content  av-content-small units'><div class='post-entry post-entry-type-page post-entry-6708'><div class='entry-content-wrapper clearfix'><\/p>\n<section  class='av_textblock_section av-jgfdunv8-8-62b3cb55cc5393c75e01f40207d38f83 '   itemscope=\"itemscope\" itemtype=\"https:\/\/schema.org\/CreativeWork\" ><div class='av-small-hide av-mini-hide avia_textblock av_inherit_color'  itemprop=\"text\" ><div id=\"icon_back_2\"><a href=\"https:\/\/rechtsanwalt.fr\/fr\/competences\/\"><br \/>\n<img decoding=\"async\" src=\"https:\/\/rechtsanwalt.fr\/wp-content\/uploads\/2020\/06\/menu_icon_fr_desktop_de.svg\" alt=\"\" width=\"250\" height=\"48\" \/><\/a><\/div>\n<\/div><\/section>\n<section  class='av_textblock_section av-jgfdunv8-1-2bdffc474b70539f0856279a89fcdbbe '   itemscope=\"itemscope\" itemtype=\"https:\/\/schema.org\/CreativeWork\" ><div class='av-desktop-hide av-medium-hide avia_textblock av_inherit_color'  itemprop=\"text\" ><div id=\"icon_back_2\"><a href=\"https:\/\/rechtsanwalt.fr\/fr\/competences\/\"><br \/>\n<img decoding=\"async\" src=\"https:\/\/rechtsanwalt.fr\/wp-content\/uploads\/2020\/06\/menu_icon_fr_mobile_de.svg\" alt=\"\" width=\"216\" height=\"48\" \/><\/a><\/div>\n<\/div><\/section>\n\n<style type=\"text\/css\" data-created_by=\"avia_inline_auto\" id=\"style-css-av-k69kke7t-3-15c1a6544d2f452e94a753c57f927359\">\n#top .hr.hr-invisible.av-k69kke7t-3-15c1a6544d2f452e94a753c57f927359{\nheight:40px;\n}\n<\/style>\n<div  class='hr av-k69kke7t-3-15c1a6544d2f452e94a753c57f927359 hr-invisible  avia-builder-el-27  el_after_av_textblock  avia-builder-el-last '><span class='hr-inner '><span class=\"hr-inner-style\"><\/span><\/span><\/div>\n","protected":false},"excerpt":{"rendered":"","protected":false},"author":1,"featured_media":0,"parent":6656,"menu_order":0,"comment_status":"closed","ping_status":"closed","template":"","meta":{"inline_featured_image":false,"footnotes":""},"class_list":["post-6708","page","type-page","status-publish","hentry"],"_links":{"self":[{"href":"https:\/\/rechtsanwalt.fr\/fr\/wp-json\/wp\/v2\/pages\/6708","targetHints":{"allow":["GET"]}}],"collection":[{"href":"https:\/\/rechtsanwalt.fr\/fr\/wp-json\/wp\/v2\/pages"}],"about":[{"href":"https:\/\/rechtsanwalt.fr\/fr\/wp-json\/wp\/v2\/types\/page"}],"author":[{"embeddable":true,"href":"https:\/\/rechtsanwalt.fr\/fr\/wp-json\/wp\/v2\/users\/1"}],"replies":[{"embeddable":true,"href":"https:\/\/rechtsanwalt.fr\/fr\/wp-json\/wp\/v2\/comments?post=6708"}],"version-history":[{"count":1,"href":"https:\/\/rechtsanwalt.fr\/fr\/wp-json\/wp\/v2\/pages\/6708\/revisions"}],"predecessor-version":[{"id":42677,"href":"https:\/\/rechtsanwalt.fr\/fr\/wp-json\/wp\/v2\/pages\/6708\/revisions\/42677"}],"up":[{"embeddable":true,"href":"https:\/\/rechtsanwalt.fr\/fr\/wp-json\/wp\/v2\/pages\/6656"}],"wp:attachment":[{"href":"https:\/\/rechtsanwalt.fr\/fr\/wp-json\/wp\/v2\/media?parent=6708"}],"curies":[{"name":"wp","href":"https:\/\/api.w.org\/{rel}","templated":true}]}}