{"id":6741,"date":"2020-03-12T11:34:20","date_gmt":"2020-03-12T10:34:20","guid":{"rendered":"https:\/\/rechtsanwalt.fr\/competences\/inhouse-schulungen-und-seminare-fr\/"},"modified":"2026-03-19T17:45:04","modified_gmt":"2026-03-19T16:45:04","slug":"formations-et-seminaires-en-droit-francais","status":"publish","type":"page","link":"https:\/\/rechtsanwalt.fr\/fr\/competences\/formations-et-seminaires-en-droit-francais\/","title":{"rendered":"Formations intra-entreprise et s\u00e9minaires en droit francais"},"content":{"rendered":"\n<style type=\"text\/css\" data-created_by=\"avia_inline_auto\" id=\"style-css-av-145nae-54e915b27d6c6968516ee1d501be9c8f\">\n.avia-section.av-145nae-54e915b27d6c6968516ee1d501be9c8f{\nbackground-repeat:no-repeat;\nbackground-image:url(https:\/\/rechtsanwalt.fr\/wp-content\/uploads\/2020\/04\/inhouse_de_epp-2-1.jpg);\nbackground-position:50% 0%;\nbackground-attachment:scroll;\n}\n<\/style>\n<div id='locations_sub_background_img'  class='avia-section av-145nae-54e915b27d6c6968516ee1d501be9c8f main_color avia-section-no-padding avia-no-border-styling  avia-builder-el-0  el_before_av_section  avia-builder-el-first  avia-full-contain avia-bg-style-scroll container_wrap sidebar_left'  data-section-bg-repeat='contain'><div class='container av-section-cont-open' ><main  role=\"main\" itemprop=\"mainContentOfPage\"  class='template-page content  av-content-small units'><div class='post-entry post-entry-type-page post-entry-6741'><div class='entry-content-wrapper clearfix'>\n\n<style type=\"text\/css\" data-created_by=\"avia_inline_auto\" id=\"style-css-av-jgf3pjem-09b62468f0730bf36cdc85fb534de77f\">\n#top .flex_column.av-jgf3pjem-09b62468f0730bf36cdc85fb534de77f{\nmargin-top:0px;\nmargin-bottom:0px;\n}\n.flex_column.av-jgf3pjem-09b62468f0730bf36cdc85fb534de77f{\nborder-radius:0px 0px 0px 0px;\n}\n.responsive #top #wrap_all .flex_column.av-jgf3pjem-09b62468f0730bf36cdc85fb534de77f{\nmargin-top:0px;\nmargin-bottom:0px;\n}\n<\/style>\n<div  class='flex_column av-jgf3pjem-09b62468f0730bf36cdc85fb534de77f av_one_full  avia-builder-el-1  avia-builder-el-no-sibling  first flex_column_div av-animated-generic left-to-right  '     ><\/div>\n\n<\/div><\/div><\/main><!-- close content main element --><\/div><\/div><div id='rechtsgebiete_sub_sidebar'  class='avia-section av-ml9h7-9ab7c404bc5ece68c595fd4482ea7835 main_color avia-section-default avia-no-border-styling  avia-builder-el-2  el_after_av_section  el_before_av_section  avia-bg-style-scroll container_wrap sidebar_left'  ><div class='container av-section-cont-open' ><div class='template-page content  av-content-small units'><div class='post-entry post-entry-type-page post-entry-6741'><div class='entry-content-wrapper clearfix'>\n<div class='flex_column_table av-2jljf-e413c6095cbc846eebea02e1be0e4866 sc-av_three_fifth av-break-at-tablet-flextable av-equal-height-column-flextable'>\n<style type=\"text\/css\" data-created_by=\"avia_inline_auto\" id=\"style-css-av-2jljf-e413c6095cbc846eebea02e1be0e4866\">\n.flex_column.av-2jljf-e413c6095cbc846eebea02e1be0e4866{\nborder-radius:0px 0px 0px 0px;\npadding:0px 0px 0px 0px;\n}\n<\/style>\n<div  class='flex_column av-2jljf-e413c6095cbc846eebea02e1be0e4866 av_three_fifth  avia-builder-el-3  el_before_av_two_fifth  avia-builder-el-first  first av-break-at-tablet flex_column_table_cell av-equal-height-column av-align-top av-zero-column-padding  '     ><p>\n<style type=\"text\/css\" data-created_by=\"avia_inline_auto\" id=\"style-css-av-3v4i4l-667366cfc55ab390c938451f071c6307\">\n#top .av-special-heading.av-3v4i4l-667366cfc55ab390c938451f071c6307{\nmargin:0 0 0 0;\npadding-bottom:0;\ncolor:#79808b;\nfont-size:24px;\n}\nbody .av-special-heading.av-3v4i4l-667366cfc55ab390c938451f071c6307 .av-special-heading-tag .heading-char{\nfont-size:25px;\n}\n#top #wrap_all .av-special-heading.av-3v4i4l-667366cfc55ab390c938451f071c6307 .av-special-heading-tag{\nfont-size:24px;\n}\n.av-special-heading.av-3v4i4l-667366cfc55ab390c938451f071c6307 .special-heading-inner-border{\nborder-color:#79808b;\n}\n.av-special-heading.av-3v4i4l-667366cfc55ab390c938451f071c6307 .av-subheading{\nfont-size:30px;\n}\n\n@media only screen and (min-width: 480px) and (max-width: 767px){ \n#top #wrap_all .av-special-heading.av-3v4i4l-667366cfc55ab390c938451f071c6307 .av-special-heading-tag{\nfont-size:0.8em;\n}\n}\n\n@media only screen and (max-width: 479px){ \n#top #wrap_all .av-special-heading.av-3v4i4l-667366cfc55ab390c938451f071c6307 .av-special-heading-tag{\nfont-size:0.8em;\n}\n}\n<\/style>\n<div  class='av-special-heading av-3v4i4l-667366cfc55ab390c938451f071c6307 av-special-heading-h1 custom-color-heading blockquote modern-quote  avia-builder-el-4  el_before_av_textblock  avia-builder-el-first  location_slogan av-inherit-size av-linked-heading'><h1 class='av-special-heading-tag '  itemprop=\"headline\"  >Formations intra-entreprise et s\u00e9minaires en droit fran\u00e7ais<\/h1><div class=\"special-heading-border\"><div class=\"special-heading-inner-border\"><\/div><\/div><\/div><br \/>\n\n<style type=\"text\/css\" data-created_by=\"avia_inline_auto\" id=\"style-css-av-jgfdunv8-77a2ca991b6a687511edd9f6f291247d\">\n#top .av_textblock_section.av-jgfdunv8-77a2ca991b6a687511edd9f6f291247d .avia_textblock{\ncolor:#79808b;\n}\n<\/style>\n<section  class='av_textblock_section av-jgfdunv8-77a2ca991b6a687511edd9f6f291247d '   itemscope=\"itemscope\" itemtype=\"https:\/\/schema.org\/CreativeWork\" ><div class='avia_textblock av_inherit_color'  itemprop=\"text\" ><p>Notre Cabinet d\u2019avocats vous propose des formations et s\u00e9minaires sur mesure, le cas \u00e9ch\u00e9ant intra-entreprise, en langue allemande, fran\u00e7aise ou anglaise sur diverses th\u00e9matiques du droit fran\u00e7ais. Nous serions heureux de vous rendre visite ou de vous accueillir dans nos bureaux en France ou en Allemagne.<\/p>\n<p>Afin de r\u00e9pondre aux besoins individuels de votre entreprise, nous pr\u00e9parons les th\u00e9matiques de droit fran\u00e7ais abord\u00e9es par la formation \/ le s\u00e9minaire sp\u00e9cifiquement selon vos besoins.<\/p>\n<p>Nous adaptons aussi bien la langue de formation (fran\u00e7aise, allemande ou anglaise) que son contenu au groupe cible au sein de votre entreprise, par exemple \u00e0 votre \u00e9quipe de direction, aux collaborateurs de votre service de ressources humaines, de votre \u00e9quipe commerciale ou encore de votre service juridique.<\/p>\n<p>Nous attachons une grande importance \u00e0 pr\u00e9senter les diff\u00e9rentes th\u00e9matiques du droit fran\u00e7ais de mani\u00e8re \u00e0 ce que les praticiens des pays germanophones (Allemagne, Autriche, Suisse) puissent les comprendre au regard de leur propre syst\u00e8me juridique et les appliquer directement dans leurs activit\u00e9s quotidiennes avec leurs partenaires fran\u00e7ais.<\/p>\n<p>Ce faisant, nous approfondissons tout particuli\u00e8rement les sujets que vous jugez importants ainsi que ceux que nous consid\u00e9rons comme essentiels, interculturels et pertinents sur le plan pratique \u00e0 partir de notre exp\u00e9rience en mati\u00e8re de conseil transfrontalier.<\/p>\n<p>Nos formations \/ s\u00e9minaires sur les diff\u00e9rents domaines du droit fran\u00e7ais des affaires se tiennent g\u00e9n\u00e9ralement sur une demi-journ\u00e9e. Suite \u00e0 la formation \/ s\u00e9minaire, nous vous faisons parvenir, ainsi qu'\u00e0 vos collaborateurs, toute la documentation pratique et d\u00e9taill\u00e9e relative au s\u00e9minaire.<\/p>\n<p>Nos interventions se veulent interactives, les temps d\u2019\u00e9change pendant et \u00e0 la fin de chaque intervention ont vocation \u00e0 permettre de r\u00e9pondre \u00e0 vos questions concr\u00e8tes et pratiques.<\/p>\n<p>Prenez contact avec nous ! Nous vous enverrons volontiers une offre de s\u00e9minaire adapt\u00e9e \u00e0 vos besoins.<\/p>\n<\/div><\/section><br \/>\n\n<style type=\"text\/css\" data-created_by=\"avia_inline_auto\" id=\"style-css-av-k69kke7t-acb9ff02fc9f2b4aa3562481d0c0a9ec\">\n#top .hr.hr-invisible.av-k69kke7t-acb9ff02fc9f2b4aa3562481d0c0a9ec{\nheight:5px;\n}\n<\/style>\n<div  class='hr av-k69kke7t-acb9ff02fc9f2b4aa3562481d0c0a9ec hr-invisible  avia-builder-el-6  el_after_av_textblock  el_before_av_hr '><span class='hr-inner '><span class=\"hr-inner-style\"><\/span><\/span><\/div><br \/>\n\n<style type=\"text\/css\" data-created_by=\"avia_inline_auto\" id=\"style-css-av-k69kke7t-11-2f229fa456c9550448d8a733f2639d6c\">\n#top .hr.hr-invisible.av-k69kke7t-11-2f229fa456c9550448d8a733f2639d6c{\nheight:10px;\n}\n<\/style>\n<div  class='hr av-k69kke7t-11-2f229fa456c9550448d8a733f2639d6c hr-invisible  avia-builder-el-7  el_after_av_hr  el_before_av_textblock  av-desktop-hide av-medium-hide'><span class='hr-inner '><span class=\"hr-inner-style\"><\/span><\/span><\/div><br \/>\n<section  class='av_textblock_section av-jgfdunv8-12-4ab179e3901401b7e6a7ae9414ed1246 '   itemscope=\"itemscope\" itemtype=\"https:\/\/schema.org\/CreativeWork\" ><div class='av-small-hide av-mini-hide avia_textblock av_inherit_color'  itemprop=\"text\" ><div id=\"icon_back\">\n<p><a href=\"https:\/\/rechtsanwalt.fr\/fr\/competences\/\"><img decoding=\"async\" class=\"alignleft\" src=\"https:\/\/rechtsanwalt.fr\/wp-content\/uploads\/2020\/06\/menu_icon_fr_desktop_fr\" alt=\"\" width=\"250\" height=\"48\" \/><\/a><\/p>\n<\/div>\n<\/div><\/section><br \/>\n<section  class='av_textblock_section av-jgfdunv8-9-2c5859b8667edcebc0105ff1ac61bcf9 '   itemscope=\"itemscope\" itemtype=\"https:\/\/schema.org\/CreativeWork\" ><div class='av-desktop-hide av-medium-hide avia_textblock av_inherit_color'  itemprop=\"text\" ><div id=\"icon_back\"><a href=\"https:\/\/rechtsanwalt.fr\/fr\/competences\/\"><img decoding=\"async\" src=\"https:\/\/rechtsanwalt.fr\/wp-content\/uploads\/2020\/06\/menu_icon_fr_mobile_fr.svg\" alt=\"\" width=\"216\" height=\"48\" \/><br \/>\n<\/a><\/div>\n<\/div><\/section><br \/>\n\n<style type=\"text\/css\" data-created_by=\"avia_inline_auto\" id=\"style-css-av-k69kke7t-10-f48899f4ab1cf3449bcc3bd4834dc313\">\n#top .hr.hr-invisible.av-k69kke7t-10-f48899f4ab1cf3449bcc3bd4834dc313{\nheight:50px;\n}\n<\/style>\n<div  class='hr av-k69kke7t-10-f48899f4ab1cf3449bcc3bd4834dc313 hr-invisible  avia-builder-el-10  el_after_av_textblock  avia-builder-el-last '><span class='hr-inner '><span class=\"hr-inner-style\"><\/span><\/span><\/div><\/p><\/div><div class='av-flex-placeholder'><\/div>\n<style type=\"text\/css\" data-created_by=\"avia_inline_auto\" id=\"style-css-av-9wkhy-9c2792bee3c71607c9babe1574d575b9\">\n.flex_column.av-9wkhy-9c2792bee3c71607c9babe1574d575b9{\nborder-radius:0px 0px 0px 0px;\npadding:0px 0px 10px 0px;\n}\n<\/style>\n<div  class='flex_column av-9wkhy-9c2792bee3c71607c9babe1574d575b9 av_two_fifth  avia-builder-el-11  el_after_av_three_fifth  avia-builder-el-last  av-break-at-tablet flex_column_table_cell av-equal-height-column av-align-top  '     ><p>\n<style type=\"text\/css\" data-created_by=\"avia_inline_auto\" id=\"style-css-av-2v9zsl-a7eb0a2d9aac8cfd6f622b171d7af30f\">\n#top .av-special-heading.av-2v9zsl-a7eb0a2d9aac8cfd6f622b171d7af30f{\nmargin:0 0 0 0;\npadding-bottom:0;\ncolor:#79808b;\nfont-size:24px;\n}\nbody .av-special-heading.av-2v9zsl-a7eb0a2d9aac8cfd6f622b171d7af30f .av-special-heading-tag .heading-char{\nfont-size:25px;\n}\n#top #wrap_all .av-special-heading.av-2v9zsl-a7eb0a2d9aac8cfd6f622b171d7af30f .av-special-heading-tag{\nfont-size:24px;\n}\n.av-special-heading.av-2v9zsl-a7eb0a2d9aac8cfd6f622b171d7af30f .special-heading-inner-border{\nborder-color:#79808b;\n}\n.av-special-heading.av-2v9zsl-a7eb0a2d9aac8cfd6f622b171d7af30f .av-subheading{\nfont-size:30px;\n}\n\n@media only screen and (min-width: 480px) and (max-width: 767px){ \n#top #wrap_all .av-special-heading.av-2v9zsl-a7eb0a2d9aac8cfd6f622b171d7af30f .av-special-heading-tag{\nfont-size:0.8em;\n}\n}\n\n@media only screen and (max-width: 479px){ \n#top #wrap_all .av-special-heading.av-2v9zsl-a7eb0a2d9aac8cfd6f622b171d7af30f .av-special-heading-tag{\nfont-size:0.8em;\n}\n}\n<\/style>\n<div  class='av-special-heading av-2v9zsl-a7eb0a2d9aac8cfd6f622b171d7af30f av-special-heading-h2 custom-color-heading blockquote modern-quote  avia-builder-el-12  el_before_av_hr  avia-builder-el-first  location_slogan av-inherit-size av-linked-heading'><h2 class='av-special-heading-tag '  itemprop=\"headline\"  >Vos interlocuteurs en formation intra-entreprise et s\u00e9minaires en droit fran\u00e7ais<\/h2><div class=\"special-heading-border\"><div class=\"special-heading-inner-border\"><\/div><\/div><\/div><br \/>\n\n<style type=\"text\/css\" data-created_by=\"avia_inline_auto\" id=\"style-css-av-k69kke7t-7-ba01bef81dc858b946273a5b42bae1fd\">\n#top .hr.hr-invisible.av-k69kke7t-7-ba01bef81dc858b946273a5b42bae1fd{\nheight:25px;\n}\n<\/style>\n<div  class='hr av-k69kke7t-7-ba01bef81dc858b946273a5b42bae1fd hr-invisible  avia-builder-el-13  el_after_av_heading  el_before_av_codeblock '><span class='hr-inner '><span class=\"hr-inner-style\"><\/span><\/span><\/div><br \/>\n<\/p><\/div><\/div><!--close column table wrapper. Autoclose: 1 -->\n\n<\/div><\/div><\/div><!-- close content main div --><\/div><\/div><div id='section_team_personen'  class='avia-section av-k70a4jhm-e13cf249c1c5c0c282d562b75b2a1e39 main_color avia-section-default avia-no-border-styling  avia-builder-el-15  el_after_av_section  el_before_av_codeblock  avia-bg-style-scroll container_wrap sidebar_left'  ><div class='container av-section-cont-open' ><div class='template-page content  av-content-small units'><div class='post-entry post-entry-type-page post-entry-6741'><div class='entry-content-wrapper clearfix'>\n\n<style type=\"text\/css\" data-created_by=\"avia_inline_auto\" id=\"style-css-av-k69kke7t-6-899fd08310f1f8cb6566e56917926a93\">\n#top .hr.hr-invisible.av-k69kke7t-6-899fd08310f1f8cb6566e56917926a93{\nheight:25px;\n}\n<\/style>\n<div  class='hr av-k69kke7t-6-899fd08310f1f8cb6566e56917926a93 hr-invisible  avia-builder-el-16  el_before_av_heading  avia-builder-el-first '><span class='hr-inner '><span class=\"hr-inner-style\"><\/span><\/span><\/div>\n\n<style type=\"text\/css\" data-created_by=\"avia_inline_auto\" id=\"style-css-av-khuwv1j1-11d6caa0ef4a0a8dfb280f8c22633bfc\">\n#top .av-special-heading.av-khuwv1j1-11d6caa0ef4a0a8dfb280f8c22633bfc{\nmargin:0 0 0 0;\npadding-bottom:0;\ncolor:#79808b;\nfont-size:24px;\n}\nbody .av-special-heading.av-khuwv1j1-11d6caa0ef4a0a8dfb280f8c22633bfc .av-special-heading-tag .heading-char{\nfont-size:25px;\n}\n#top #wrap_all .av-special-heading.av-khuwv1j1-11d6caa0ef4a0a8dfb280f8c22633bfc .av-special-heading-tag{\nfont-size:24px;\n}\n.av-special-heading.av-khuwv1j1-11d6caa0ef4a0a8dfb280f8c22633bfc .special-heading-inner-border{\nborder-color:#79808b;\n}\n.av-special-heading.av-khuwv1j1-11d6caa0ef4a0a8dfb280f8c22633bfc .av-subheading{\nfont-size:30px;\n}\n\n@media only screen and (min-width: 480px) and (max-width: 767px){ \n#top #wrap_all .av-special-heading.av-khuwv1j1-11d6caa0ef4a0a8dfb280f8c22633bfc .av-special-heading-tag{\nfont-size:0.8em;\n}\n}\n\n@media only screen and (max-width: 479px){ \n#top #wrap_all .av-special-heading.av-khuwv1j1-11d6caa0ef4a0a8dfb280f8c22633bfc .av-special-heading-tag{\nfont-size:0.8em;\n}\n}\n<\/style>\n<div  class='av-special-heading av-khuwv1j1-11d6caa0ef4a0a8dfb280f8c22633bfc av-special-heading-h2 custom-color-heading blockquote modern-quote  avia-builder-el-17  el_after_av_hr  el_before_av_hr  location_slogan av-inherit-size av-linked-heading'><h2 class='av-special-heading-tag '  itemprop=\"headline\"  >Notre \u00e9quipe franco-allemande de formation intra-entreprise et s\u00e9minaires<\/h2><div class=\"special-heading-border\"><div class=\"special-heading-inner-border\"><\/div><\/div><\/div>\n\n<style type=\"text\/css\" data-created_by=\"avia_inline_auto\" id=\"style-css-av-k69kke7t-4-1a9fc43066f348e1441c78e70e5b1ccb\">\n#top .hr.hr-invisible.av-k69kke7t-4-1a9fc43066f348e1441c78e70e5b1ccb{\nheight:25px;\n}\n<\/style>\n<div  class='hr av-k69kke7t-4-1a9fc43066f348e1441c78e70e5b1ccb hr-invisible  avia-builder-el-18  el_after_av_heading  el_before_av_codeblock '><span class='hr-inner '><span class=\"hr-inner-style\"><\/span><\/span><\/div>\n\n<\/div><\/div><\/div><!-- close content main div --><\/div><\/div><div id='after_section_3'  class='main_color av_default_container_wrap container_wrap sidebar_left'  ><div class='container av-section-cont-open' ><div class='template-page content  av-content-small units'><div class='post-entry post-entry-type-page post-entry-6741'><div class='entry-content-wrapper clearfix'><\/p>\n<section  class='av_textblock_section av-jgfdunv8-8-62b3cb55cc5393c75e01f40207d38f83 '   itemscope=\"itemscope\" itemtype=\"https:\/\/schema.org\/CreativeWork\" ><div class='av-small-hide av-mini-hide avia_textblock av_inherit_color'  itemprop=\"text\" ><div id=\"icon_back_2\"><a href=\"https:\/\/rechtsanwalt.fr\/fr\/competences\/\"><br \/>\n<img decoding=\"async\" src=\"https:\/\/rechtsanwalt.fr\/wp-content\/uploads\/2020\/06\/menu_icon_fr_desktop_fr.svg\" alt=\"\" width=\"250\" height=\"48\" \/><\/a><\/div>\n<\/div><\/section>\n<section  class='av_textblock_section av-jgfdunv8-1-2bdffc474b70539f0856279a89fcdbbe '   itemscope=\"itemscope\" itemtype=\"https:\/\/schema.org\/CreativeWork\" ><div class='av-desktop-hide av-medium-hide avia_textblock av_inherit_color'  itemprop=\"text\" ><div id=\"icon_back_2\"><a href=\"https:\/\/rechtsanwalt.fr\/fr\/competences\/\"><br \/>\n<img decoding=\"async\" src=\"https:\/\/rechtsanwalt.fr\/wp-content\/uploads\/2020\/06\/menu_icon_fr_mobile_fr.svg\" alt=\"\" width=\"216\" height=\"48\" \/><\/a><\/div>\n<\/div><\/section>\n\n<style type=\"text\/css\" data-created_by=\"avia_inline_auto\" id=\"style-css-av-k69kke7t-3-15c1a6544d2f452e94a753c57f927359\">\n#top .hr.hr-invisible.av-k69kke7t-3-15c1a6544d2f452e94a753c57f927359{\nheight:40px;\n}\n<\/style>\n<div  class='hr av-k69kke7t-3-15c1a6544d2f452e94a753c57f927359 hr-invisible  avia-builder-el-23  el_after_av_textblock  avia-builder-el-last '><span class='hr-inner '><span class=\"hr-inner-style\"><\/span><\/span><\/div>\n","protected":false},"excerpt":{"rendered":"","protected":false},"author":1,"featured_media":0,"parent":6656,"menu_order":0,"comment_status":"closed","ping_status":"closed","template":"","meta":{"inline_featured_image":false,"footnotes":""},"class_list":["post-6741","page","type-page","status-publish","hentry"],"_links":{"self":[{"href":"https:\/\/rechtsanwalt.fr\/fr\/wp-json\/wp\/v2\/pages\/6741","targetHints":{"allow":["GET"]}}],"collection":[{"href":"https:\/\/rechtsanwalt.fr\/fr\/wp-json\/wp\/v2\/pages"}],"about":[{"href":"https:\/\/rechtsanwalt.fr\/fr\/wp-json\/wp\/v2\/types\/page"}],"author":[{"embeddable":true,"href":"https:\/\/rechtsanwalt.fr\/fr\/wp-json\/wp\/v2\/users\/1"}],"replies":[{"embeddable":true,"href":"https:\/\/rechtsanwalt.fr\/fr\/wp-json\/wp\/v2\/comments?post=6741"}],"version-history":[{"count":3,"href":"https:\/\/rechtsanwalt.fr\/fr\/wp-json\/wp\/v2\/pages\/6741\/revisions"}],"predecessor-version":[{"id":42784,"href":"https:\/\/rechtsanwalt.fr\/fr\/wp-json\/wp\/v2\/pages\/6741\/revisions\/42784"}],"up":[{"embeddable":true,"href":"https:\/\/rechtsanwalt.fr\/fr\/wp-json\/wp\/v2\/pages\/6656"}],"wp:attachment":[{"href":"https:\/\/rechtsanwalt.fr\/fr\/wp-json\/wp\/v2\/media?parent=6741"}],"curies":[{"name":"wp","href":"https:\/\/api.w.org\/{rel}","templated":true}]}}