{"id":6986,"date":"2020-03-09T17:35:54","date_gmt":"2020-03-09T16:35:54","guid":{"rendered":"https:\/\/rechtsanwalt.fr\/equipe\/sabine-bournot\/"},"modified":"2022-08-03T17:13:32","modified_gmt":"2022-08-03T15:13:32","slug":"sabine-bournot","status":"publish","type":"page","link":"https:\/\/rechtsanwalt.fr\/fr\/equipe\/sabine-bournot\/","title":{"rendered":"Sabine Bournot"},"content":{"rendered":"\n<style type=\"text\/css\" data-created_by=\"avia_inline_auto\" id=\"style-css-av-ml9h7-a459d636ed0638733f9fd9daf11c82f3\">\n.avia-section.av-ml9h7-a459d636ed0638733f9fd9daf11c82f3{\nbackground-color:#eef0f3;\nbackground-image:unset;\n}\n<\/style>\n<div id='personpage'  class='avia-section av-ml9h7-a459d636ed0638733f9fd9daf11c82f3 main_color avia-section-default avia-no-border-styling  avia-builder-el-0  el_before_av_section  avia-builder-el-first  avia-bg-style-scroll container_wrap sidebar_left'  ><div class='container av-section-cont-open' ><main  role=\"main\" itemprop=\"mainContentOfPage\"  class='template-page content  av-content-small units'><div class='post-entry post-entry-type-page post-entry-6986'><div class='entry-content-wrapper clearfix'>\n<div class='flex_column_table av-2jljf-7f98750b68705b1d15fd03cc3221a276 sc-av_one_full av-break-at-tablet-flextable av-equal-height-column-flextable'>\n<style type=\"text\/css\" data-created_by=\"avia_inline_auto\" id=\"style-css-av-2jljf-7f98750b68705b1d15fd03cc3221a276\">\n.flex_column.av-2jljf-7f98750b68705b1d15fd03cc3221a276{\nborder-radius:0px 0px 0px 0px;\npadding:0px 0px 0px 0px;\n}\n<\/style>\n<div  class='flex_column av-2jljf-7f98750b68705b1d15fd03cc3221a276 av_one_full  avia-builder-el-1  el_before_av_one_fourth  avia-builder-el-first  first av-break-at-tablet flex_column_table_cell av-equal-height-column av-align-top av-animated-generic fade-in av-zero-column-padding  '     ><p>\n<style type=\"text\/css\" data-created_by=\"avia_inline_auto\" id=\"style-css-av-k74yodf3-2e5fd6688a18964e0c9634e4ed7fd8aa\">\n#top .hr.hr-invisible.av-k74yodf3-2e5fd6688a18964e0c9634e4ed7fd8aa{\nheight:10px;\n}\n<\/style>\n<div  class='hr av-k74yodf3-2e5fd6688a18964e0c9634e4ed7fd8aa hr-invisible  avia-builder-el-2  el_before_av_image  avia-builder-el-first  av-desktop-hide'><span class='hr-inner '><span class=\"hr-inner-style\"><\/span><\/span><\/div><br \/>\n\n<style type=\"text\/css\" data-created_by=\"avia_inline_auto\" id=\"style-css-av-k7exqptx-702e9d3f25cf31285a9dbee6e825e88c\">\n.avia-image-container.av-k7exqptx-702e9d3f25cf31285a9dbee6e825e88c img.avia_image{\nbox-shadow:none;\n}\n.avia-image-container.av-k7exqptx-702e9d3f25cf31285a9dbee6e825e88c .av-image-caption-overlay-center{\ncolor:#ffffff;\n}\n<\/style>\n<div  class='avia-image-container av-k7exqptx-702e9d3f25cf31285a9dbee6e825e88c av-styling- avia-align-center  avia-builder-el-3  el_after_av_hr  avia-builder-el-last  av-desktop-hide'   itemprop=\"image\" itemscope=\"itemscope\" itemtype=\"https:\/\/schema.org\/ImageObject\" ><div class=\"avia-image-container-inner\"><div class=\"avia-image-overlay-wrap\"><img decoding=\"async\" fetchpriority=\"high\" class='wp-image-6361 avia-img-lazy-loading-not-6361 avia_image ' src=\"https:\/\/rechtsanwalt.fr\/wp-content\/uploads\/2020\/03\/sabine_bournot_epp_mobile.jpg\" alt='Sabine Bournot Head of Development en Allemagne, EPP Rechtsanw\u00e4lte Avocats' title='Sabine Bournot Head of Development en Allemagne, EPP Rechtsanw\u00e4lte Avocats'  height=\"758\" width=\"1100\"  itemprop=\"thumbnailUrl\" srcset=\"https:\/\/rechtsanwalt.fr\/wp-content\/uploads\/2020\/03\/sabine_bournot_epp_mobile.jpg 1100w, https:\/\/rechtsanwalt.fr\/wp-content\/uploads\/2020\/03\/sabine_bournot_epp_mobile-300x207.jpg 300w, https:\/\/rechtsanwalt.fr\/wp-content\/uploads\/2020\/03\/sabine_bournot_epp_mobile-1030x710.jpg 1030w, https:\/\/rechtsanwalt.fr\/wp-content\/uploads\/2020\/03\/sabine_bournot_epp_mobile-768x529.jpg 768w, https:\/\/rechtsanwalt.fr\/wp-content\/uploads\/2020\/03\/sabine_bournot_epp_mobile-705x486.jpg 705w, https:\/\/rechtsanwalt.fr\/wp-content\/uploads\/2020\/03\/sabine_bournot_epp_mobile-450x310.jpg 450w, https:\/\/rechtsanwalt.fr\/wp-content\/uploads\/2020\/03\/sabine_bournot_epp_mobile-26x18.jpg 26w, https:\/\/rechtsanwalt.fr\/wp-content\/uploads\/2020\/03\/sabine_bournot_epp_mobile-36x25.jpg 36w, https:\/\/rechtsanwalt.fr\/wp-content\/uploads\/2020\/03\/sabine_bournot_epp_mobile-48x33.jpg 48w\" sizes=\"(max-width: 1100px) 100vw, 1100px\" \/><\/div><\/div><\/div><\/p><\/div><\/div><!--close column table wrapper. Autoclose: 1 -->\n<style type=\"text\/css\" data-created_by=\"avia_inline_auto\" id=\"style-css-av-9wkhy-3965bbf8fa8cd0b1e9c54eff8bb3cfe6\">\n#top .flex_column.av-9wkhy-3965bbf8fa8cd0b1e9c54eff8bb3cfe6{\nmargin-top:0px;\nmargin-bottom:0px;\n}\n.flex_column.av-9wkhy-3965bbf8fa8cd0b1e9c54eff8bb3cfe6{\nborder-radius:8px 8px 8px 8px;\npadding:30px 0px 10px 0px;\n}\n.responsive #top #wrap_all .flex_column.av-9wkhy-3965bbf8fa8cd0b1e9c54eff8bb3cfe6{\nmargin-top:0px;\nmargin-bottom:0px;\n}\n<\/style>\n<div  class='flex_column av-9wkhy-3965bbf8fa8cd0b1e9c54eff8bb3cfe6 av_one_fourth  avia-builder-el-4  el_after_av_one_full  el_before_av_three_fourth  first no_margin flex_column_div  column-top-margin'     ><br \/>\n<section  class='av_textblock_section av-k74yk2wx-3219387901336b570d91887c635dea1a '   itemscope=\"itemscope\" itemtype=\"https:\/\/schema.org\/CreativeWork\" ><div class='avia_textblock'  itemprop=\"text\" ><div class=\"personpage_sub-text\" style=\"text-align: left;\">\n<p>MA, Business Management<br \/>\nSp\u00e9cialisation Marketing franco-allemand<\/p>\n<p>Langues :\u00a0fran\u00e7ais (langue maternelle),<br \/>\nallemand, anglais, espagnol<\/p>\n<\/div>\n<\/div><\/section><br \/>\n<section  class='av_textblock_section av-k74yk2wx-8bbe8847c736750f122ca73183668527 '   itemscope=\"itemscope\" itemtype=\"https:\/\/schema.org\/CreativeWork\" ><div class='avia_textblock'  itemprop=\"text\" ><p>Contactez-moi par email<br \/>\n<a id=\"sidebarlink\" onclick=\"return gtag_report_conversion('mailto:bournot@rechtsanwalt.fr');\" href=\"mailto:bournot@rechtsanwalt.fr\">bournot@rechtsanwalt.fr<\/a><\/p>\n<\/div><\/section><br \/>\n<section  class='av_textblock_section av-k74yk2wx-8bbe8847c736750f122ca73183668527 '   itemscope=\"itemscope\" itemtype=\"https:\/\/schema.org\/CreativeWork\" ><div class='avia_textblock'  itemprop=\"text\" ><p>Contactez-moi par t\u00e9l\u00e9phone<br \/>\n<a id=\"sidebarlink\" href=\"tel:0033153938290\">+33 (0) 1 53 93 82 90<\/a><\/p>\n<\/div><\/section><br \/>\n\n<style type=\"text\/css\" data-created_by=\"avia_inline_auto\" id=\"style-css-av-k74yodf3-c6a222f7024ccf733b5f521005ce3b9d\">\n#top .hr.hr-invisible.av-k74yodf3-c6a222f7024ccf733b5f521005ce3b9d{\nheight:10px;\n}\n<\/style>\n<div  class='hr av-k74yodf3-c6a222f7024ccf733b5f521005ce3b9d hr-invisible  avia-builder-el-9  el_after_av_textblock  el_before_av_textblock '><span class='hr-inner '><span class=\"hr-inner-style\"><\/span><\/span><\/div><br \/>\n<section  class='av_textblock_section av-k74yk2wx-8bbe8847c736750f122ca73183668527 '   itemscope=\"itemscope\" itemtype=\"https:\/\/schema.org\/CreativeWork\" ><div class='avia_textblock'  itemprop=\"text\" ><div id=\"person_leistungen_sidebar-top-title\">Bureaux<\/div>\n<div id=\"person_leistungen_sidebar-top\">\n<div class=\"leistungen_sidebar_svg\"><a href=\"https:\/\/rechtsanwalt.fr\/fr\/bureaux\/paris\/\"><img decoding=\"async\" src=\"https:\/\/rechtsanwalt.fr\/wp-content\/uploads\/2020\/06\/kachel_paris_epp.jpg\" alt=\"\" \/><\/a><\/div>\n<\/div>\n<\/div><\/section><\/p><\/div>\n<style type=\"text\/css\" data-created_by=\"avia_inline_auto\" id=\"style-css-av-2jljf-cce34fd6c45038d4cb4586ebecce9331\">\n#top .flex_column.av-2jljf-cce34fd6c45038d4cb4586ebecce9331{\nmargin-top:0px;\nmargin-bottom:0px;\n}\n.flex_column.av-2jljf-cce34fd6c45038d4cb4586ebecce9331{\nborder-radius:0px 0px 0px 0px;\npadding:0px 0px 0px 0px;\n}\n.responsive #top #wrap_all .flex_column.av-2jljf-cce34fd6c45038d4cb4586ebecce9331{\nmargin-top:0px;\nmargin-bottom:0px;\n}\n<\/style>\n<div  class='flex_column av-2jljf-cce34fd6c45038d4cb4586ebecce9331 av_three_fourth  avia-builder-el-11  el_after_av_one_fourth  el_before_av_hr  no_margin flex_column_div av-animated-generic fade-in av-zero-column-padding  column-top-margin'     ><p>\n<style type=\"text\/css\" data-created_by=\"avia_inline_auto\" id=\"style-css-av-k74yodf3-d66d174c788145b00d1844596f10095f\">\n#top .hr.hr-invisible.av-k74yodf3-d66d174c788145b00d1844596f10095f{\nheight:25px;\n}\n<\/style>\n<div  class='hr av-k74yodf3-d66d174c788145b00d1844596f10095f hr-invisible  avia-builder-el-12  el_before_av_image  avia-builder-el-first  av-medium-hide av-small-hide av-mini-hide'><span class='hr-inner '><span class=\"hr-inner-style\"><\/span><\/span><\/div><br \/>\n\n<style type=\"text\/css\" data-created_by=\"avia_inline_auto\" id=\"style-css-av-k7exqptx-3726299755dc380215707a8015bc3338\">\n.avia-image-container.av-k7exqptx-3726299755dc380215707a8015bc3338 img.avia_image{\nbox-shadow:none;\n}\n.avia-image-container.av-k7exqptx-3726299755dc380215707a8015bc3338 .av-image-caption-overlay-center{\ncolor:#ffffff;\n}\n<\/style>\n<div  class='avia-image-container av-k7exqptx-3726299755dc380215707a8015bc3338 av-styling- avia-align-center  avia-builder-el-13  el_after_av_hr  avia-builder-el-last  av-medium-hide av-small-hide av-mini-hide'   itemprop=\"image\" itemscope=\"itemscope\" itemtype=\"https:\/\/schema.org\/ImageObject\" ><div class=\"avia-image-container-inner\"><div class=\"avia-image-overlay-wrap\"><img decoding=\"async\" fetchpriority=\"high\" class='wp-image-6360 avia-img-lazy-loading-not-6360 avia_image ' src=\"https:\/\/rechtsanwalt.fr\/wp-content\/uploads\/2020\/03\/sabine_bournot_epp.jpg\" alt='Sabine Bournot Head of Development en Allemagne, EPP Rechtsanw\u00e4lte Avocats' title='Sabine Bournot Head of Development en Allemagne, EPP Rechtsanw\u00e4lte Avocats'  height=\"758\" width=\"1400\"  itemprop=\"thumbnailUrl\" srcset=\"https:\/\/rechtsanwalt.fr\/wp-content\/uploads\/2020\/03\/sabine_bournot_epp.jpg 1400w, https:\/\/rechtsanwalt.fr\/wp-content\/uploads\/2020\/03\/sabine_bournot_epp-300x162.jpg 300w, https:\/\/rechtsanwalt.fr\/wp-content\/uploads\/2020\/03\/sabine_bournot_epp-1030x558.jpg 1030w, https:\/\/rechtsanwalt.fr\/wp-content\/uploads\/2020\/03\/sabine_bournot_epp-768x416.jpg 768w, https:\/\/rechtsanwalt.fr\/wp-content\/uploads\/2020\/03\/sabine_bournot_epp-705x382.jpg 705w, https:\/\/rechtsanwalt.fr\/wp-content\/uploads\/2020\/03\/sabine_bournot_epp-450x244.jpg 450w, https:\/\/rechtsanwalt.fr\/wp-content\/uploads\/2020\/03\/sabine_bournot_epp-26x14.jpg 26w, https:\/\/rechtsanwalt.fr\/wp-content\/uploads\/2020\/03\/sabine_bournot_epp-36x19.jpg 36w, https:\/\/rechtsanwalt.fr\/wp-content\/uploads\/2020\/03\/sabine_bournot_epp-48x26.jpg 48w\" sizes=\"(max-width: 1400px) 100vw, 1400px\" \/><\/div><\/div><\/div><\/p><\/div>\n<style type=\"text\/css\" data-created_by=\"avia_inline_auto\" id=\"style-css-av-k74yodf3-2abbbb89789e14cee8fd565585bd32a6\">\n#top .hr.hr-invisible.av-k74yodf3-2abbbb89789e14cee8fd565585bd32a6{\nheight:40px;\n}\n<\/style>\n<div  class='hr av-k74yodf3-2abbbb89789e14cee8fd565585bd32a6 hr-invisible  avia-builder-el-14  el_after_av_three_fourth  el_before_av_hr  av-medium-hide av-small-hide av-mini-hide'><span class='hr-inner '><span class=\"hr-inner-style\"><\/span><\/span><\/div>\n\n<style type=\"text\/css\" data-created_by=\"avia_inline_auto\" id=\"style-css-av-k74yodf3-fa19a0547440145997781424d356af35\">\n#top .hr.hr-invisible.av-k74yodf3-fa19a0547440145997781424d356af35{\nheight:20px;\n}\n<\/style>\n<div  class='hr av-k74yodf3-fa19a0547440145997781424d356af35 hr-invisible  avia-builder-el-15  el_after_av_hr  avia-builder-el-last  av-desktop-hide'><span class='hr-inner '><span class=\"hr-inner-style\"><\/span><\/span><\/div>\n<\/div><\/div><\/main><!-- close content main element --><\/div><\/div><div id='av_section_2'  class='avia-section av-k7f0653e-f753c13c55d001ff6ae5572c98fae70d main_color avia-section-default avia-no-border-styling  avia-builder-el-16  el_after_av_section  el_before_av_codeblock  avia-bg-style-scroll container_wrap sidebar_left'  ><div class='container av-section-cont-open' ><div class='template-page content  av-content-small units'><div class='post-entry post-entry-type-page post-entry-6986'><div class='entry-content-wrapper clearfix'>\n\n<style type=\"text\/css\" data-created_by=\"avia_inline_auto\" id=\"style-css-av-9wkhy-7b3edb77dd2dadcc3c8b59ef25114041\">\n#top .flex_column.av-9wkhy-7b3edb77dd2dadcc3c8b59ef25114041{\nmargin-top:0px;\nmargin-bottom:0px;\n}\n.flex_column.av-9wkhy-7b3edb77dd2dadcc3c8b59ef25114041{\nborder-radius:8px 8px 8px 8px;\npadding:0px 0px 10px 0px;\n}\n.responsive #top #wrap_all .flex_column.av-9wkhy-7b3edb77dd2dadcc3c8b59ef25114041{\nmargin-top:0px;\nmargin-bottom:0px;\n}\n<\/style>\n<div  class='flex_column av-9wkhy-7b3edb77dd2dadcc3c8b59ef25114041 av_one_fourth  avia-builder-el-17  el_before_av_three_fourth  avia-builder-el-first  first no_margin flex_column_div  '     ><section  class='av_textblock_section av-k74yk2wx-8bbe8847c736750f122ca73183668527 '   itemscope=\"itemscope\" itemtype=\"https:\/\/schema.org\/CreativeWork\" ><div class='avia_textblock'  itemprop=\"text\" ><div id=\"person_leistungen_sidebar-bottom-title\">Bureaux<\/div>\n<div id=\"person_leistungen_sidebar-bottom\">\n<div class=\"leistungen_sidebar_svg\"><a href=\"https:\/\/rechtsanwalt.fr\/fr\/bureaux\/paris\/\"><img decoding=\"async\" src=\"https:\/\/rechtsanwalt.fr\/wp-content\/uploads\/2020\/06\/kachel_paris_epp.jpg\" alt=\"\" \/><\/a><\/div>\n<\/div>\n<\/div><\/section><br \/>\n\n<style type=\"text\/css\" data-created_by=\"avia_inline_auto\" id=\"style-css-av-k69kke7t-4cdd9ecfc49b68852dc1bfc73bdeebea\">\n#top .hr.hr-invisible.av-k69kke7t-4cdd9ecfc49b68852dc1bfc73bdeebea{\nheight:20px;\n}\n<\/style>\n<div  class='hr av-k69kke7t-4cdd9ecfc49b68852dc1bfc73bdeebea hr-invisible  avia-builder-el-19  el_after_av_textblock  avia-builder-el-last '><span class='hr-inner '><span class=\"hr-inner-style\"><\/span><\/span><\/div><\/p><\/div>\n<style type=\"text\/css\" data-created_by=\"avia_inline_auto\" id=\"style-css-av-2jljf-2c1b20233e0fbdf69867824ceedc5c62\">\n#top .flex_column.av-2jljf-2c1b20233e0fbdf69867824ceedc5c62{\nmargin-top:0px;\nmargin-bottom:0px;\n}\n.flex_column.av-2jljf-2c1b20233e0fbdf69867824ceedc5c62{\nborder-radius:0px 0px 0px 0px;\npadding:0px 0px 0px 0px;\n}\n.responsive #top #wrap_all .flex_column.av-2jljf-2c1b20233e0fbdf69867824ceedc5c62{\nmargin-top:0px;\nmargin-bottom:0px;\n}\n<\/style>\n<div  class='flex_column av-2jljf-2c1b20233e0fbdf69867824ceedc5c62 av_three_fourth  avia-builder-el-20  el_after_av_one_fourth  avia-builder-el-last  no_margin flex_column_div av-animated-generic fade-in  '     ><p>\n<style type=\"text\/css\" data-created_by=\"avia_inline_auto\" id=\"style-css-av-k69kke7t-4cdd9ecfc49b68852dc1bfc73bdeebea\">\n#top .hr.hr-invisible.av-k69kke7t-4cdd9ecfc49b68852dc1bfc73bdeebea{\nheight:20px;\n}\n<\/style>\n<div  class='hr av-k69kke7t-4cdd9ecfc49b68852dc1bfc73bdeebea hr-invisible  avia-builder-el-21  el_before_av_heading  avia-builder-el-first '><span class='hr-inner '><span class=\"hr-inner-style\"><\/span><\/span><\/div><br \/>\n\n<style type=\"text\/css\" data-created_by=\"avia_inline_auto\" id=\"style-css-av-3p8quy-60f644e9402406080b6adcd43d3d61e8\">\n#top .av-special-heading.av-3p8quy-60f644e9402406080b6adcd43d3d61e8{\nmargin:0 0 0 0;\npadding-bottom:0;\ncolor:#79808b;\nfont-size:24px;\n}\nbody .av-special-heading.av-3p8quy-60f644e9402406080b6adcd43d3d61e8 .av-special-heading-tag .heading-char{\nfont-size:25px;\n}\n#top #wrap_all .av-special-heading.av-3p8quy-60f644e9402406080b6adcd43d3d61e8 .av-special-heading-tag{\nfont-size:24px;\n}\n.av-special-heading.av-3p8quy-60f644e9402406080b6adcd43d3d61e8 .special-heading-inner-border{\nborder-color:#79808b;\n}\n.av-special-heading.av-3p8quy-60f644e9402406080b6adcd43d3d61e8 .av-subheading{\nfont-size:30px;\n}\n\n@media only screen and (min-width: 480px) and (max-width: 767px){ \n#top #wrap_all .av-special-heading.av-3p8quy-60f644e9402406080b6adcd43d3d61e8 .av-special-heading-tag{\nfont-size:0.8em;\n}\n}\n\n@media only screen and (max-width: 479px){ \n#top #wrap_all .av-special-heading.av-3p8quy-60f644e9402406080b6adcd43d3d61e8 .av-special-heading-tag{\nfont-size:0.8em;\n}\n}\n<\/style>\n<div  class='av-special-heading av-3p8quy-60f644e9402406080b6adcd43d3d61e8 av-special-heading-h2 custom-color-heading blockquote modern-quote  avia-builder-el-22  el_after_av_hr  el_before_av_hr  av-inherit-size av-linked-heading'><h2 class='av-special-heading-tag '  itemprop=\"headline\"  >Parcours<\/h2><div class=\"special-heading-border\"><div class=\"special-heading-inner-border\"><\/div><\/div><\/div><br \/>\n\n<style type=\"text\/css\" data-created_by=\"avia_inline_auto\" id=\"style-css-av-k69kke7t-2c856d95f992e2d54b792b84e8327ca6\">\n#top .hr.hr-invisible.av-k69kke7t-2c856d95f992e2d54b792b84e8327ca6{\nheight:10px;\n}\n<\/style>\n<div  class='hr av-k69kke7t-2c856d95f992e2d54b792b84e8327ca6 hr-invisible  avia-builder-el-23  el_after_av_heading  el_before_av_textblock '><span class='hr-inner '><span class=\"hr-inner-style\"><\/span><\/span><\/div><br \/>\n\n<style type=\"text\/css\" data-created_by=\"avia_inline_auto\" id=\"style-css-av-jgfdunv8-005e3661e214ab11a01a1ff15fac121c\">\n#top .av_textblock_section.av-jgfdunv8-005e3661e214ab11a01a1ff15fac121c .avia_textblock{\ncolor:#79808b;\n}\n<\/style>\n<section  class='av_textblock_section av-jgfdunv8-005e3661e214ab11a01a1ff15fac121c '   itemscope=\"itemscope\" itemtype=\"https:\/\/schema.org\/CreativeWork\" ><div class='avia_textblock personen_liste av_inherit_color'  itemprop=\"text\" ><ul>\n<li>1997 - 2001 Etudes de gestion \u00e0 l\u2019EBS European Business School \u00e0 Munich, Madrid, Dublin et Paris<\/li>\n<li>2001 - 2002 DESS Gestion et Marketing franco-allemands \u00e0 la Sorbonne, Paris<\/li>\n<li>2010 Formation \u00e0 la pratique de la r\u00e9alisation de cin\u00e9ma documentaire aux Ateliers Varan \u00e0 Paris<\/li>\n<li>1998 - 2018 Marketing et d\u00e9veloppement commercial \u00e0 l\u2019international et tout particuli\u00e8rement dans le franco-allemand dans divers cabinets, entreprises et institutions (HypoVereinsbank, Siemens, Barclaycard, Agence France Presse, Office europ\u00e9en des brevets, World Resources Company, VAT-Systems, COFFRA)<\/li>\n<li>2019 Entr\u00e9e au Cabinet Epp<\/li>\n<\/ul>\n<\/div><\/section><br \/>\n\n<style type=\"text\/css\" data-created_by=\"avia_inline_auto\" id=\"style-css-av-k69kke7t-3f3c4e147eca293cff81ec2bede0f1d7\">\n#top .hr.hr-invisible.av-k69kke7t-3f3c4e147eca293cff81ec2bede0f1d7{\nheight:25px;\n}\n<\/style>\n<div  class='hr av-k69kke7t-3f3c4e147eca293cff81ec2bede0f1d7 hr-invisible  avia-builder-el-25  el_after_av_textblock  el_before_av_heading '><span class='hr-inner '><span class=\"hr-inner-style\"><\/span><\/span><\/div><br \/>\n\n<style type=\"text\/css\" data-created_by=\"avia_inline_auto\" id=\"style-css-av-2cy9ze-ca498f832f3f3a8d5e9060d380cc641c\">\n#top .av-special-heading.av-2cy9ze-ca498f832f3f3a8d5e9060d380cc641c{\nmargin:0 0 0 0;\npadding-bottom:0;\ncolor:#79808b;\nfont-size:24px;\n}\nbody .av-special-heading.av-2cy9ze-ca498f832f3f3a8d5e9060d380cc641c .av-special-heading-tag .heading-char{\nfont-size:25px;\n}\n#top #wrap_all .av-special-heading.av-2cy9ze-ca498f832f3f3a8d5e9060d380cc641c .av-special-heading-tag{\nfont-size:24px;\n}\n.av-special-heading.av-2cy9ze-ca498f832f3f3a8d5e9060d380cc641c .special-heading-inner-border{\nborder-color:#79808b;\n}\n.av-special-heading.av-2cy9ze-ca498f832f3f3a8d5e9060d380cc641c .av-subheading{\nfont-size:30px;\n}\n\n@media only screen and (min-width: 480px) and (max-width: 767px){ \n#top #wrap_all .av-special-heading.av-2cy9ze-ca498f832f3f3a8d5e9060d380cc641c .av-special-heading-tag{\nfont-size:0.8em;\n}\n}\n\n@media only screen and (max-width: 479px){ \n#top #wrap_all .av-special-heading.av-2cy9ze-ca498f832f3f3a8d5e9060d380cc641c .av-special-heading-tag{\nfont-size:0.8em;\n}\n}\n<\/style>\n<div  class='av-special-heading av-2cy9ze-ca498f832f3f3a8d5e9060d380cc641c av-special-heading-h2 custom-color-heading blockquote modern-quote  avia-builder-el-26  el_after_av_hr  el_before_av_hr  av-inherit-size av-linked-heading'><h2 class='av-special-heading-tag '  itemprop=\"headline\"  >Domaines d\u2018activit\u00e9<\/h2><div class=\"special-heading-border\"><div class=\"special-heading-inner-border\"><\/div><\/div><\/div><br \/>\n\n<style type=\"text\/css\" data-created_by=\"avia_inline_auto\" id=\"style-css-av-k69kke7t-2c856d95f992e2d54b792b84e8327ca6\">\n#top .hr.hr-invisible.av-k69kke7t-2c856d95f992e2d54b792b84e8327ca6{\nheight:10px;\n}\n<\/style>\n<div  class='hr av-k69kke7t-2c856d95f992e2d54b792b84e8327ca6 hr-invisible  avia-builder-el-27  el_after_av_heading  el_before_av_textblock '><span class='hr-inner '><span class=\"hr-inner-style\"><\/span><\/span><\/div><br \/>\n\n<style type=\"text\/css\" data-created_by=\"avia_inline_auto\" id=\"style-css-av-jgfdunv8-005e3661e214ab11a01a1ff15fac121c\">\n#top .av_textblock_section.av-jgfdunv8-005e3661e214ab11a01a1ff15fac121c .avia_textblock{\ncolor:#79808b;\n}\n<\/style>\n<section  class='av_textblock_section av-jgfdunv8-005e3661e214ab11a01a1ff15fac121c '   itemscope=\"itemscope\" itemtype=\"https:\/\/schema.org\/CreativeWork\" ><div class='avia_textblock personen_liste av_inherit_color'  itemprop=\"text\" ><ul>\n<li>Business Development<br \/>\n- Planification strat\u00e9gique et mise en \u0153uvre des strat\u00e9gies adopt\u00e9es<br \/>\n- Mise en application des plans de d\u00e9veloppement<\/li>\n<li>Accompagnement des projets de d\u00e9veloppement<br \/>\n- Gestion et coordination de projets<br \/>\n- Optimisation des proc\u00e9dures<br \/>\n- Mise en \u0153uvre d\u2019actions commerciales<br \/>\n- Pilotage des mesures de gestion de la relation clients (CRM)<\/li>\n<li>Conception et coordination de campagnes Marketing, Communication et Relations Publiques<\/li>\n<li>Interlocutrice pour le d\u00e9veloppement de r\u00e9seaux, de coop\u00e9rations et de relations d\u2019affaires<\/li>\n<\/ul>\n<\/div><\/section><br \/>\n\n<style type=\"text\/css\" data-created_by=\"avia_inline_auto\" id=\"style-css-av-k69kke7t-2c856d95f992e2d54b792b84e8327ca6\">\n#top .hr.hr-invisible.av-k69kke7t-2c856d95f992e2d54b792b84e8327ca6{\nheight:10px;\n}\n<\/style>\n<div  class='hr av-k69kke7t-2c856d95f992e2d54b792b84e8327ca6 hr-invisible  avia-builder-el-29  el_after_av_textblock  avia-builder-el-last '><span class='hr-inner '><span class=\"hr-inner-style\"><\/span><\/span><\/div><\/p><\/div>\n<\/div><\/div><\/div><!-- close content main div --><\/div><\/div><div id='after_section_2'  class='main_color av_default_container_wrap container_wrap sidebar_left'  ><div class='container av-section-cont-open' ><div class='template-page content  av-content-small units'><div class='post-entry post-entry-type-page post-entry-6986'><div class='entry-content-wrapper clearfix'><\/p>\n\n\n<style type=\"text\/css\" data-created_by=\"avia_inline_auto\" id=\"style-css-av-k69kke7t-466be6ee6ebf4edad6328c687d1f1be9\">\n#top .hr.hr-invisible.av-k69kke7t-466be6ee6ebf4edad6328c687d1f1be9{\nheight:40px;\n}\n<\/style>\n<div  class='hr av-k69kke7t-466be6ee6ebf4edad6328c687d1f1be9 hr-invisible  avia-builder-el-31  el_after_av_codeblock  avia-builder-el-last '><span class='hr-inner '><span class=\"hr-inner-style\"><\/span><\/span><\/div>\n","protected":false},"excerpt":{"rendered":"","protected":false},"author":1,"featured_media":0,"parent":6662,"menu_order":0,"comment_status":"open","ping_status":"closed","template":"","meta":{"inline_featured_image":false,"footnotes":""},"class_list":["post-6986","page","type-page","status-publish","hentry"],"_links":{"self":[{"href":"https:\/\/rechtsanwalt.fr\/fr\/wp-json\/wp\/v2\/pages\/6986","targetHints":{"allow":["GET"]}}],"collection":[{"href":"https:\/\/rechtsanwalt.fr\/fr\/wp-json\/wp\/v2\/pages"}],"about":[{"href":"https:\/\/rechtsanwalt.fr\/fr\/wp-json\/wp\/v2\/types\/page"}],"author":[{"embeddable":true,"href":"https:\/\/rechtsanwalt.fr\/fr\/wp-json\/wp\/v2\/users\/1"}],"replies":[{"embeddable":true,"href":"https:\/\/rechtsanwalt.fr\/fr\/wp-json\/wp\/v2\/comments?post=6986"}],"version-history":[{"count":0,"href":"https:\/\/rechtsanwalt.fr\/fr\/wp-json\/wp\/v2\/pages\/6986\/revisions"}],"up":[{"embeddable":true,"href":"https:\/\/rechtsanwalt.fr\/fr\/wp-json\/wp\/v2\/pages\/6662"}],"wp:attachment":[{"href":"https:\/\/rechtsanwalt.fr\/fr\/wp-json\/wp\/v2\/media?parent=6986"}],"curies":[{"name":"wp","href":"https:\/\/api.w.org\/{rel}","templated":true}]}}