{"id":7287,"date":"2020-05-12T12:05:34","date_gmt":"2020-05-12T10:05:34","guid":{"rendered":"https:\/\/rechtsanwalt.fr\/publikationen\/"},"modified":"2025-03-04T16:26:22","modified_gmt":"2025-03-04T15:26:22","slug":"publications","status":"publish","type":"page","link":"https:\/\/rechtsanwalt.fr\/fr\/publications\/","title":{"rendered":"Publications"},"content":{"rendered":"\n<style type=\"text\/css\" data-created_by=\"avia_inline_auto\" id=\"style-css-av-145nae-f124a23e044d61a75e20e5c85d7cdb82\">\n.avia-section.av-145nae-f124a23e044d61a75e20e5c85d7cdb82{\nbackground-repeat:no-repeat;\nbackground-image:url(https:\/\/rechtsanwalt.fr\/wp-content\/uploads\/2021\/06\/publikationen_epp_slim.jpg);\nbackground-position:0% 0%;\nbackground-attachment:scroll;\nmargin-top:0px;\nmargin-bottom:0px;\n}\n<\/style>\n<div id='publikationen_background_img'  class='avia-section av-145nae-f124a23e044d61a75e20e5c85d7cdb82 main_color avia-section-no-padding avia-no-border-styling  avia-builder-el-0  el_before_av_section  avia-builder-el-first  av-small-hide av-mini-hide avia-full-contain avia-bg-style-scroll container_wrap sidebar_left'  data-section-bg-repeat='contain'><div class='container av-section-cont-open' ><main  role=\"main\" itemprop=\"mainContentOfPage\"  class='template-page content  av-content-small units'><div class='post-entry post-entry-type-page post-entry-7287'><div class='entry-content-wrapper clearfix'>\n\n<style type=\"text\/css\" data-created_by=\"avia_inline_auto\" id=\"style-css-av-jgf3pjem-9af156a9dbbfc9d70aaad231febfdd42\">\n.flex_column.av-jgf3pjem-9af156a9dbbfc9d70aaad231febfdd42{\nborder-radius:0px 0px 0px 0px;\n}\n<\/style>\n<div  class='flex_column av-jgf3pjem-9af156a9dbbfc9d70aaad231febfdd42 av_one_full  avia-builder-el-1  avia-builder-el-no-sibling  first flex_column_div av-animated-generic fade-in  '     ><style type=\"text\/css\" data-created_by=\"avia_inline_auto\" id=\"style-css-av-kb7sc4aa-328267e032858bd893b5e8f55c4e64f7\">\n#top .av-special-heading.av-kb7sc4aa-328267e032858bd893b5e8f55c4e64f7{\npadding-bottom:0;\ncolor:#ffffff;\nfont-size:36px;\n}\nbody .av-special-heading.av-kb7sc4aa-328267e032858bd893b5e8f55c4e64f7 .av-special-heading-tag .heading-char{\nfont-size:25px;\n}\n#top #wrap_all .av-special-heading.av-kb7sc4aa-328267e032858bd893b5e8f55c4e64f7 .av-special-heading-tag{\nfont-size:36px;\n}\n.av-special-heading.av-kb7sc4aa-328267e032858bd893b5e8f55c4e64f7 .special-heading-inner-border{\nborder-color:#ffffff;\n}\n.av-special-heading.av-kb7sc4aa-328267e032858bd893b5e8f55c4e64f7 .av-subheading{\nfont-size:25px;\n}\n\n@media only screen and (min-width: 480px) and (max-width: 767px){ \n#top #wrap_all .av-special-heading.av-kb7sc4aa-328267e032858bd893b5e8f55c4e64f7 .av-special-heading-tag{\nfont-size:0.8em;\n}\n}\n\n@media only screen and (max-width: 479px){ \n#top #wrap_all .av-special-heading.av-kb7sc4aa-328267e032858bd893b5e8f55c4e64f7 .av-special-heading-tag{\nfont-size:0.8em;\n}\n}\n<\/style>\n<div  class='av-special-heading av-kb7sc4aa-328267e032858bd893b5e8f55c4e64f7 av-special-heading-h1 custom-color-heading blockquote modern-quote  avia-builder-el-2  avia-builder-el-no-sibling  av-inherit-size'><h1 class='av-special-heading-tag '  itemprop=\"headline\"  >Publications<\/h1><div class=\"special-heading-border\"><div class=\"special-heading-inner-border\"><\/div><\/div><\/div><\/div>\n\n<\/div><\/div><\/main><!-- close content main element --><\/div><\/div>\n<style type=\"text\/css\" data-created_by=\"avia_inline_auto\" id=\"style-css-av-kpy34ry0-70a98a950aef03160a0973682a705a4d\">\n.avia-section.av-kpy34ry0-70a98a950aef03160a0973682a705a4d{\nbackground-repeat:no-repeat;\nbackground-image:url(https:\/\/rechtsanwalt.fr\/wp-content\/uploads\/2021\/06\/publikationen_epp_mobile.jpg);\nbackground-position:0% 0%;\nbackground-attachment:scroll;\nmargin-top:0px;\nmargin-bottom:0px;\n}\n<\/style>\n<div id='publikationen_background_img'  class='avia-section av-kpy34ry0-70a98a950aef03160a0973682a705a4d main_color avia-section-no-padding avia-no-border-styling  avia-builder-el-3  el_after_av_section  el_before_av_section  av-desktop-hide av-medium-hide avia-full-contain avia-bg-style-scroll container_wrap sidebar_left'  data-section-bg-repeat='contain'><div class='container av-section-cont-open' ><div class='template-page content  av-content-small units'><div class='post-entry post-entry-type-page post-entry-7287'><div class='entry-content-wrapper clearfix'>\n\n<style type=\"text\/css\" data-created_by=\"avia_inline_auto\" id=\"style-css-av-cx1qf-ad7efaa6ce94a1ac1b50a15c10ec677d\">\n.flex_column.av-cx1qf-ad7efaa6ce94a1ac1b50a15c10ec677d{\nborder-radius:0px 0px 0px 0px;\n}\n<\/style>\n<div  class='flex_column av-cx1qf-ad7efaa6ce94a1ac1b50a15c10ec677d av_one_full  avia-builder-el-4  avia-builder-el-no-sibling  first flex_column_div av-animated-generic fade-in  '     ><style type=\"text\/css\" data-created_by=\"avia_inline_auto\" id=\"style-css-av-28vw5j-5e8a1ef453dcfea357163ecf948f71a0\">\n#top .av-special-heading.av-28vw5j-5e8a1ef453dcfea357163ecf948f71a0{\npadding-bottom:0;\ncolor:#ffffff;\nfont-size:36px;\n}\nbody .av-special-heading.av-28vw5j-5e8a1ef453dcfea357163ecf948f71a0 .av-special-heading-tag .heading-char{\nfont-size:25px;\n}\n#top #wrap_all .av-special-heading.av-28vw5j-5e8a1ef453dcfea357163ecf948f71a0 .av-special-heading-tag{\nfont-size:36px;\n}\n.av-special-heading.av-28vw5j-5e8a1ef453dcfea357163ecf948f71a0 .special-heading-inner-border{\nborder-color:#ffffff;\n}\n.av-special-heading.av-28vw5j-5e8a1ef453dcfea357163ecf948f71a0 .av-subheading{\nfont-size:25px;\n}\n\n@media only screen and (min-width: 480px) and (max-width: 767px){ \n#top #wrap_all .av-special-heading.av-28vw5j-5e8a1ef453dcfea357163ecf948f71a0 .av-special-heading-tag{\nfont-size:0.8em;\n}\n}\n\n@media only screen and (max-width: 479px){ \n#top #wrap_all .av-special-heading.av-28vw5j-5e8a1ef453dcfea357163ecf948f71a0 .av-special-heading-tag{\nfont-size:0.8em;\n}\n}\n<\/style>\n<div  class='av-special-heading av-28vw5j-5e8a1ef453dcfea357163ecf948f71a0 av-special-heading-h1 custom-color-heading blockquote modern-quote  avia-builder-el-5  avia-builder-el-no-sibling  av-inherit-size'><h1 class='av-special-heading-tag '  itemprop=\"headline\"  >Publications<\/h1><div class=\"special-heading-border\"><div class=\"special-heading-inner-border\"><\/div><\/div><\/div><\/div>\n\n<\/div><\/div><\/div><!-- close content main div --><\/div><\/div>\n<style type=\"text\/css\" data-created_by=\"avia_inline_auto\" id=\"style-css-av-kpy3a5yh-1729c5cc19dd4d45dd594f4505de0f65\">\n.avia-section.av-kpy3a5yh-1729c5cc19dd4d45dd594f4505de0f65{\nbackground-color:#f6f7f8;\nbackground-image:unset;\n}\n<\/style>\n<div id='av_section_3'  class='avia-section av-kpy3a5yh-1729c5cc19dd4d45dd594f4505de0f65 main_color avia-section-default avia-no-border-styling  avia-builder-el-6  el_after_av_section  avia-builder-el-last  avia-bg-style-scroll container_wrap sidebar_left'  ><div class='container av-section-cont-open' ><div class='template-page content  av-content-small units'><div class='post-entry post-entry-type-page post-entry-7287'><div class='entry-content-wrapper clearfix'>\n\n<style type=\"text\/css\" data-created_by=\"avia_inline_auto\" id=\"style-css-av-5httic-18fba0de62cd6ab1e41b09c226183c05\">\n.flex_column.av-5httic-18fba0de62cd6ab1e41b09c226183c05{\nborder-radius:0px 0px 0px 0px;\npadding:20px 0px 0px 0px;\n}\n<\/style>\n<div  class='flex_column av-5httic-18fba0de62cd6ab1e41b09c226183c05 av_one_third  avia-builder-el-7  el_before_av_two_third  avia-builder-el-first  first flex_column_div av-animated-generic fade-in  '     ><p>\n<style type=\"text\/css\" data-created_by=\"avia_inline_auto\" id=\"style-css-av-edzlj-6e5f7a15420fb7fe6db05a5ddb53a71c\">\n#top .av-special-heading.av-edzlj-6e5f7a15420fb7fe6db05a5ddb53a71c{\nmargin:0 0 0 0;\npadding-bottom:0;\ncolor:#79808b;\nfont-size:24px;\n}\nbody .av-special-heading.av-edzlj-6e5f7a15420fb7fe6db05a5ddb53a71c .av-special-heading-tag .heading-char{\nfont-size:25px;\n}\n#top #wrap_all .av-special-heading.av-edzlj-6e5f7a15420fb7fe6db05a5ddb53a71c .av-special-heading-tag{\nfont-size:24px;\n}\n.av-special-heading.av-edzlj-6e5f7a15420fb7fe6db05a5ddb53a71c .special-heading-inner-border{\nborder-color:#79808b;\n}\n.av-special-heading.av-edzlj-6e5f7a15420fb7fe6db05a5ddb53a71c .av-subheading{\nfont-size:30px;\n}\n\n@media only screen and (min-width: 480px) and (max-width: 767px){ \n#top #wrap_all .av-special-heading.av-edzlj-6e5f7a15420fb7fe6db05a5ddb53a71c .av-special-heading-tag{\nfont-size:0.8em;\n}\n}\n\n@media only screen and (max-width: 479px){ \n#top #wrap_all .av-special-heading.av-edzlj-6e5f7a15420fb7fe6db05a5ddb53a71c .av-special-heading-tag{\nfont-size:0.8em;\n}\n}\n<\/style>\n<div  class='av-special-heading av-edzlj-6e5f7a15420fb7fe6db05a5ddb53a71c av-special-heading-h2 custom-color-heading blockquote modern-quote  avia-builder-el-8  el_before_av_textblock  avia-builder-el-first  av-inherit-size av-linked-heading'><h2 class='av-special-heading-tag '  itemprop=\"headline\"  >La Nouvelle<\/h2><div class=\"special-heading-border\"><div class=\"special-heading-inner-border\"><\/div><\/div><\/div><br \/>\n<section  class='av_textblock_section av-kapdhzaj-a9219b12881c26605358ed640e2a4685 '   itemscope=\"itemscope\" itemtype=\"https:\/\/schema.org\/CreativeWork\" ><div class='avia_textblock publikationen_sidebar_text'  itemprop=\"text\" ><p>Dans le magazine juridique \"La Nouvelle\" de notre Cabinet, vous trouverez des informations sur tous les domaines essentiels du droit allemand des affaires, expos\u00e9es de mani\u00e8re claire, synth\u00e9tique et pratique.<\/p>\n<\/div><\/section><br \/>\n\n<style type=\"text\/css\" data-created_by=\"avia_inline_auto\" id=\"style-css-av-ka3rc3dm-86410fe8aed4562b0346e54badf1739d\">\n#top .hr.hr-invisible.av-ka3rc3dm-86410fe8aed4562b0346e54badf1739d{\nheight:20px;\n}\n<\/style>\n<div  class='hr av-ka3rc3dm-86410fe8aed4562b0346e54badf1739d hr-invisible  avia-builder-el-10  el_after_av_textblock  el_before_av_codeblock '><span class='hr-inner '><span class=\"hr-inner-style\"><\/span><\/span><\/div><br \/>\n<\/p><\/div>\n<style type=\"text\/css\" data-created_by=\"avia_inline_auto\" id=\"style-css-av-4pnl5w-cf1bd3d1b0622f3ff64ca11b8a4a7dfb\">\n.flex_column.av-4pnl5w-cf1bd3d1b0622f3ff64ca11b8a4a7dfb{\nborder-radius:0px 0px 0px 0px;\npadding:20px 0px 0px 0px;\n}\n<\/style>\n<div  class='flex_column av-4pnl5w-cf1bd3d1b0622f3ff64ca11b8a4a7dfb av_two_third  avia-builder-el-12  el_after_av_one_third  el_before_av_hr  flex_column_div av-animated-generic fade-in  '     ><p>\n<style type=\"text\/css\" data-created_by=\"avia_inline_auto\" id=\"style-css-av-2re9cn-72f3e7bf32b0eb956e3f9b0fdf1b35d6\">\n#top .av-special-heading.av-2re9cn-72f3e7bf32b0eb956e3f9b0fdf1b35d6{\nmargin:0 0 0 0;\npadding-bottom:0;\ncolor:#79808b;\nfont-size:24px;\n}\nbody .av-special-heading.av-2re9cn-72f3e7bf32b0eb956e3f9b0fdf1b35d6 .av-special-heading-tag .heading-char{\nfont-size:25px;\n}\n#top #wrap_all .av-special-heading.av-2re9cn-72f3e7bf32b0eb956e3f9b0fdf1b35d6 .av-special-heading-tag{\nfont-size:24px;\n}\n.av-special-heading.av-2re9cn-72f3e7bf32b0eb956e3f9b0fdf1b35d6 .special-heading-inner-border{\nborder-color:#79808b;\n}\n.av-special-heading.av-2re9cn-72f3e7bf32b0eb956e3f9b0fdf1b35d6 .av-subheading{\nfont-size:30px;\n}\n\n@media only screen and (min-width: 480px) and (max-width: 767px){ \n#top #wrap_all .av-special-heading.av-2re9cn-72f3e7bf32b0eb956e3f9b0fdf1b35d6 .av-special-heading-tag{\nfont-size:0.8em;\n}\n}\n\n@media only screen and (max-width: 479px){ \n#top #wrap_all .av-special-heading.av-2re9cn-72f3e7bf32b0eb956e3f9b0fdf1b35d6 .av-special-heading-tag{\nfont-size:0.8em;\n}\n}\n<\/style>\n<div  class='av-special-heading av-2re9cn-72f3e7bf32b0eb956e3f9b0fdf1b35d6 av-special-heading-h2 custom-color-heading blockquote modern-quote  avia-builder-el-13  el_before_av_textblock  avia-builder-el-first  av-inherit-size av-linked-heading'><h2 class='av-special-heading-tag '  itemprop=\"headline\"  >Nos publications en droit allemand<\/h2><div class=\"special-heading-border\"><div class=\"special-heading-inner-border\"><\/div><\/div><\/div><br \/>\n<section  class='av_textblock_section av-kapdhzaj-3-034ff50e7e5e8ac6212ccca161708c74 '   itemscope=\"itemscope\" itemtype=\"https:\/\/schema.org\/CreativeWork\" ><div class='avia_textblock publikationen_content_text'  itemprop=\"text\" ><p>Si vous souhaitez approfondir certaines th\u00e9matiques, vous trouverez dans cette rubrique un grand nombre d\u2019articles de fond r\u00e9dig\u00e9s en langue fran\u00e7aise par nos avocats franco-allemands dans les principaux domaines du droit allemand des affaires.<\/p>\n<\/div><\/section><br \/>\n\n<style type=\"text\/css\" data-created_by=\"avia_inline_auto\" id=\"style-css-av-ka3rc3dm-2-9a398399b4e824bd8493e366e9583898\">\n#top .hr.hr-invisible.av-ka3rc3dm-2-9a398399b4e824bd8493e366e9583898{\nheight:20px;\n}\n<\/style>\n<div  class='hr av-ka3rc3dm-2-9a398399b4e824bd8493e366e9583898 hr-invisible  avia-builder-el-15  el_after_av_textblock  el_before_av_codeblock '><span class='hr-inner '><span class=\"hr-inner-style\"><\/span><\/span><\/div><br \/>\n<\/p><\/div>\n<style type=\"text\/css\" data-created_by=\"avia_inline_auto\" id=\"style-css-av-k8ek3qi7-b9d886419cbe09d2fe80db0514f1a5ab\">\n#top .hr.hr-invisible.av-k8ek3qi7-b9d886419cbe09d2fe80db0514f1a5ab{\nheight:80px;\n}\n<\/style>\n<div  class='hr av-k8ek3qi7-b9d886419cbe09d2fe80db0514f1a5ab hr-invisible  avia-builder-el-17  el_after_av_two_third  avia-builder-el-last '><span class='hr-inner '><span class=\"hr-inner-style\"><\/span><\/span><\/div>\n<\/div><\/div><\/div><!-- close content main div --><\/div><\/div><div id='after_section_3'  class='main_color av_default_container_wrap container_wrap sidebar_left'  ><div class='container av-section-cont-open' ><div class='template-page content  av-content-small units'><div class='post-entry post-entry-type-page post-entry-7287'><div class='entry-content-wrapper clearfix'>\n","protected":false},"excerpt":{"rendered":"","protected":false},"author":1,"featured_media":0,"parent":0,"menu_order":0,"comment_status":"closed","ping_status":"closed","template":"","meta":{"inline_featured_image":false,"footnotes":""},"class_list":["post-7287","page","type-page","status-publish","hentry"],"_links":{"self":[{"href":"https:\/\/rechtsanwalt.fr\/fr\/wp-json\/wp\/v2\/pages\/7287","targetHints":{"allow":["GET"]}}],"collection":[{"href":"https:\/\/rechtsanwalt.fr\/fr\/wp-json\/wp\/v2\/pages"}],"about":[{"href":"https:\/\/rechtsanwalt.fr\/fr\/wp-json\/wp\/v2\/types\/page"}],"author":[{"embeddable":true,"href":"https:\/\/rechtsanwalt.fr\/fr\/wp-json\/wp\/v2\/users\/1"}],"replies":[{"embeddable":true,"href":"https:\/\/rechtsanwalt.fr\/fr\/wp-json\/wp\/v2\/comments?post=7287"}],"version-history":[{"count":0,"href":"https:\/\/rechtsanwalt.fr\/fr\/wp-json\/wp\/v2\/pages\/7287\/revisions"}],"wp:attachment":[{"href":"https:\/\/rechtsanwalt.fr\/fr\/wp-json\/wp\/v2\/media?parent=7287"}],"curies":[{"name":"wp","href":"https:\/\/api.w.org\/{rel}","templated":true}]}}